{"id":5387,"date":"2021-09-06T14:02:18","date_gmt":"2021-09-06T19:02:18","guid":{"rendered":"https:\/\/garrcorpcomputer.com\/?post_type=product&#038;p=5387"},"modified":"2021-09-06T18:39:04","modified_gmt":"2021-09-06T23:39:04","slug":"pulsera","status":"publish","type":"product","link":"https:\/\/garrcorpcomputer.com\/index.php\/producto\/pulsera\/","title":{"rendered":"Pulsera de hilo ref 01"},"content":{"rendered":"<ul>\n<li>Pulsera en hilo chino negro<\/li>\n<li>2 piedras verdes<\/li>\n<li>2 piedras caf\u00e9<\/li>\n<li>4 balines<\/li>\n<\/ul>\n<p>&nbsp;<\/p>\n","protected":false},"excerpt":{"rendered":"<p>1 unidad disponible<\/p>\n","protected":false},"featured_media":5391,"comment_status":"closed","ping_status":"closed","template":"","meta":{"om_disable_all_campaigns":false,"_mi_skip_tracking":false,"spay_email":"","jetpack_publicize_message":"","jetpack_is_tweetstorm":false},"product_cat":[324,72],"product_tag":[],"jetpack_publicize_connections":[],"jetpack-related-posts":[{"id":5410,"url":"https:\/\/garrcorpcomputer.com\/index.php\/producto\/top-en-crochet-ref-03\/","url_meta":{"origin":5387,"position":0},"title":"Top en crochet Ref 03","date":"6 de septiembre de 2021","format":false,"excerpt":"1 unidad disponible talla 34","rel":"","context":"Entrada similar","img":{"alt_text":"","src":"https:\/\/i1.wp.com\/garrcorpcomputer.com\/wp-content\/uploads\/2021\/09\/captura-de-pantalla2.png?fit=344%2C296&ssl=1&resize=350%2C200","width":350,"height":200},"classes":[]},{"id":4329,"url":"https:\/\/garrcorpcomputer.com\/index.php\/producto\/combo-4-en-1-gamer-alambrico-gt2c-ref-11011\/","url_meta":{"origin":5387,"position":1},"title":"COMBO 4 EN 1 GAMER ALAMBRICO GT2C REF 11011","date":"30 de agosto de 2021","format":false,"excerpt":"TECLADO EN ESPA\u00d1OL 105 TECLAS TECLADO SILENCIOSO SONIDO DE ALTA FIDELIDAD","rel":"","context":"Entrada similar","img":{"alt_text":"","src":"https:\/\/i2.wp.com\/garrcorpcomputer.com\/wp-content\/uploads\/2021\/08\/COMBO-GAMER-7.png?fit=701%2C592&ssl=1&resize=350%2C200","width":350,"height":200},"classes":[]},{"id":4238,"url":"https:\/\/garrcorpcomputer.com\/index.php\/producto\/diadema-gamer-misde-h7-ref-1126g-4\/","url_meta":{"origin":5387,"position":2},"title":"Diadema Gamer misde H7 Ref 1126G-4","date":"28 de agosto de 2021","format":false,"excerpt":"Interfaz de 3.5 mm de 2 plug para audio y micr\u00f3fono Interfaz USB para energ\u00eda Iluminaci\u00f3n LED multicolor Micr\u00f3fono y control de volumen en auricular Banda ajustable Cable de 2 metros Conexion USB Plug and Play","rel":"","context":"Entrada similar","img":{"alt_text":"","src":"https:\/\/i2.wp.com\/garrcorpcomputer.com\/wp-content\/uploads\/2021\/08\/diadema-15.png?fit=360%2C471&ssl=1&resize=350%2C200","width":350,"height":200},"classes":[]},{"id":5398,"url":"https:\/\/garrcorpcomputer.com\/index.php\/producto\/top-en-crochet-ref-01\/","url_meta":{"origin":5387,"position":3},"title":"Top en crochet Ref 01","date":"6 de septiembre de 2021","format":false,"excerpt":"1 unidad dispoble Talla 34 \u00a0","rel":"","context":"Entrada similar","img":{"alt_text":"","src":"https:\/\/i2.wp.com\/garrcorpcomputer.com\/wp-content\/uploads\/2021\/09\/1captura-de-pantalla.png?fit=830%2C537&ssl=1&resize=350%2C200","width":350,"height":200},"classes":[]},{"id":5884,"url":"https:\/\/garrcorpcomputer.com\/index.php\/producto\/diadema-usb-jaltech-ref-q2\/","url_meta":{"origin":5387,"position":4},"title":"Diadema USB Jaltech Ref Q2","date":"13 de septiembre de 2021","format":false,"excerpt":"Conexi\u00f3n USB Control de volumen en solapa Cable 2 mtr Cancelaci\u00f3n de ruido","rel":"","context":"Con 1 comentario","img":{"alt_text":"","src":"https:\/\/i0.wp.com\/garrcorpcomputer.com\/wp-content\/uploads\/2021\/09\/diadema-6.png?fit=373%2C413&ssl=1&resize=350%2C200","width":350,"height":200},"classes":[]},{"id":6001,"url":"https:\/\/garrcorpcomputer.com\/index.php\/producto\/speaker-urban-ref-it-01\/","url_meta":{"origin":5387,"position":5},"title":"Speaker urban Ref IT-01","date":"15 de septiembre de 2021","format":false,"excerpt":"Potencia 3Wx2 Bater\u00eda 1.200 mAh Luces RGB Ranura micro SD Radio FM Bluetooth Conexi\u00f3n TWS Aux, USB micr\u00f3fono Tama\u00f1o 170 x 62 x 75mm","rel":"","context":"Con 1 comentario","img":{"alt_text":"","src":"https:\/\/i2.wp.com\/garrcorpcomputer.com\/wp-content\/uploads\/2021\/09\/sonido-1.png?fit=441%2C234&ssl=1&resize=350%2C200","width":350,"height":200},"classes":[]}],"jetpack_sharing_enabled":true,"_links":{"self":[{"href":"https:\/\/garrcorpcomputer.com\/index.php\/wp-json\/wp\/v2\/product\/5387"}],"collection":[{"href":"https:\/\/garrcorpcomputer.com\/index.php\/wp-json\/wp\/v2\/product"}],"about":[{"href":"https:\/\/garrcorpcomputer.com\/index.php\/wp-json\/wp\/v2\/types\/product"}],"replies":[{"embeddable":true,"href":"https:\/\/garrcorpcomputer.com\/index.php\/wp-json\/wp\/v2\/comments?post=5387"}],"version-history":[{"count":0,"href":"https:\/\/garrcorpcomputer.com\/index.php\/wp-json\/wp\/v2\/product\/5387\/revisions"}],"wp:featuredmedia":[{"embeddable":true,"href":"https:\/\/garrcorpcomputer.com\/index.php\/wp-json\/wp\/v2\/media\/5391"}],"wp:attachment":[{"href":"https:\/\/garrcorpcomputer.com\/index.php\/wp-json\/wp\/v2\/media?parent=5387"}],"wp:term":[{"taxonomy":"product_cat","embeddable":true,"href":"https:\/\/garrcorpcomputer.com\/index.php\/wp-json\/wp\/v2\/product_cat?post=5387"},{"taxonomy":"product_tag","embeddable":true,"href":"https:\/\/garrcorpcomputer.com\/index.php\/wp-json\/wp\/v2\/product_tag?post=5387"}],"curies":[{"name":"wp","href":"https:\/\/api.w.org\/{rel}","templated":true}]}}