{"id":5398,"date":"2021-09-06T15:17:30","date_gmt":"2021-09-06T20:17:30","guid":{"rendered":"https:\/\/garrcorpcomputer.com\/?post_type=product&#038;p=5398"},"modified":"2022-08-05T18:47:47","modified_gmt":"2022-08-05T23:47:47","slug":"top-en-crochet-ref-01","status":"publish","type":"product","link":"https:\/\/garrcorpcomputer.com\/index.php\/producto\/top-en-crochet-ref-01\/","title":{"rendered":"Top en crochet Ref 01"},"content":{"rendered":"<ul>\n<li>Top en crochet<\/li>\n<li><span class=\"a-list-item\">Top corto\u00a0<\/span><\/li>\n<li>Contorno de espalda 74<\/li>\n<\/ul>\n","protected":false},"excerpt":{"rendered":"<ul>\n<li>1 unidad dispoble<\/li>\n<li>Talla 34<\/li>\n<\/ul>\n<p>&nbsp;<\/p>\n","protected":false},"featured_media":5401,"comment_status":"closed","ping_status":"closed","template":"","meta":{"om_disable_all_campaigns":false,"_mi_skip_tracking":false,"spay_email":"","jetpack_publicize_message":"","jetpack_is_tweetstorm":false},"product_cat":[72,73],"product_tag":[],"jetpack_publicize_connections":[],"jetpack-related-posts":[{"id":5410,"url":"https:\/\/garrcorpcomputer.com\/index.php\/producto\/top-en-crochet-ref-03\/","url_meta":{"origin":5398,"position":0},"title":"Top en crochet Ref 03","date":"6 de septiembre de 2021","format":false,"excerpt":"1 unidad disponible talla 34","rel":"","context":"Entrada similar","img":{"alt_text":"","src":"https:\/\/i1.wp.com\/garrcorpcomputer.com\/wp-content\/uploads\/2021\/09\/captura-de-pantalla2.png?fit=344%2C296&ssl=1&resize=350%2C200","width":350,"height":200},"classes":[]},{"id":5404,"url":"https:\/\/garrcorpcomputer.com\/index.php\/producto\/top-en-crochet-02\/","url_meta":{"origin":5398,"position":1},"title":"Top en crochet 02","date":"6 de septiembre de 2021","format":false,"excerpt":"1 unidad disponible Talla 34 \u00a0","rel":"","context":"Entrada similar","img":{"alt_text":"","src":"https:\/\/i2.wp.com\/garrcorpcomputer.com\/wp-content\/uploads\/2021\/09\/top-2.jpg?fit=361%2C303&ssl=1&resize=350%2C200","width":350,"height":200},"classes":[]},{"id":5387,"url":"https:\/\/garrcorpcomputer.com\/index.php\/producto\/pulsera\/","url_meta":{"origin":5398,"position":2},"title":"Pulsera de hilo ref 01","date":"6 de septiembre de 2021","format":false,"excerpt":"1 unidad disponible","rel":"","context":"Entrada similar","img":{"alt_text":"","src":"","width":0,"height":0},"classes":[]},{"id":6001,"url":"https:\/\/garrcorpcomputer.com\/index.php\/producto\/speaker-urban-ref-it-01\/","url_meta":{"origin":5398,"position":3},"title":"Speaker urban Ref IT-01","date":"15 de septiembre de 2021","format":false,"excerpt":"Potencia 3Wx2 Bater\u00eda 1.200 mAh Luces RGB Ranura micro SD Radio FM Bluetooth Conexi\u00f3n TWS Aux, USB micr\u00f3fono Tama\u00f1o 170 x 62 x 75mm","rel":"","context":"Con 1 comentario","img":{"alt_text":"","src":"https:\/\/i2.wp.com\/garrcorpcomputer.com\/wp-content\/uploads\/2021\/09\/sonido-1.png?fit=441%2C234&ssl=1&resize=350%2C200","width":350,"height":200},"classes":[]},{"id":5979,"url":"https:\/\/garrcorpcomputer.com\/index.php\/producto\/vektor-3600-ac-ref-nw230nxt98\/","url_meta":{"origin":5398,"position":4},"title":"Vektor 3600- AC Ref NW230NXT98","date":"15 de septiembre de 2021","format":false,"excerpt":"Red de comunicaci\u00f3n para toda la casa que respalda hasta 30 dispositivos conectados simult\u00e1neamente Tecnolog\u00eda True Mesh, un enfoque m\u00e1s eficiente en redes inal\u00e1mbricas Velocidades combinadas AC3600.1200Mbps por nodo (300Mbps a 2.4GHz \/ 867Mbps a 5.0GHz) F\u00e1cil configuraci\u00f3n a trav\u00e9s de tu aplicaci\u00f3n m\u00f3vil NEXXT Wireless NEXXT Cloud para estatus\u2026","rel":"","context":"Con 1 comentario","img":{"alt_text":"","src":"https:\/\/i1.wp.com\/garrcorpcomputer.com\/wp-content\/uploads\/2021\/09\/redes.png?fit=381%2C263&ssl=1&resize=350%2C200","width":350,"height":200},"classes":[]},{"id":4329,"url":"https:\/\/garrcorpcomputer.com\/index.php\/producto\/combo-4-en-1-gamer-alambrico-gt2c-ref-11011\/","url_meta":{"origin":5398,"position":5},"title":"COMBO 4 EN 1 GAMER ALAMBRICO GT2C REF 11011","date":"30 de agosto de 2021","format":false,"excerpt":"TECLADO EN ESPA\u00d1OL 105 TECLAS TECLADO SILENCIOSO SONIDO DE ALTA FIDELIDAD","rel":"","context":"Entrada similar","img":{"alt_text":"","src":"https:\/\/i2.wp.com\/garrcorpcomputer.com\/wp-content\/uploads\/2021\/08\/COMBO-GAMER-7.png?fit=701%2C592&ssl=1&resize=350%2C200","width":350,"height":200},"classes":[]}],"jetpack_sharing_enabled":true,"_links":{"self":[{"href":"https:\/\/garrcorpcomputer.com\/index.php\/wp-json\/wp\/v2\/product\/5398"}],"collection":[{"href":"https:\/\/garrcorpcomputer.com\/index.php\/wp-json\/wp\/v2\/product"}],"about":[{"href":"https:\/\/garrcorpcomputer.com\/index.php\/wp-json\/wp\/v2\/types\/product"}],"replies":[{"embeddable":true,"href":"https:\/\/garrcorpcomputer.com\/index.php\/wp-json\/wp\/v2\/comments?post=5398"}],"version-history":[{"count":1,"href":"https:\/\/garrcorpcomputer.com\/index.php\/wp-json\/wp\/v2\/product\/5398\/revisions"}],"predecessor-version":[{"id":6116,"href":"https:\/\/garrcorpcomputer.com\/index.php\/wp-json\/wp\/v2\/product\/5398\/revisions\/6116"}],"wp:featuredmedia":[{"embeddable":true,"href":"https:\/\/garrcorpcomputer.com\/index.php\/wp-json\/wp\/v2\/media\/5401"}],"wp:attachment":[{"href":"https:\/\/garrcorpcomputer.com\/index.php\/wp-json\/wp\/v2\/media?parent=5398"}],"wp:term":[{"taxonomy":"product_cat","embeddable":true,"href":"https:\/\/garrcorpcomputer.com\/index.php\/wp-json\/wp\/v2\/product_cat?post=5398"},{"taxonomy":"product_tag","embeddable":true,"href":"https:\/\/garrcorpcomputer.com\/index.php\/wp-json\/wp\/v2\/product_tag?post=5398"}],"curies":[{"name":"wp","href":"https:\/\/api.w.org\/{rel}","templated":true}]}}