{"id":5404,"date":"2021-09-06T16:01:36","date_gmt":"2021-09-06T21:01:36","guid":{"rendered":"https:\/\/garrcorpcomputer.com\/?post_type=product&#038;p=5404"},"modified":"2022-04-26T09:36:47","modified_gmt":"2022-04-26T14:36:47","slug":"top-en-crochet-02","status":"publish","type":"product","link":"https:\/\/garrcorpcomputer.com\/index.php\/producto\/top-en-crochet-02\/","title":{"rendered":"Top en crochet 02"},"content":{"rendered":"<ul>\n<li>Top en crochet<\/li>\n<li>Color negro<\/li>\n<\/ul>\n<p>&nbsp;<\/p>\n","protected":false},"excerpt":{"rendered":"<ul>\n<li>1 unidad disponible<\/li>\n<li>Talla 34<\/li>\n<\/ul>\n<p>&nbsp;<\/p>\n","protected":false},"featured_media":5405,"comment_status":"closed","ping_status":"closed","template":"","meta":{"om_disable_all_campaigns":false,"_mi_skip_tracking":false,"spay_email":"","jetpack_publicize_message":"","jetpack_is_tweetstorm":false},"product_cat":[72,73],"product_tag":[],"jetpack_publicize_connections":[],"jetpack-related-posts":[{"id":5410,"url":"https:\/\/garrcorpcomputer.com\/index.php\/producto\/top-en-crochet-ref-03\/","url_meta":{"origin":5404,"position":0},"title":"Top en crochet Ref 03","date":"6 de septiembre de 2021","format":false,"excerpt":"1 unidad disponible talla 34","rel":"","context":"Entrada similar","img":{"alt_text":"","src":"https:\/\/i1.wp.com\/garrcorpcomputer.com\/wp-content\/uploads\/2021\/09\/captura-de-pantalla2.png?fit=344%2C296&ssl=1&resize=350%2C200","width":350,"height":200},"classes":[]},{"id":5398,"url":"https:\/\/garrcorpcomputer.com\/index.php\/producto\/top-en-crochet-ref-01\/","url_meta":{"origin":5404,"position":1},"title":"Top en crochet Ref 01","date":"6 de septiembre de 2021","format":false,"excerpt":"1 unidad dispoble Talla 34 \u00a0","rel":"","context":"Entrada similar","img":{"alt_text":"","src":"https:\/\/i2.wp.com\/garrcorpcomputer.com\/wp-content\/uploads\/2021\/09\/1captura-de-pantalla.png?fit=830%2C537&ssl=1&resize=350%2C200","width":350,"height":200},"classes":[]},{"id":5387,"url":"https:\/\/garrcorpcomputer.com\/index.php\/producto\/pulsera\/","url_meta":{"origin":5404,"position":2},"title":"Pulsera de hilo ref 01","date":"6 de septiembre de 2021","format":false,"excerpt":"1 unidad disponible","rel":"","context":"Entrada similar","img":{"alt_text":"","src":"","width":0,"height":0},"classes":[]},{"id":5442,"url":"https:\/\/garrcorpcomputer.com\/index.php\/producto\/portatil-hp-245-g7-r3\/","url_meta":{"origin":5404,"position":3},"title":"Port\u00e1til HP 245 G7-R3","date":"7 de septiembre de 2021","format":false,"excerpt":"Consultar disponibilidad","rel":"","context":"Entrada similar","img":{"alt_text":"","src":"https:\/\/i2.wp.com\/garrcorpcomputer.com\/wp-content\/uploads\/2021\/09\/portatil-14.png?fit=292%2C214&ssl=1&resize=350%2C200","width":350,"height":200},"classes":[]},{"id":5701,"url":"https:\/\/garrcorpcomputer.com\/index.php\/producto\/mouse-logitech-inalambrico-m170\/","url_meta":{"origin":5404,"position":4},"title":"Mouse Logitech inalambrico M170","date":"10 de septiembre de 2021","format":false,"excerpt":"Disponible en color negro, gris, rojo y azul Posee rueda de desplazamiento. Cuenta con 3 botones para un mayor control. Cuenta con interruptor de ahorro de energ\u00eda. Con sensor \u00f3ptico. Resoluci\u00f3n de 1000dpi. Creado para llevar a todas partes. Control inteligente y navegaci\u00f3n f\u00e1cil.","rel":"","context":"Entrada similar","img":{"alt_text":"","src":"","width":0,"height":0},"classes":[]},{"id":4475,"url":"https:\/\/garrcorpcomputer.com\/index.php\/producto\/portatil-hp-15-dw1057la-core3-10110u-15-4gb-1tb-win-10-h-2a4q5la\/","url_meta":{"origin":5404,"position":5},"title":"Port\u00e1til Hp 15-dw1057la Core\u00a13-10110u 15 4GB 1tb Win 10 h-2A4Q5LA","date":"31 de agosto de 2021","format":false,"excerpt":"Procesador: Intel Core i3-10110u a 2,10 GHz Memoria: 4GB de SDRAM DDR4-2666 (1 x 4 GB) Almacenamiento: 1TB HDD 5400rpm Pantalla: 15,6 \"(1366 x 768) Sistema Operativo: Windows 10 Home Unidad DVD: No Conectividad: Wifi-Bluetooth Color: negro Dimensiones: 35,85 x 24,2 x 1,99 cm Peso: 1,74 kg Aproximadamente Bater\u00eda: Iones\u2026","rel":"","context":"Entrada similar","img":{"alt_text":"","src":"https:\/\/i1.wp.com\/garrcorpcomputer.com\/wp-content\/uploads\/2021\/08\/portatil-10.png?fit=404%2C224&ssl=1&resize=350%2C200","width":350,"height":200},"classes":[]}],"jetpack_sharing_enabled":true,"_links":{"self":[{"href":"https:\/\/garrcorpcomputer.com\/index.php\/wp-json\/wp\/v2\/product\/5404"}],"collection":[{"href":"https:\/\/garrcorpcomputer.com\/index.php\/wp-json\/wp\/v2\/product"}],"about":[{"href":"https:\/\/garrcorpcomputer.com\/index.php\/wp-json\/wp\/v2\/types\/product"}],"replies":[{"embeddable":true,"href":"https:\/\/garrcorpcomputer.com\/index.php\/wp-json\/wp\/v2\/comments?post=5404"}],"version-history":[{"count":1,"href":"https:\/\/garrcorpcomputer.com\/index.php\/wp-json\/wp\/v2\/product\/5404\/revisions"}],"predecessor-version":[{"id":6115,"href":"https:\/\/garrcorpcomputer.com\/index.php\/wp-json\/wp\/v2\/product\/5404\/revisions\/6115"}],"wp:featuredmedia":[{"embeddable":true,"href":"https:\/\/garrcorpcomputer.com\/index.php\/wp-json\/wp\/v2\/media\/5405"}],"wp:attachment":[{"href":"https:\/\/garrcorpcomputer.com\/index.php\/wp-json\/wp\/v2\/media?parent=5404"}],"wp:term":[{"taxonomy":"product_cat","embeddable":true,"href":"https:\/\/garrcorpcomputer.com\/index.php\/wp-json\/wp\/v2\/product_cat?post=5404"},{"taxonomy":"product_tag","embeddable":true,"href":"https:\/\/garrcorpcomputer.com\/index.php\/wp-json\/wp\/v2\/product_tag?post=5404"}],"curies":[{"name":"wp","href":"https:\/\/api.w.org\/{rel}","templated":true}]}}