{"id":5442,"date":"2021-09-07T17:58:45","date_gmt":"2021-09-07T22:58:45","guid":{"rendered":"https:\/\/garrcorpcomputer.com\/?post_type=product&#038;p=5442"},"modified":"2021-09-16T16:28:29","modified_gmt":"2021-09-16T21:28:29","slug":"portatil-hp-245-g7-r3","status":"publish","type":"product","link":"https:\/\/garrcorpcomputer.com\/index.php\/producto\/portatil-hp-245-g7-r3\/","title":{"rendered":"Port\u00e1til HP 245 G7-R3"},"content":{"rendered":"<ul>\n<li>Procesador: AMD Ryzen R3-3250U 2.6 GHz &#8211; 3.5GHz AMD Radeon Graphics<\/li>\n<li>Memoria: 4GB<\/li>\n<li>Disco duro: 1 TB<\/li>\n<li>Pantalla: 14&#8243; resoluci\u00f3n HD sin unidad quemadora<\/li>\n<li>SO: Linux<\/li>\n<li>Color: negro<\/li>\n<\/ul>\n","protected":false},"excerpt":{"rendered":"<p>Consultar disponibilidad<\/p>\n","protected":false},"featured_media":5443,"comment_status":"closed","ping_status":"closed","template":"","meta":{"om_disable_all_campaigns":false,"_mi_skip_tracking":false,"spay_email":"","jetpack_publicize_message":"","jetpack_is_tweetstorm":false},"product_cat":[20,75],"product_tag":[],"jetpack_publicize_connections":[],"jetpack-related-posts":[{"id":4453,"url":"https:\/\/garrcorpcomputer.com\/index.php\/producto\/portatil-lenovo-v145-14ast-amd-a6-9225-4gb-500gb-win-10h-81ms000xlm\/","url_meta":{"origin":5442,"position":0},"title":"Port\u00e1til Lenovo V145-14ast Amd A6-9225 4GB 500GB Win 10H &#8211; 81MS000XLM","date":"31 de agosto de 2021","format":false,"excerpt":"Procesador: AMD A6-9225 2.6 GHz Memoria Ram: 4GB DDR4 Disco Duro: Disco duro de 500 Gb 5400 rpm Sistema Operativo de f\u00e1brica: Windows 10 Home Pantalla: 14 \"HD (1366 x 768) Teclado en espa\u00f1ol sin Teclado num\u00e9rico Audio: altavoces st\u00e9reo; Micr\u00f3fono Integrado Unidad de cd: No C\u00e1mara Web: Integrada Conectividad:\u2026","rel":"","context":"Entrada similar","img":{"alt_text":"","src":"https:\/\/i1.wp.com\/garrcorpcomputer.com\/wp-content\/uploads\/2021\/08\/portatil-4.png?fit=303%2C279&ssl=1&resize=350%2C200","width":350,"height":200},"classes":[]},{"id":6085,"url":"https:\/\/garrcorpcomputer.com\/index.php\/producto\/computador-de-escritorio-a3080sl-2\/","url_meta":{"origin":5442,"position":1},"title":"Computador de escritorio A3080SL","date":"17 de septiembre de 2021","format":false,"excerpt":"Procesador: AMD Athlon 320G E","rel":"","context":"Con 1 comentario","img":{"alt_text":"","src":"https:\/\/i0.wp.com\/garrcorpcomputer.com\/wp-content\/uploads\/2021\/09\/computador-escritorio-1.png?fit=231%2C222&ssl=1&resize=350%2C200","width":350,"height":200},"classes":[]},{"id":6081,"url":"https:\/\/garrcorpcomputer.com\/index.php\/producto\/computador-de-escritorio-a3080sl\/","url_meta":{"origin":5442,"position":2},"title":"Computador de escritorio A3080SL","date":"17 de septiembre de 2021","format":false,"excerpt":"Procesador: AMD Athlon 3000G","rel":"","context":"Con 1 comentario","img":{"alt_text":"","src":"https:\/\/i0.wp.com\/garrcorpcomputer.com\/wp-content\/uploads\/2021\/09\/computador-escritorio-1.png?fit=231%2C222&ssl=1&resize=350%2C200","width":350,"height":200},"classes":[]},{"id":5431,"url":"https:\/\/garrcorpcomputer.com\/index.php\/producto\/portatil-hp-14-dk1018la\/","url_meta":{"origin":5442,"position":3},"title":"Port\u00e1til HP 14-DK1018LA","date":"7 de septiembre de 2021","format":false,"excerpt":"Consultar disponibilidad","rel":"","context":"Entrada similar","img":{"alt_text":"","src":"https:\/\/i1.wp.com\/garrcorpcomputer.com\/wp-content\/uploads\/2021\/09\/portatil-12-1.png?fit=293%2C211&ssl=1&resize=350%2C200","width":350,"height":200},"classes":[]},{"id":5460,"url":"https:\/\/garrcorpcomputer.com\/index.php\/producto\/portatil-hp-245-g7\/","url_meta":{"origin":5442,"position":4},"title":"Port\u00e1til HP 245 G7","date":"7 de septiembre de 2021","format":false,"excerpt":"Consultar disponibilidad","rel":"","context":"Entrada similar","img":{"alt_text":"","src":"https:\/\/i1.wp.com\/garrcorpcomputer.com\/wp-content\/uploads\/2021\/09\/portatil-18.png?fit=298%2C234&ssl=1&resize=350%2C200","width":350,"height":200},"classes":[]},{"id":5464,"url":"https:\/\/garrcorpcomputer.com\/index.php\/producto\/portatil-hp-245-g7-2\/","url_meta":{"origin":5442,"position":5},"title":"Port\u00e1til HP 245 G7 3G573LT","date":"7 de septiembre de 2021","format":false,"excerpt":"Consultar disponibilidad","rel":"","context":"Entrada similar","img":{"alt_text":"","src":"https:\/\/i2.wp.com\/garrcorpcomputer.com\/wp-content\/uploads\/2021\/09\/portatil-19.png?fit=282%2C213&ssl=1&resize=350%2C200","width":350,"height":200},"classes":[]}],"jetpack_sharing_enabled":true,"_links":{"self":[{"href":"https:\/\/garrcorpcomputer.com\/index.php\/wp-json\/wp\/v2\/product\/5442"}],"collection":[{"href":"https:\/\/garrcorpcomputer.com\/index.php\/wp-json\/wp\/v2\/product"}],"about":[{"href":"https:\/\/garrcorpcomputer.com\/index.php\/wp-json\/wp\/v2\/types\/product"}],"replies":[{"embeddable":true,"href":"https:\/\/garrcorpcomputer.com\/index.php\/wp-json\/wp\/v2\/comments?post=5442"}],"version-history":[{"count":1,"href":"https:\/\/garrcorpcomputer.com\/index.php\/wp-json\/wp\/v2\/product\/5442\/revisions"}],"predecessor-version":[{"id":6052,"href":"https:\/\/garrcorpcomputer.com\/index.php\/wp-json\/wp\/v2\/product\/5442\/revisions\/6052"}],"wp:featuredmedia":[{"embeddable":true,"href":"https:\/\/garrcorpcomputer.com\/index.php\/wp-json\/wp\/v2\/media\/5443"}],"wp:attachment":[{"href":"https:\/\/garrcorpcomputer.com\/index.php\/wp-json\/wp\/v2\/media?parent=5442"}],"wp:term":[{"taxonomy":"product_cat","embeddable":true,"href":"https:\/\/garrcorpcomputer.com\/index.php\/wp-json\/wp\/v2\/product_cat?post=5442"},{"taxonomy":"product_tag","embeddable":true,"href":"https:\/\/garrcorpcomputer.com\/index.php\/wp-json\/wp\/v2\/product_tag?post=5442"}],"curies":[{"name":"wp","href":"https:\/\/api.w.org\/{rel}","templated":true}]}}