{"id":5496,"date":"2021-09-07T20:14:22","date_gmt":"2021-09-08T01:14:22","guid":{"rendered":"https:\/\/garrcorpcomputer.com\/?post_type=product&#038;p=5496"},"modified":"2021-09-16T16:49:14","modified_gmt":"2021-09-16T21:49:14","slug":"celular-samsung-galaxy-a01","status":"publish","type":"product","link":"https:\/\/garrcorpcomputer.com\/index.php\/producto\/celular-samsung-galaxy-a01\/","title":{"rendered":"Celular Samsung Galaxy A01"},"content":{"rendered":"<ul>\n<li>Procesador: qualcomm Snapdragon<\/li>\n<li>Octa Core (2GHz + 1.45GHz)<\/li>\n<li>2 GB de RAM<\/li>\n<li>32 GB de almacenamiento interno<\/li>\n<li>Pantalla HD + de 5.7&#8243;<\/li>\n<li>Resoluci\u00f3n (720 x 1520)<\/li>\n<li>Pantalla TFT<\/li>\n<li>C\u00e1mara posterior dual 13 Mp + 2 MP Flash posterior<\/li>\n<li>C\u00e1mara frontal de 5 MP<\/li>\n<li>Versi\u00f3n de Android 9.0<\/li>\n<\/ul>\n","protected":false},"excerpt":{"rendered":"<p>Consultar disponibilidad<\/p>\n","protected":false},"featured_media":5501,"comment_status":"closed","ping_status":"closed","template":"","meta":{"om_disable_all_campaigns":false,"_mi_skip_tracking":false,"spay_email":"","jetpack_publicize_message":"","jetpack_is_tweetstorm":false},"product_cat":[329,75],"product_tag":[],"jetpack_publicize_connections":[],"jetpack-related-posts":[{"id":5532,"url":"https:\/\/garrcorpcomputer.com\/index.php\/producto\/celular-samsung-galaxy-a21s\/","url_meta":{"origin":5496,"position":0},"title":"Celular Samsung Galaxy A21s","date":"7 de septiembre de 2021","format":false,"excerpt":"Consultar disponibilidad","rel":"","context":"Entrada similar","img":{"alt_text":"","src":"","width":0,"height":0},"classes":[]},{"id":5488,"url":"https:\/\/garrcorpcomputer.com\/index.php\/producto\/celular-samsung-galaxy-a01-core\/","url_meta":{"origin":5496,"position":1},"title":"Celular Samsung Galaxy A01 Core","date":"7 de septiembre de 2021","format":false,"excerpt":"Consultar disponibilidad","rel":"","context":"Entrada similar","img":{"alt_text":"","src":"","width":0,"height":0},"classes":[]},{"id":5510,"url":"https:\/\/garrcorpcomputer.com\/index.php\/producto\/celular-samsung-a02\/","url_meta":{"origin":5496,"position":2},"title":"Celular Samsung A02","date":"7 de septiembre de 2021","format":false,"excerpt":"Consultar disponibilidad","rel":"","context":"Entrada similar","img":{"alt_text":"","src":"","width":0,"height":0},"classes":[]},{"id":5529,"url":"https:\/\/garrcorpcomputer.com\/index.php\/producto\/celular-samsung-a12\/","url_meta":{"origin":5496,"position":3},"title":"Celular Samsung A12","date":"7 de septiembre de 2021","format":false,"excerpt":"Consultar disponibilidad","rel":"","context":"Entrada similar","img":{"alt_text":"","src":"https:\/\/i1.wp.com\/garrcorpcomputer.com\/wp-content\/uploads\/2021\/09\/celular-4.png?fit=219%2C282&ssl=1&resize=350%2C200","width":350,"height":200},"classes":[]},{"id":4117,"url":"https:\/\/garrcorpcomputer.com\/index.php\/producto\/impresora-ricoh-mp-301spf-remanufacturada\/","url_meta":{"origin":5496,"position":4},"title":"IMPRESORA RICOH MP 301SPF (REMANUFACTURADA)","date":"27 de agosto de 2021","format":false,"excerpt":"Consumo t\u00edpico de energ\u00eda (TEC) 0,696 kWh \/ semana El valor TEC se mide en base al m\u00e9todo de prueba ENERGY STAR Ver.3.0. Motor \/ Especificaciones generales Configuracion Escritorio Elemento de escaneo Plataforma con elemento de sensor de imagen y conjunto CCD Proceso de impresi\u00f3n Impresi\u00f3n electrofotogr\u00e1fica y escaneo \/\u2026","rel":"","context":"Entrada similar","img":{"alt_text":"","src":"https:\/\/i0.wp.com\/garrcorpcomputer.com\/wp-content\/uploads\/2021\/08\/WhatsApp-Image-2021-08-27-at-4.04.37-PM.jpeg?fit=600%2C1200&ssl=1&resize=350%2C200","width":350,"height":200},"classes":[]},{"id":4844,"url":"https:\/\/garrcorpcomputer.com\/index.php\/producto\/camara-turbo-1080p-turret-exir-0-01lux-ir40m-ip66-plastica-hikvision\/","url_meta":{"origin":5496,"position":5},"title":"C\u00e1mara turbo 1080P TURRET EXIR 0.01LUX IR40m IP66 pl\u00e1stica HIKVISION","date":"2 de septiembre de 2021","format":false,"excerpt":"DS-2CE56D0T-IT3F","rel":"","context":"Entrada similar","img":{"alt_text":"","src":"https:\/\/i2.wp.com\/garrcorpcomputer.com\/wp-content\/uploads\/2021\/09\/camara-02-1.png?fit=281%2C275&ssl=1&resize=350%2C200","width":350,"height":200},"classes":[]}],"jetpack_sharing_enabled":true,"_links":{"self":[{"href":"https:\/\/garrcorpcomputer.com\/index.php\/wp-json\/wp\/v2\/product\/5496"}],"collection":[{"href":"https:\/\/garrcorpcomputer.com\/index.php\/wp-json\/wp\/v2\/product"}],"about":[{"href":"https:\/\/garrcorpcomputer.com\/index.php\/wp-json\/wp\/v2\/types\/product"}],"replies":[{"embeddable":true,"href":"https:\/\/garrcorpcomputer.com\/index.php\/wp-json\/wp\/v2\/comments?post=5496"}],"version-history":[{"count":1,"href":"https:\/\/garrcorpcomputer.com\/index.php\/wp-json\/wp\/v2\/product\/5496\/revisions"}],"predecessor-version":[{"id":6060,"href":"https:\/\/garrcorpcomputer.com\/index.php\/wp-json\/wp\/v2\/product\/5496\/revisions\/6060"}],"wp:featuredmedia":[{"embeddable":true,"href":"https:\/\/garrcorpcomputer.com\/index.php\/wp-json\/wp\/v2\/media\/5501"}],"wp:attachment":[{"href":"https:\/\/garrcorpcomputer.com\/index.php\/wp-json\/wp\/v2\/media?parent=5496"}],"wp:term":[{"taxonomy":"product_cat","embeddable":true,"href":"https:\/\/garrcorpcomputer.com\/index.php\/wp-json\/wp\/v2\/product_cat?post=5496"},{"taxonomy":"product_tag","embeddable":true,"href":"https:\/\/garrcorpcomputer.com\/index.php\/wp-json\/wp\/v2\/product_tag?post=5496"}],"curies":[{"name":"wp","href":"https:\/\/api.w.org\/{rel}","templated":true}]}}