{"id":5567,"date":"2021-09-08T15:16:42","date_gmt":"2021-09-08T20:16:42","guid":{"rendered":"https:\/\/garrcorpcomputer.com\/?post_type=product&#038;p=5567"},"modified":"2021-09-16T15:46:34","modified_gmt":"2021-09-16T20:46:34","slug":"monitor-21-5-asus-vp228qg","status":"publish","type":"product","link":"https:\/\/garrcorpcomputer.com\/index.php\/producto\/monitor-21-5-asus-vp228qg\/","title":{"rendered":"Monitor 21.5&#8243; ASUS VP228QG"},"content":{"rendered":"<ul>\n<li>Frecuencia de refresco: 75 Hz<\/li>\n<li>Tipo de resoluci\u00f3n: Full HD<\/li>\n<li>Relaci\u00f3n de aspecto: 16:9<\/li>\n<li>Tipo de pantalla: LED<\/li>\n<li>Resoluci\u00f3n de la pantalla: 1920 x 1080 px<\/li>\n<li>Tecnolog\u00edas de la pantalla: TN<\/li>\n<\/ul>\n","protected":false},"excerpt":{"rendered":"<p>Frecuencia de refresco: 75 Hz Tipo de resoluci\u00f3n: Full HD Relaci\u00f3n de aspecto: 16:9 Tipo de pantalla: LED Resoluci\u00f3n de la pantalla: 1920 x 1080 px Tecnolog\u00edas de la pantalla: TN<\/p>\n","protected":false},"featured_media":5576,"comment_status":"closed","ping_status":"closed","template":"","meta":{"om_disable_all_campaigns":false,"_mi_skip_tracking":false,"spay_email":"","jetpack_publicize_message":"","jetpack_is_tweetstorm":false},"product_cat":[328,330,75],"product_tag":[],"jetpack_publicize_connections":[],"jetpack-related-posts":[{"id":5596,"url":"https:\/\/garrcorpcomputer.com\/index.php\/producto\/monitor-gaming-32-curvo-asus-vg328h1b\/","url_meta":{"origin":5567,"position":0},"title":"Monitor Gaming 32&#8243; curvo ASUS VG328H1B","date":"8 de septiembre de 2021","format":false,"excerpt":"Frecuencia de refresco 165 Hz Tipo de pantalla LED Tipo de resoluci\u00f3n Full HD Pantalla 1920 x 1080 px Curvo: si Tipo de panel: VA","rel":"","context":"Entrada similar","img":{"alt_text":"","src":"https:\/\/i1.wp.com\/garrcorpcomputer.com\/wp-content\/uploads\/2021\/09\/monitor-gamer-6.png?fit=502%2C483&ssl=1&resize=350%2C200","width":350,"height":200},"classes":[]},{"id":5496,"url":"https:\/\/garrcorpcomputer.com\/index.php\/producto\/celular-samsung-galaxy-a01\/","url_meta":{"origin":5567,"position":1},"title":"Celular Samsung Galaxy A01","date":"7 de septiembre de 2021","format":false,"excerpt":"Consultar disponibilidad","rel":"","context":"Entrada similar","img":{"alt_text":"","src":"","width":0,"height":0},"classes":[]},{"id":5442,"url":"https:\/\/garrcorpcomputer.com\/index.php\/producto\/portatil-hp-245-g7-r3\/","url_meta":{"origin":5567,"position":2},"title":"Port\u00e1til HP 245 G7-R3","date":"7 de septiembre de 2021","format":false,"excerpt":"Consultar disponibilidad","rel":"","context":"Entrada similar","img":{"alt_text":"","src":"https:\/\/i2.wp.com\/garrcorpcomputer.com\/wp-content\/uploads\/2021\/09\/portatil-14.png?fit=292%2C214&ssl=1&resize=350%2C200","width":350,"height":200},"classes":[]},{"id":5488,"url":"https:\/\/garrcorpcomputer.com\/index.php\/producto\/celular-samsung-galaxy-a01-core\/","url_meta":{"origin":5567,"position":3},"title":"Celular Samsung Galaxy A01 Core","date":"7 de septiembre de 2021","format":false,"excerpt":"Consultar disponibilidad","rel":"","context":"Entrada similar","img":{"alt_text":"","src":"","width":0,"height":0},"classes":[]},{"id":4117,"url":"https:\/\/garrcorpcomputer.com\/index.php\/producto\/impresora-ricoh-mp-301spf-remanufacturada\/","url_meta":{"origin":5567,"position":4},"title":"IMPRESORA RICOH MP 301SPF (REMANUFACTURADA)","date":"27 de agosto de 2021","format":false,"excerpt":"Consumo t\u00edpico de energ\u00eda (TEC) 0,696 kWh \/ semana El valor TEC se mide en base al m\u00e9todo de prueba ENERGY STAR Ver.3.0. Motor \/ Especificaciones generales Configuracion Escritorio Elemento de escaneo Plataforma con elemento de sensor de imagen y conjunto CCD Proceso de impresi\u00f3n Impresi\u00f3n electrofotogr\u00e1fica y escaneo \/\u2026","rel":"","context":"Entrada similar","img":{"alt_text":"","src":"https:\/\/i0.wp.com\/garrcorpcomputer.com\/wp-content\/uploads\/2021\/08\/WhatsApp-Image-2021-08-27-at-4.04.37-PM.jpeg?fit=600%2C1200&ssl=1&resize=350%2C200","width":350,"height":200},"classes":[]},{"id":5510,"url":"https:\/\/garrcorpcomputer.com\/index.php\/producto\/celular-samsung-a02\/","url_meta":{"origin":5567,"position":5},"title":"Celular Samsung A02","date":"7 de septiembre de 2021","format":false,"excerpt":"Consultar disponibilidad","rel":"","context":"Entrada similar","img":{"alt_text":"","src":"","width":0,"height":0},"classes":[]}],"jetpack_sharing_enabled":true,"_links":{"self":[{"href":"https:\/\/garrcorpcomputer.com\/index.php\/wp-json\/wp\/v2\/product\/5567"}],"collection":[{"href":"https:\/\/garrcorpcomputer.com\/index.php\/wp-json\/wp\/v2\/product"}],"about":[{"href":"https:\/\/garrcorpcomputer.com\/index.php\/wp-json\/wp\/v2\/types\/product"}],"replies":[{"embeddable":true,"href":"https:\/\/garrcorpcomputer.com\/index.php\/wp-json\/wp\/v2\/comments?post=5567"}],"version-history":[{"count":1,"href":"https:\/\/garrcorpcomputer.com\/index.php\/wp-json\/wp\/v2\/product\/5567\/revisions"}],"predecessor-version":[{"id":6036,"href":"https:\/\/garrcorpcomputer.com\/index.php\/wp-json\/wp\/v2\/product\/5567\/revisions\/6036"}],"wp:featuredmedia":[{"embeddable":true,"href":"https:\/\/garrcorpcomputer.com\/index.php\/wp-json\/wp\/v2\/media\/5576"}],"wp:attachment":[{"href":"https:\/\/garrcorpcomputer.com\/index.php\/wp-json\/wp\/v2\/media?parent=5567"}],"wp:term":[{"taxonomy":"product_cat","embeddable":true,"href":"https:\/\/garrcorpcomputer.com\/index.php\/wp-json\/wp\/v2\/product_cat?post=5567"},{"taxonomy":"product_tag","embeddable":true,"href":"https:\/\/garrcorpcomputer.com\/index.php\/wp-json\/wp\/v2\/product_tag?post=5567"}],"curies":[{"name":"wp","href":"https:\/\/api.w.org\/{rel}","templated":true}]}}