{"id":5578,"date":"2021-09-08T15:55:17","date_gmt":"2021-09-08T20:55:17","guid":{"rendered":"https:\/\/garrcorpcomputer.com\/?post_type=product&#038;p=5578"},"modified":"2021-09-16T15:50:04","modified_gmt":"2021-09-16T20:50:04","slug":"monitor-gaming-24-aoc-24g2","status":"publish","type":"product","link":"https:\/\/garrcorpcomputer.com\/index.php\/producto\/monitor-gaming-24-aoc-24g2\/","title":{"rendered":"Monitor Gaming 24&#8243; AOC 24G2"},"content":{"rendered":"<ul>\n<li>Frecuencia de actualizaci\u00f3n 144 Hz<\/li>\n<li>Tiempo de respuesta (MPRT) 1 ms<\/li>\n<li>Resoluci\u00f3n 1920 x 1080<\/li>\n<li>Tipo de panel IPS<\/li>\n<li>Brillo (t\u00edpico) 250<\/li>\n<li>Soporte AMD FreeSync<\/li>\n<li>Soporte ajustable en altura<\/li>\n<\/ul>\n","protected":false},"excerpt":{"rendered":"<p>Frecuencia de actualizaci\u00f3n 144 Hz Tiempo de respuesta (MPRT) 1 ms Resoluci\u00f3n 1920 x 1080 Tipo de panel IPS Brillo (t\u00edpico) 250 Soporte AMD FreeSync Soporte ajustable en altura<\/p>\n","protected":false},"featured_media":5579,"comment_status":"closed","ping_status":"closed","template":"","meta":{"om_disable_all_campaigns":false,"_mi_skip_tracking":false,"spay_email":"","jetpack_publicize_message":"","jetpack_is_tweetstorm":false},"product_cat":[328,330],"product_tag":[],"jetpack_publicize_connections":[],"jetpack-related-posts":[{"id":6011,"url":"https:\/\/garrcorpcomputer.com\/index.php\/producto\/speaker-bt-soporte-ref-m222\/","url_meta":{"origin":5578,"position":0},"title":"Speaker BT soporte Ref M222","date":"15 de septiembre de 2021","format":false,"excerpt":"Bluetooth 4.2 Soporte para poner el celular FM y lector de memorias 10W Bater\u00eda recargable 1.200 mAh Luz LED","rel":"","context":"Con 1 comentario","img":{"alt_text":"","src":"","width":0,"height":0},"classes":[]},{"id":5638,"url":"https:\/\/garrcorpcomputer.com\/index.php\/producto\/masterbox-mb520-rgb-mwe-white-full-range-650w\/","url_meta":{"origin":5578,"position":1},"title":"MasterBox MB520 RGB + MWE White Full Range 650W","date":"9 de septiembre de 2021","format":false,"excerpt":"Panel frontal DarkMirror Ventiladores LED RGB y control de iluminaci\u00f3n Ingestas de rendimiento Panel lateral de vidrio templado Soporte para un total de 6 ventiladores y refrigeraci\u00f3n por agua Soporte de tarjeta gr\u00e1fica de hasta 410 mm Bandejas de almacenamiento y cubierta de PSU completa","rel":"","context":"Entrada similar","img":{"alt_text":"","src":"","width":0,"height":0},"classes":[]},{"id":5842,"url":"https:\/\/garrcorpcomputer.com\/index.php\/producto\/base-refrigerante-s4\/","url_meta":{"origin":5578,"position":2},"title":"Base refrigerante S4","date":"11 de septiembre de 2021","format":false,"excerpt":"4 Ventiladores 140 mm Luces LED \u00c1ngulo ajustable Silenciosa Soporta hasta 15,6\u201d","rel":"","context":"Con 2 comentarios","img":{"alt_text":"","src":"","width":0,"height":0},"classes":[]},{"id":5827,"url":"https:\/\/garrcorpcomputer.com\/index.php\/producto\/base-refrigerante-h2\/","url_meta":{"origin":5578,"position":3},"title":"Base refrigerante H2","date":"11 de septiembre de 2021","format":false,"excerpt":"4 Ventiladores Interfaz USB 5 \u00e1ngulos de inclinaci\u00f3n LED Soporta de 12\u201d a 17\u201d Dual USB","rel":"","context":"Con 1 comentario","img":{"alt_text":"","src":"","width":0,"height":0},"classes":[]},{"id":4425,"url":"https:\/\/garrcorpcomputer.com\/index.php\/producto\/base-refrigerante-consmo-f528\/","url_meta":{"origin":5578,"position":4},"title":"BASE REFRIGERANTE CONSMO F528","date":"30 de agosto de 2021","format":false,"excerpt":"soporta equipos hasta 14 pulgadas Iluminaci\u00f3n Led Ventilador ultra silencioso Conexi\u00f3n USB plug and play","rel":"","context":"Entrada similar","img":{"alt_text":"","src":"https:\/\/i0.wp.com\/garrcorpcomputer.com\/wp-content\/uploads\/2021\/08\/base-refrigerante-2.png?fit=362%2C307&ssl=1&resize=350%2C200","width":350,"height":200},"classes":[]},{"id":5818,"url":"https:\/\/garrcorpcomputer.com\/index.php\/producto\/base-refrigerante-m10\/","url_meta":{"origin":5578,"position":5},"title":"Base refrigerante M10","date":"11 de septiembre de 2021","format":false,"excerpt":"2 Ventiladores Interfaz USB 1 \u00e1ngulo de inclinaci\u00f3n Led Soporta de 12\u201d a 15.6\u201d Dual USB Ligera","rel":"","context":"Con 2 comentarios","img":{"alt_text":"","src":"https:\/\/i1.wp.com\/garrcorpcomputer.com\/wp-content\/uploads\/2021\/09\/base-refrigerante-7.png?fit=291%2C209&ssl=1&resize=350%2C200","width":350,"height":200},"classes":[]}],"jetpack_sharing_enabled":true,"_links":{"self":[{"href":"https:\/\/garrcorpcomputer.com\/index.php\/wp-json\/wp\/v2\/product\/5578"}],"collection":[{"href":"https:\/\/garrcorpcomputer.com\/index.php\/wp-json\/wp\/v2\/product"}],"about":[{"href":"https:\/\/garrcorpcomputer.com\/index.php\/wp-json\/wp\/v2\/types\/product"}],"replies":[{"embeddable":true,"href":"https:\/\/garrcorpcomputer.com\/index.php\/wp-json\/wp\/v2\/comments?post=5578"}],"version-history":[{"count":1,"href":"https:\/\/garrcorpcomputer.com\/index.php\/wp-json\/wp\/v2\/product\/5578\/revisions"}],"predecessor-version":[{"id":6038,"href":"https:\/\/garrcorpcomputer.com\/index.php\/wp-json\/wp\/v2\/product\/5578\/revisions\/6038"}],"wp:featuredmedia":[{"embeddable":true,"href":"https:\/\/garrcorpcomputer.com\/index.php\/wp-json\/wp\/v2\/media\/5579"}],"wp:attachment":[{"href":"https:\/\/garrcorpcomputer.com\/index.php\/wp-json\/wp\/v2\/media?parent=5578"}],"wp:term":[{"taxonomy":"product_cat","embeddable":true,"href":"https:\/\/garrcorpcomputer.com\/index.php\/wp-json\/wp\/v2\/product_cat?post=5578"},{"taxonomy":"product_tag","embeddable":true,"href":"https:\/\/garrcorpcomputer.com\/index.php\/wp-json\/wp\/v2\/product_tag?post=5578"}],"curies":[{"name":"wp","href":"https:\/\/api.w.org\/{rel}","templated":true}]}}