{"id":5581,"date":"2021-09-08T16:07:16","date_gmt":"2021-09-08T21:07:16","guid":{"rendered":"https:\/\/garrcorpcomputer.com\/?post_type=product&#038;p=5581"},"modified":"2021-09-16T15:51:32","modified_gmt":"2021-09-16T20:51:32","slug":"monitor-24-asus-vg248qg","status":"publish","type":"product","link":"https:\/\/garrcorpcomputer.com\/index.php\/producto\/monitor-24-asus-vg248qg\/","title":{"rendered":"Monitor 24&#8243; ASUS VG248QG"},"content":{"rendered":"<ul>\n<li>Frecuencia de actualizaci\u00f3n: 165 Hz<\/li>\n<li>Tiempo de respuesta: 1 ms<\/li>\n<li>Tecnolog\u00eda: Adaptive-Sync-ASUS Extreme Low Motion Blur<\/li>\n<li>Tipo de panel: TN<\/li>\n<li>Puertos: DisplayPort 1.2, HDMI (v1.4) x 1 Dual-Link DVI X 1<\/li>\n<\/ul>\n","protected":false},"excerpt":{"rendered":"<p>Frecuencia de actualizaci\u00f3n: 165 Hz Tiempo de respuesta: 1 ms Tecnolog\u00eda: Adaptive-Sync-ASUS Extreme Low Motion Blur Tipo de panel: TN Puertos: DisplayPort 1.2, HDMI (v1.4) x 1 Dual-Link DVI X 1<\/p>\n","protected":false},"featured_media":5582,"comment_status":"closed","ping_status":"closed","template":"","meta":{"om_disable_all_campaigns":false,"_mi_skip_tracking":false,"spay_email":"","jetpack_publicize_message":"","jetpack_is_tweetstorm":false},"product_cat":[328,330],"product_tag":[],"jetpack_publicize_connections":[],"jetpack-related-posts":[{"id":5589,"url":"https:\/\/garrcorpcomputer.com\/index.php\/producto\/monitor-27-asus-vg27vq-curvo\/","url_meta":{"origin":5581,"position":0},"title":"Monitor 27&#8243; ASUS VG27VQ curvo","date":"8 de septiembre de 2021","format":false,"excerpt":"Frecuencia de actualizaci\u00f3n: 165 Hz Tiempo de respuesta: 1 ms Resoluci\u00f3n: 1920 x 1080 px Tecnolog\u00eda: Asus Extreme Low Motion blur y FreeSync tipo de panel: VA Puertos: DisplayPort 1.2, HDMI (v2.0) x 1 Dual-Link DVI X 1","rel":"","context":"Entrada similar","img":{"alt_text":"","src":"https:\/\/i1.wp.com\/garrcorpcomputer.com\/wp-content\/uploads\/2021\/09\/monitor-gamer-6.png?fit=502%2C483&ssl=1&resize=350%2C200","width":350,"height":200},"classes":[]},{"id":4445,"url":"https:\/\/garrcorpcomputer.com\/index.php\/producto\/portatil-asus-x509ua-ej345-core3-7020u-4gb-256gb-ssd-linux-m05910\/","url_meta":{"origin":5581,"position":1},"title":"Port\u00e1til Asus X509ua-ej345 Core!3- 7020u 4GB 256Gb Ssd Linux-M05910","date":"31 de agosto de 2021","format":false,"excerpt":"Procesador: Intel Core i3 7020U 2 N\u00facleos (DualCore) 2.30 GHz \u00a0Gr\u00e1ficos: Integrados Gr\u00e1ficos HD Intel\u00ae 620 Memoria RAM: 4GB OnBoard DDR4 2400 MHz Sistema operativo: Linux Disco Duro: 256GB SSD Conexi\u00f3n M2 PCIe Pantalla: 15.6 Pulgadas Full HD (1920 * 1080) con Bordes Reducidos (Nano Edge) Conectividad: Wi-Fi 5 (802.11\u2026","rel":"","context":"Entrada similar","img":{"alt_text":"","src":"https:\/\/i1.wp.com\/garrcorpcomputer.com\/wp-content\/uploads\/2021\/08\/portatil-1-1.png?fit=391%2C263&ssl=1&resize=350%2C200","width":350,"height":200},"classes":[]},{"id":5584,"url":"https:\/\/garrcorpcomputer.com\/index.php\/producto\/monitor-27-asus-vg27vh1b\/","url_meta":{"origin":5581,"position":2},"title":"Monitor 27&#8243; ASUS VG27VH1B","date":"8 de septiembre de 2021","format":false,"excerpt":"Frecuencia de actualizaci\u00f3n: 165 Hz Tiempo de respuesta: 1 ms Resoluci\u00f3n: 1920 x 1080 px Trace Free Extreme Low Motion Blur Speaker Display Colors: 16.7 M","rel":"","context":"Entrada similar","img":{"alt_text":"","src":"https:\/\/i1.wp.com\/garrcorpcomputer.com\/wp-content\/uploads\/2021\/09\/monitor-gamer-2-2.png?fit=572%2C433&ssl=1&resize=350%2C200","width":350,"height":200},"classes":[]},{"id":5567,"url":"https:\/\/garrcorpcomputer.com\/index.php\/producto\/monitor-21-5-asus-vp228qg\/","url_meta":{"origin":5581,"position":3},"title":"Monitor 21.5&#8243; ASUS VP228QG","date":"8 de septiembre de 2021","format":false,"excerpt":"Frecuencia de refresco: 75 Hz Tipo de resoluci\u00f3n: Full HD Relaci\u00f3n de aspecto: 16:9 Tipo de pantalla: LED Resoluci\u00f3n de la pantalla: 1920 x 1080 px Tecnolog\u00edas de la pantalla: TN","rel":"","context":"Entrada similar","img":{"alt_text":"","src":"https:\/\/i2.wp.com\/garrcorpcomputer.com\/wp-content\/uploads\/2021\/09\/monitor-gamer-1-1.png?fit=372%2C261&ssl=1&resize=350%2C200","width":350,"height":200},"classes":[]},{"id":5596,"url":"https:\/\/garrcorpcomputer.com\/index.php\/producto\/monitor-gaming-32-curvo-asus-vg328h1b\/","url_meta":{"origin":5581,"position":4},"title":"Monitor Gaming 32&#8243; curvo ASUS VG328H1B","date":"8 de septiembre de 2021","format":false,"excerpt":"Frecuencia de refresco 165 Hz Tipo de pantalla LED Tipo de resoluci\u00f3n Full HD Pantalla 1920 x 1080 px Curvo: si Tipo de panel: VA","rel":"","context":"Entrada similar","img":{"alt_text":"","src":"https:\/\/i1.wp.com\/garrcorpcomputer.com\/wp-content\/uploads\/2021\/09\/monitor-gamer-6.png?fit=502%2C483&ssl=1&resize=350%2C200","width":350,"height":200},"classes":[]},{"id":5570,"url":"https:\/\/garrcorpcomputer.com\/index.php\/producto\/monitor-23-5-asus-vg24vq\/","url_meta":{"origin":5581,"position":5},"title":"Monitor 23.5&#8243; ASUS VG24VQ","date":"8 de septiembre de 2021","format":false,"excerpt":"Frecuencia de refresco: 144 Hz Tiempo de respuesta: 1 ms Tipo de retroiluminaci\u00f3n: LED Tecnolog\u00eda Trace Free FreeSync Superficie de la pantalla: antideslumbrante","rel":"","context":"Entrada similar","img":{"alt_text":"","src":"https:\/\/i1.wp.com\/garrcorpcomputer.com\/wp-content\/uploads\/2021\/09\/monitor-gamer-2-2.png?fit=572%2C433&ssl=1&resize=350%2C200","width":350,"height":200},"classes":[]}],"jetpack_sharing_enabled":true,"_links":{"self":[{"href":"https:\/\/garrcorpcomputer.com\/index.php\/wp-json\/wp\/v2\/product\/5581"}],"collection":[{"href":"https:\/\/garrcorpcomputer.com\/index.php\/wp-json\/wp\/v2\/product"}],"about":[{"href":"https:\/\/garrcorpcomputer.com\/index.php\/wp-json\/wp\/v2\/types\/product"}],"replies":[{"embeddable":true,"href":"https:\/\/garrcorpcomputer.com\/index.php\/wp-json\/wp\/v2\/comments?post=5581"}],"version-history":[{"count":1,"href":"https:\/\/garrcorpcomputer.com\/index.php\/wp-json\/wp\/v2\/product\/5581\/revisions"}],"predecessor-version":[{"id":6039,"href":"https:\/\/garrcorpcomputer.com\/index.php\/wp-json\/wp\/v2\/product\/5581\/revisions\/6039"}],"wp:featuredmedia":[{"embeddable":true,"href":"https:\/\/garrcorpcomputer.com\/index.php\/wp-json\/wp\/v2\/media\/5582"}],"wp:attachment":[{"href":"https:\/\/garrcorpcomputer.com\/index.php\/wp-json\/wp\/v2\/media?parent=5581"}],"wp:term":[{"taxonomy":"product_cat","embeddable":true,"href":"https:\/\/garrcorpcomputer.com\/index.php\/wp-json\/wp\/v2\/product_cat?post=5581"},{"taxonomy":"product_tag","embeddable":true,"href":"https:\/\/garrcorpcomputer.com\/index.php\/wp-json\/wp\/v2\/product_tag?post=5581"}],"curies":[{"name":"wp","href":"https:\/\/api.w.org\/{rel}","templated":true}]}}