{"id":5586,"date":"2021-09-08T16:34:20","date_gmt":"2021-09-08T21:34:20","guid":{"rendered":"https:\/\/garrcorpcomputer.com\/?post_type=product&#038;p=5586"},"modified":"2021-09-16T15:54:55","modified_gmt":"2021-09-16T20:54:55","slug":"monitor-gigabyte-27-g27f","status":"publish","type":"product","link":"https:\/\/garrcorpcomputer.com\/index.php\/producto\/monitor-gigabyte-27-g27f\/","title":{"rendered":"Monitor Gigabyte 27&#8243; G27F"},"content":{"rendered":"<ul>\n<li>Frecuencia de actualizaci\u00f3n: 144 Hz<\/li>\n<li>tiempo de respuesta: 1 ms<\/li>\n<li>Resoluci\u00f3n: 1920 px x 1080 px<\/li>\n<li>Tecnolog\u00edas: black equalizer, AIM Stabilizer,Dashboard, OSD Sidekick<\/li>\n<li>Tipo de panel: IPS a 95% DCI-P3<\/li>\n<li>\u00a0Parlantes: si incluye<\/li>\n<\/ul>\n","protected":false},"excerpt":{"rendered":"<p>Frecuencia de actualizaci\u00f3n: 144 Hz tiempo de respuesta: 1 ms Resoluci\u00f3n: 1920 px x 1080 px Tecnolog\u00edas: black equalizer, AIM Stabilizer,Dashboard, OSD Sidekick Tipo de panel: IPS a 95% DCI-P3 \u00a0Parlantes: si incluye<\/p>\n","protected":false},"featured_media":5587,"comment_status":"closed","ping_status":"closed","template":"","meta":{"om_disable_all_campaigns":false,"_mi_skip_tracking":false,"spay_email":"","jetpack_publicize_message":"","jetpack_is_tweetstorm":false},"product_cat":[328,330],"product_tag":[],"jetpack_publicize_connections":[],"jetpack-related-posts":[{"id":5592,"url":"https:\/\/garrcorpcomputer.com\/index.php\/producto\/monitor-kvm-gigabyte-27-m27f\/","url_meta":{"origin":5586,"position":0},"title":"Monitor KVM Gigabyte 27&#8243; M27F","date":"8 de septiembre de 2021","format":false,"excerpt":"Frecuencia de actualizaci\u00f3n: 144 Hz Tiempo de respuesta: 1 ms Resoluci\u00f3n: 1920 px x 1080 px Tecnolog\u00edas: KVM, Black Equalizer, AIM Stabilizer, Dashboard, OSD Sidekick, HDR400 Tipo de panel: IPS a 95% DCI-P3 Parlantes: no incluye","rel":"","context":"Entrada similar","img":{"alt_text":"","src":"https:\/\/i1.wp.com\/garrcorpcomputer.com\/wp-content\/uploads\/2021\/09\/monitor-gamer-5.png?fit=372%2C282&ssl=1&resize=350%2C200","width":350,"height":200},"classes":[]},{"id":5584,"url":"https:\/\/garrcorpcomputer.com\/index.php\/producto\/monitor-27-asus-vg27vh1b\/","url_meta":{"origin":5586,"position":1},"title":"Monitor 27&#8243; ASUS VG27VH1B","date":"8 de septiembre de 2021","format":false,"excerpt":"Frecuencia de actualizaci\u00f3n: 165 Hz Tiempo de respuesta: 1 ms Resoluci\u00f3n: 1920 x 1080 px Trace Free Extreme Low Motion Blur Speaker Display Colors: 16.7 M","rel":"","context":"Entrada similar","img":{"alt_text":"","src":"https:\/\/i1.wp.com\/garrcorpcomputer.com\/wp-content\/uploads\/2021\/09\/monitor-gamer-2-2.png?fit=572%2C433&ssl=1&resize=350%2C200","width":350,"height":200},"classes":[]},{"id":5567,"url":"https:\/\/garrcorpcomputer.com\/index.php\/producto\/monitor-21-5-asus-vp228qg\/","url_meta":{"origin":5586,"position":2},"title":"Monitor 21.5&#8243; ASUS VP228QG","date":"8 de septiembre de 2021","format":false,"excerpt":"Frecuencia de refresco: 75 Hz Tipo de resoluci\u00f3n: Full HD Relaci\u00f3n de aspecto: 16:9 Tipo de pantalla: LED Resoluci\u00f3n de la pantalla: 1920 x 1080 px Tecnolog\u00edas de la pantalla: TN","rel":"","context":"Entrada similar","img":{"alt_text":"","src":"https:\/\/i2.wp.com\/garrcorpcomputer.com\/wp-content\/uploads\/2021\/09\/monitor-gamer-1-1.png?fit=372%2C261&ssl=1&resize=350%2C200","width":350,"height":200},"classes":[]},{"id":5596,"url":"https:\/\/garrcorpcomputer.com\/index.php\/producto\/monitor-gaming-32-curvo-asus-vg328h1b\/","url_meta":{"origin":5586,"position":3},"title":"Monitor Gaming 32&#8243; curvo ASUS VG328H1B","date":"8 de septiembre de 2021","format":false,"excerpt":"Frecuencia de refresco 165 Hz Tipo de pantalla LED Tipo de resoluci\u00f3n Full HD Pantalla 1920 x 1080 px Curvo: si Tipo de panel: VA","rel":"","context":"Entrada similar","img":{"alt_text":"","src":"https:\/\/i1.wp.com\/garrcorpcomputer.com\/wp-content\/uploads\/2021\/09\/monitor-gamer-6.png?fit=502%2C483&ssl=1&resize=350%2C200","width":350,"height":200},"classes":[]},{"id":5599,"url":"https:\/\/garrcorpcomputer.com\/index.php\/producto\/monitor-gaming-27-aoc-27g2\/","url_meta":{"origin":5586,"position":4},"title":"Monitor Gaming 27&#8243; AOC 27G2","date":"8 de septiembre de 2021","format":false,"excerpt":"144 Hz, 1 ms, Freesync, altavoces, inclinaci\u00f3n Monitor de juego ajustable en altura Resoluci\u00f3n: 1920 x 1080 px Frecuencia de actualizaci\u00f3n: 144 Hz Panel: IPS Relaci\u00f3n de aspecto: 16:09 Brillo (t\u00edpico): 250 cd\/m","rel":"","context":"Entrada similar","img":{"alt_text":"","src":"https:\/\/i2.wp.com\/garrcorpcomputer.com\/wp-content\/uploads\/2021\/09\/monitor-gamer-7.png?fit=512%2C434&ssl=1&resize=350%2C200","width":350,"height":200},"classes":[]},{"id":5589,"url":"https:\/\/garrcorpcomputer.com\/index.php\/producto\/monitor-27-asus-vg27vq-curvo\/","url_meta":{"origin":5586,"position":5},"title":"Monitor 27&#8243; ASUS VG27VQ curvo","date":"8 de septiembre de 2021","format":false,"excerpt":"Frecuencia de actualizaci\u00f3n: 165 Hz Tiempo de respuesta: 1 ms Resoluci\u00f3n: 1920 x 1080 px Tecnolog\u00eda: Asus Extreme Low Motion blur y FreeSync tipo de panel: VA Puertos: DisplayPort 1.2, HDMI (v2.0) x 1 Dual-Link DVI X 1","rel":"","context":"Entrada similar","img":{"alt_text":"","src":"https:\/\/i1.wp.com\/garrcorpcomputer.com\/wp-content\/uploads\/2021\/09\/monitor-gamer-6.png?fit=502%2C483&ssl=1&resize=350%2C200","width":350,"height":200},"classes":[]}],"jetpack_sharing_enabled":true,"_links":{"self":[{"href":"https:\/\/garrcorpcomputer.com\/index.php\/wp-json\/wp\/v2\/product\/5586"}],"collection":[{"href":"https:\/\/garrcorpcomputer.com\/index.php\/wp-json\/wp\/v2\/product"}],"about":[{"href":"https:\/\/garrcorpcomputer.com\/index.php\/wp-json\/wp\/v2\/types\/product"}],"replies":[{"embeddable":true,"href":"https:\/\/garrcorpcomputer.com\/index.php\/wp-json\/wp\/v2\/comments?post=5586"}],"version-history":[{"count":1,"href":"https:\/\/garrcorpcomputer.com\/index.php\/wp-json\/wp\/v2\/product\/5586\/revisions"}],"predecessor-version":[{"id":6041,"href":"https:\/\/garrcorpcomputer.com\/index.php\/wp-json\/wp\/v2\/product\/5586\/revisions\/6041"}],"wp:featuredmedia":[{"embeddable":true,"href":"https:\/\/garrcorpcomputer.com\/index.php\/wp-json\/wp\/v2\/media\/5587"}],"wp:attachment":[{"href":"https:\/\/garrcorpcomputer.com\/index.php\/wp-json\/wp\/v2\/media?parent=5586"}],"wp:term":[{"taxonomy":"product_cat","embeddable":true,"href":"https:\/\/garrcorpcomputer.com\/index.php\/wp-json\/wp\/v2\/product_cat?post=5586"},{"taxonomy":"product_tag","embeddable":true,"href":"https:\/\/garrcorpcomputer.com\/index.php\/wp-json\/wp\/v2\/product_tag?post=5586"}],"curies":[{"name":"wp","href":"https:\/\/api.w.org\/{rel}","templated":true}]}}