{"id":5596,"date":"2021-09-08T16:53:19","date_gmt":"2021-09-08T21:53:19","guid":{"rendered":"https:\/\/garrcorpcomputer.com\/?post_type=product&#038;p=5596"},"modified":"2021-09-16T15:59:20","modified_gmt":"2021-09-16T20:59:20","slug":"monitor-gaming-32-curvo-asus-vg328h1b","status":"publish","type":"product","link":"https:\/\/garrcorpcomputer.com\/index.php\/producto\/monitor-gaming-32-curvo-asus-vg328h1b\/","title":{"rendered":"Monitor Gaming 32&#8243; curvo ASUS VG328H1B"},"content":{"rendered":"<ul>\n<li>Frecuencia de refresco 165 Hz<\/li>\n<li>Tipo de pantalla LED<\/li>\n<li>Tipo de resoluci\u00f3n Full HD<\/li>\n<li>Pantalla 1920 x 1080 px<\/li>\n<li>Curvo: si<\/li>\n<li>Tipo de panel: VA<\/li>\n<\/ul>\n","protected":false},"excerpt":{"rendered":"<p>Frecuencia de refresco 165 Hz Tipo de pantalla LED Tipo de resoluci\u00f3n Full HD Pantalla 1920 x 1080 px Curvo: si Tipo de panel: VA<\/p>\n","protected":false},"featured_media":5590,"comment_status":"closed","ping_status":"closed","template":"","meta":{"om_disable_all_campaigns":false,"_mi_skip_tracking":false,"spay_email":"","jetpack_publicize_message":"","jetpack_is_tweetstorm":false},"product_cat":[328,330],"product_tag":[],"jetpack_publicize_connections":[],"jetpack-related-posts":[{"id":5605,"url":"https:\/\/garrcorpcomputer.com\/index.php\/producto\/monitor-gaming-curvo-lcd-aoc-32-cq32g2s\/","url_meta":{"origin":5596,"position":0},"title":"Monitor Gaming curvo LCD AOC 32&#8243; CQ32G2S","date":"8 de septiembre de 2021","format":false,"excerpt":"Frecuencia de actualizaci\u00f3n: 165 Hz Tiempo de respuesta: 1 ms Monitor de juegos de alto rendimiento con panel VA de resoluci\u00f3n QHD 2K Resoluci\u00f3n: 2560 x 1440 Tipo de panel: VA Brillo (t\u00edpico): 300","rel":"","context":"Entrada similar","img":{"alt_text":"","src":"https:\/\/i1.wp.com\/garrcorpcomputer.com\/wp-content\/uploads\/2021\/09\/monitor-gamer-9.png?fit=365%2C432&ssl=1&resize=350%2C200","width":350,"height":200},"classes":[]},{"id":5589,"url":"https:\/\/garrcorpcomputer.com\/index.php\/producto\/monitor-27-asus-vg27vq-curvo\/","url_meta":{"origin":5596,"position":1},"title":"Monitor 27&#8243; ASUS VG27VQ curvo","date":"8 de septiembre de 2021","format":false,"excerpt":"Frecuencia de actualizaci\u00f3n: 165 Hz Tiempo de respuesta: 1 ms Resoluci\u00f3n: 1920 x 1080 px Tecnolog\u00eda: Asus Extreme Low Motion blur y FreeSync tipo de panel: VA Puertos: DisplayPort 1.2, HDMI (v2.0) x 1 Dual-Link DVI X 1","rel":"","context":"Entrada similar","img":{"alt_text":"","src":"https:\/\/i1.wp.com\/garrcorpcomputer.com\/wp-content\/uploads\/2021\/09\/monitor-gamer-6.png?fit=502%2C483&ssl=1&resize=350%2C200","width":350,"height":200},"classes":[]},{"id":5602,"url":"https:\/\/garrcorpcomputer.com\/index.php\/producto\/monitor-gaming-curvo-led-aoc-27-c27g2-g-line-2nd-gen\/","url_meta":{"origin":5596,"position":2},"title":"Monitor Gaming curvo LED AOC 27&#8243; C27G2 &#8211; G Line 2nd GEN","date":"8 de septiembre de 2021","format":false,"excerpt":"Frecuencia de actualizaci\u00f3n: 165 Hz Tiempo de respuesta (MPRT): 1 ms Resoluci\u00f3n: 1920 x 1080 Tipo de panel: VA Brillo (t\u00edpico): 250 Dise\u00f1o sin marco de 3 lados y soporte ajustable en altura para tu estaci\u00f3n de batalla completa","rel":"","context":"Entrada similar","img":{"alt_text":"","src":"https:\/\/i1.wp.com\/garrcorpcomputer.com\/wp-content\/uploads\/2021\/09\/monitor-gamer-8.png?fit=561%2C493&ssl=1&resize=350%2C200","width":350,"height":200},"classes":[]},{"id":5567,"url":"https:\/\/garrcorpcomputer.com\/index.php\/producto\/monitor-21-5-asus-vp228qg\/","url_meta":{"origin":5596,"position":3},"title":"Monitor 21.5&#8243; ASUS VP228QG","date":"8 de septiembre de 2021","format":false,"excerpt":"Frecuencia de refresco: 75 Hz Tipo de resoluci\u00f3n: Full HD Relaci\u00f3n de aspecto: 16:9 Tipo de pantalla: LED Resoluci\u00f3n de la pantalla: 1920 x 1080 px Tecnolog\u00edas de la pantalla: TN","rel":"","context":"Entrada similar","img":{"alt_text":"","src":"https:\/\/i2.wp.com\/garrcorpcomputer.com\/wp-content\/uploads\/2021\/09\/monitor-gamer-1-1.png?fit=372%2C261&ssl=1&resize=350%2C200","width":350,"height":200},"classes":[]},{"id":5510,"url":"https:\/\/garrcorpcomputer.com\/index.php\/producto\/celular-samsung-a02\/","url_meta":{"origin":5596,"position":4},"title":"Celular Samsung A02","date":"7 de septiembre de 2021","format":false,"excerpt":"Consultar disponibilidad","rel":"","context":"Entrada similar","img":{"alt_text":"","src":"","width":0,"height":0},"classes":[]},{"id":5570,"url":"https:\/\/garrcorpcomputer.com\/index.php\/producto\/monitor-23-5-asus-vg24vq\/","url_meta":{"origin":5596,"position":5},"title":"Monitor 23.5&#8243; ASUS VG24VQ","date":"8 de septiembre de 2021","format":false,"excerpt":"Frecuencia de refresco: 144 Hz Tiempo de respuesta: 1 ms Tipo de retroiluminaci\u00f3n: LED Tecnolog\u00eda Trace Free FreeSync Superficie de la pantalla: antideslumbrante","rel":"","context":"Entrada similar","img":{"alt_text":"","src":"https:\/\/i1.wp.com\/garrcorpcomputer.com\/wp-content\/uploads\/2021\/09\/monitor-gamer-2-2.png?fit=572%2C433&ssl=1&resize=350%2C200","width":350,"height":200},"classes":[]}],"jetpack_sharing_enabled":true,"_links":{"self":[{"href":"https:\/\/garrcorpcomputer.com\/index.php\/wp-json\/wp\/v2\/product\/5596"}],"collection":[{"href":"https:\/\/garrcorpcomputer.com\/index.php\/wp-json\/wp\/v2\/product"}],"about":[{"href":"https:\/\/garrcorpcomputer.com\/index.php\/wp-json\/wp\/v2\/types\/product"}],"replies":[{"embeddable":true,"href":"https:\/\/garrcorpcomputer.com\/index.php\/wp-json\/wp\/v2\/comments?post=5596"}],"version-history":[{"count":1,"href":"https:\/\/garrcorpcomputer.com\/index.php\/wp-json\/wp\/v2\/product\/5596\/revisions"}],"predecessor-version":[{"id":6044,"href":"https:\/\/garrcorpcomputer.com\/index.php\/wp-json\/wp\/v2\/product\/5596\/revisions\/6044"}],"wp:featuredmedia":[{"embeddable":true,"href":"https:\/\/garrcorpcomputer.com\/index.php\/wp-json\/wp\/v2\/media\/5590"}],"wp:attachment":[{"href":"https:\/\/garrcorpcomputer.com\/index.php\/wp-json\/wp\/v2\/media?parent=5596"}],"wp:term":[{"taxonomy":"product_cat","embeddable":true,"href":"https:\/\/garrcorpcomputer.com\/index.php\/wp-json\/wp\/v2\/product_cat?post=5596"},{"taxonomy":"product_tag","embeddable":true,"href":"https:\/\/garrcorpcomputer.com\/index.php\/wp-json\/wp\/v2\/product_tag?post=5596"}],"curies":[{"name":"wp","href":"https:\/\/api.w.org\/{rel}","templated":true}]}}