{"id":5602,"date":"2021-09-08T17:20:48","date_gmt":"2021-09-08T22:20:48","guid":{"rendered":"https:\/\/garrcorpcomputer.com\/?post_type=product&#038;p=5602"},"modified":"2021-09-16T16:01:10","modified_gmt":"2021-09-16T21:01:10","slug":"monitor-gaming-curvo-led-aoc-27-c27g2-g-line-2nd-gen","status":"publish","type":"product","link":"https:\/\/garrcorpcomputer.com\/index.php\/producto\/monitor-gaming-curvo-led-aoc-27-c27g2-g-line-2nd-gen\/","title":{"rendered":"Monitor Gaming curvo LED AOC 27&#8243; C27G2 &#8211; G Line 2nd GEN"},"content":{"rendered":"<ul>\n<li>Frecuencia de actualizaci\u00f3n: 165 Hz<\/li>\n<li>Tiempo de respuesta (MPRT): 1 ms<\/li>\n<li>Resoluci\u00f3n: 1920 x 1080<\/li>\n<li>Tipo de panel: VA<\/li>\n<li>Brillo (t\u00edpico): 250<\/li>\n<li>Dise\u00f1o sin marco de 3 lados y soporte ajustable en altura para tu estaci\u00f3n de batalla completa<\/li>\n<\/ul>\n","protected":false},"excerpt":{"rendered":"<p>Frecuencia de actualizaci\u00f3n: 165 Hz Tiempo de respuesta (MPRT): 1 ms Resoluci\u00f3n: 1920 x 1080 Tipo de panel: VA Brillo (t\u00edpico): 250 Dise\u00f1o sin marco de 3 lados y soporte ajustable en altura para tu estaci\u00f3n de batalla completa<\/p>\n","protected":false},"featured_media":5603,"comment_status":"closed","ping_status":"closed","template":"","meta":{"om_disable_all_campaigns":false,"_mi_skip_tracking":false,"spay_email":"","jetpack_publicize_message":"","jetpack_is_tweetstorm":false},"product_cat":[328,330],"product_tag":[],"jetpack_publicize_connections":[],"jetpack-related-posts":[],"jetpack_sharing_enabled":true,"_links":{"self":[{"href":"https:\/\/garrcorpcomputer.com\/index.php\/wp-json\/wp\/v2\/product\/5602"}],"collection":[{"href":"https:\/\/garrcorpcomputer.com\/index.php\/wp-json\/wp\/v2\/product"}],"about":[{"href":"https:\/\/garrcorpcomputer.com\/index.php\/wp-json\/wp\/v2\/types\/product"}],"replies":[{"embeddable":true,"href":"https:\/\/garrcorpcomputer.com\/index.php\/wp-json\/wp\/v2\/comments?post=5602"}],"version-history":[{"count":1,"href":"https:\/\/garrcorpcomputer.com\/index.php\/wp-json\/wp\/v2\/product\/5602\/revisions"}],"predecessor-version":[{"id":6046,"href":"https:\/\/garrcorpcomputer.com\/index.php\/wp-json\/wp\/v2\/product\/5602\/revisions\/6046"}],"wp:featuredmedia":[{"embeddable":true,"href":"https:\/\/garrcorpcomputer.com\/index.php\/wp-json\/wp\/v2\/media\/5603"}],"wp:attachment":[{"href":"https:\/\/garrcorpcomputer.com\/index.php\/wp-json\/wp\/v2\/media?parent=5602"}],"wp:term":[{"taxonomy":"product_cat","embeddable":true,"href":"https:\/\/garrcorpcomputer.com\/index.php\/wp-json\/wp\/v2\/product_cat?post=5602"},{"taxonomy":"product_tag","embeddable":true,"href":"https:\/\/garrcorpcomputer.com\/index.php\/wp-json\/wp\/v2\/product_tag?post=5602"}],"curies":[{"name":"wp","href":"https:\/\/api.w.org\/{rel}","templated":true}]}}