{"id":5605,"date":"2021-09-08T17:26:18","date_gmt":"2021-09-08T22:26:18","guid":{"rendered":"https:\/\/garrcorpcomputer.com\/?post_type=product&#038;p=5605"},"modified":"2021-09-16T16:02:24","modified_gmt":"2021-09-16T21:02:24","slug":"monitor-gaming-curvo-lcd-aoc-32-cq32g2s","status":"publish","type":"product","link":"https:\/\/garrcorpcomputer.com\/index.php\/producto\/monitor-gaming-curvo-lcd-aoc-32-cq32g2s\/","title":{"rendered":"Monitor Gaming curvo LCD AOC 32&#8243; CQ32G2S"},"content":{"rendered":"<ul>\n<li>Frecuencia de actualizaci\u00f3n: 165 Hz<\/li>\n<li>Tiempo de respuesta: 1 ms<\/li>\n<li>Monitor de juegos de alto rendimiento con panel VA de resoluci\u00f3n QHD 2K<\/li>\n<li>Resoluci\u00f3n: 2560 x 1440<\/li>\n<li>Tipo de panel: VA<\/li>\n<li>Brillo (t\u00edpico): 300<\/li>\n<\/ul>\n","protected":false},"excerpt":{"rendered":"<p>Frecuencia de actualizaci\u00f3n: 165 Hz Tiempo de respuesta: 1 ms Monitor de juegos de alto rendimiento con panel VA de resoluci\u00f3n QHD 2K Resoluci\u00f3n: 2560 x 1440 Tipo de panel: VA Brillo (t\u00edpico): 300<\/p>\n","protected":false},"featured_media":5606,"comment_status":"closed","ping_status":"closed","template":"","meta":{"om_disable_all_campaigns":false,"_mi_skip_tracking":false,"spay_email":"","jetpack_publicize_message":"","jetpack_is_tweetstorm":false},"product_cat":[328,330],"product_tag":[],"jetpack_publicize_connections":[],"jetpack-related-posts":[{"id":5596,"url":"https:\/\/garrcorpcomputer.com\/index.php\/producto\/monitor-gaming-32-curvo-asus-vg328h1b\/","url_meta":{"origin":5605,"position":0},"title":"Monitor Gaming 32&#8243; curvo ASUS VG328H1B","date":"8 de septiembre de 2021","format":false,"excerpt":"Frecuencia de refresco 165 Hz Tipo de pantalla LED Tipo de resoluci\u00f3n Full HD Pantalla 1920 x 1080 px Curvo: si Tipo de panel: VA","rel":"","context":"Entrada similar","img":{"alt_text":"","src":"https:\/\/i1.wp.com\/garrcorpcomputer.com\/wp-content\/uploads\/2021\/09\/monitor-gamer-6.png?fit=502%2C483&ssl=1&resize=350%2C200","width":350,"height":200},"classes":[]},{"id":5589,"url":"https:\/\/garrcorpcomputer.com\/index.php\/producto\/monitor-27-asus-vg27vq-curvo\/","url_meta":{"origin":5605,"position":1},"title":"Monitor 27&#8243; ASUS VG27VQ curvo","date":"8 de septiembre de 2021","format":false,"excerpt":"Frecuencia de actualizaci\u00f3n: 165 Hz Tiempo de respuesta: 1 ms Resoluci\u00f3n: 1920 x 1080 px Tecnolog\u00eda: Asus Extreme Low Motion blur y FreeSync tipo de panel: VA Puertos: DisplayPort 1.2, HDMI (v2.0) x 1 Dual-Link DVI X 1","rel":"","context":"Entrada similar","img":{"alt_text":"","src":"https:\/\/i1.wp.com\/garrcorpcomputer.com\/wp-content\/uploads\/2021\/09\/monitor-gamer-6.png?fit=502%2C483&ssl=1&resize=350%2C200","width":350,"height":200},"classes":[]},{"id":5602,"url":"https:\/\/garrcorpcomputer.com\/index.php\/producto\/monitor-gaming-curvo-led-aoc-27-c27g2-g-line-2nd-gen\/","url_meta":{"origin":5605,"position":2},"title":"Monitor Gaming curvo LED AOC 27&#8243; C27G2 &#8211; G Line 2nd GEN","date":"8 de septiembre de 2021","format":false,"excerpt":"Frecuencia de actualizaci\u00f3n: 165 Hz Tiempo de respuesta (MPRT): 1 ms Resoluci\u00f3n: 1920 x 1080 Tipo de panel: VA Brillo (t\u00edpico): 250 Dise\u00f1o sin marco de 3 lados y soporte ajustable en altura para tu estaci\u00f3n de batalla completa","rel":"","context":"Entrada similar","img":{"alt_text":"","src":"https:\/\/i1.wp.com\/garrcorpcomputer.com\/wp-content\/uploads\/2021\/09\/monitor-gamer-8.png?fit=561%2C493&ssl=1&resize=350%2C200","width":350,"height":200},"classes":[]},{"id":5599,"url":"https:\/\/garrcorpcomputer.com\/index.php\/producto\/monitor-gaming-27-aoc-27g2\/","url_meta":{"origin":5605,"position":3},"title":"Monitor Gaming 27&#8243; AOC 27G2","date":"8 de septiembre de 2021","format":false,"excerpt":"144 Hz, 1 ms, Freesync, altavoces, inclinaci\u00f3n Monitor de juego ajustable en altura Resoluci\u00f3n: 1920 x 1080 px Frecuencia de actualizaci\u00f3n: 144 Hz Panel: IPS Relaci\u00f3n de aspecto: 16:09 Brillo (t\u00edpico): 250 cd\/m","rel":"","context":"Entrada similar","img":{"alt_text":"","src":"https:\/\/i2.wp.com\/garrcorpcomputer.com\/wp-content\/uploads\/2021\/09\/monitor-gamer-7.png?fit=512%2C434&ssl=1&resize=350%2C200","width":350,"height":200},"classes":[]},{"id":5578,"url":"https:\/\/garrcorpcomputer.com\/index.php\/producto\/monitor-gaming-24-aoc-24g2\/","url_meta":{"origin":5605,"position":4},"title":"Monitor Gaming 24&#8243; AOC 24G2","date":"8 de septiembre de 2021","format":false,"excerpt":"Frecuencia de actualizaci\u00f3n 144 Hz Tiempo de respuesta (MPRT) 1 ms Resoluci\u00f3n 1920 x 1080 Tipo de panel IPS Brillo (t\u00edpico) 250 Soporte AMD FreeSync Soporte ajustable en altura","rel":"","context":"Entrada similar","img":{"alt_text":"","src":"https:\/\/i0.wp.com\/garrcorpcomputer.com\/wp-content\/uploads\/2021\/09\/monitor-gamer-3.png?fit=471%2C442&ssl=1&resize=350%2C200","width":350,"height":200},"classes":[]},{"id":5586,"url":"https:\/\/garrcorpcomputer.com\/index.php\/producto\/monitor-gigabyte-27-g27f\/","url_meta":{"origin":5605,"position":5},"title":"Monitor Gigabyte 27&#8243; G27F","date":"8 de septiembre de 2021","format":false,"excerpt":"Frecuencia de actualizaci\u00f3n: 144 Hz tiempo de respuesta: 1 ms Resoluci\u00f3n: 1920 px x 1080 px Tecnolog\u00edas: black equalizer, AIM Stabilizer,Dashboard, OSD Sidekick Tipo de panel: IPS a 95% DCI-P3 \u00a0Parlantes: si incluye","rel":"","context":"Entrada similar","img":{"alt_text":"","src":"https:\/\/i1.wp.com\/garrcorpcomputer.com\/wp-content\/uploads\/2021\/09\/monitor-gamer-5.png?fit=372%2C282&ssl=1&resize=350%2C200","width":350,"height":200},"classes":[]}],"jetpack_sharing_enabled":true,"_links":{"self":[{"href":"https:\/\/garrcorpcomputer.com\/index.php\/wp-json\/wp\/v2\/product\/5605"}],"collection":[{"href":"https:\/\/garrcorpcomputer.com\/index.php\/wp-json\/wp\/v2\/product"}],"about":[{"href":"https:\/\/garrcorpcomputer.com\/index.php\/wp-json\/wp\/v2\/types\/product"}],"replies":[{"embeddable":true,"href":"https:\/\/garrcorpcomputer.com\/index.php\/wp-json\/wp\/v2\/comments?post=5605"}],"version-history":[{"count":1,"href":"https:\/\/garrcorpcomputer.com\/index.php\/wp-json\/wp\/v2\/product\/5605\/revisions"}],"predecessor-version":[{"id":6047,"href":"https:\/\/garrcorpcomputer.com\/index.php\/wp-json\/wp\/v2\/product\/5605\/revisions\/6047"}],"wp:featuredmedia":[{"embeddable":true,"href":"https:\/\/garrcorpcomputer.com\/index.php\/wp-json\/wp\/v2\/media\/5606"}],"wp:attachment":[{"href":"https:\/\/garrcorpcomputer.com\/index.php\/wp-json\/wp\/v2\/media?parent=5605"}],"wp:term":[{"taxonomy":"product_cat","embeddable":true,"href":"https:\/\/garrcorpcomputer.com\/index.php\/wp-json\/wp\/v2\/product_cat?post=5605"},{"taxonomy":"product_tag","embeddable":true,"href":"https:\/\/garrcorpcomputer.com\/index.php\/wp-json\/wp\/v2\/product_tag?post=5605"}],"curies":[{"name":"wp","href":"https:\/\/api.w.org\/{rel}","templated":true}]}}