{"id":5615,"date":"2021-09-08T18:30:57","date_gmt":"2021-09-08T23:30:57","guid":{"rendered":"https:\/\/garrcorpcomputer.com\/?post_type=product&#038;p=5615"},"modified":"2021-09-16T15:41:12","modified_gmt":"2021-09-16T20:41:12","slug":"silla-gamer-zk-159","status":"publish","type":"product","link":"https:\/\/garrcorpcomputer.com\/index.php\/producto\/silla-gamer-zk-159\/","title":{"rendered":"Silla Gamer ZK-159"},"content":{"rendered":"<ul>\n<li>180\u00b0 reclinable<\/li>\n<li>Ajuste de altura del asiento<\/li>\n<li>Movimiento 360\u00b0<\/li>\n<li>Reposabrazos ajustables<\/li>\n<li>Coj\u00edn cervical y lumbar ergon\u00f3mico<\/li>\n<li>Material: cuerina de alta densidad<\/li>\n<li>Material base arco de metal resistente<\/li>\n<li>Mecanismo funcional: ajuste de altura e hidr\u00e1ulico alta calidad<\/li>\n<li>Ruedas de alta resistencia<\/li>\n<li>Apoya cabeza y espalda configuraci\u00f3n 2D<\/li>\n<\/ul>\n","protected":false},"excerpt":{"rendered":"<p>180\u00b0 reclinable Ajuste de altura del asiento Movimiento 360\u00b0 Reposabrazos ajustables Coj\u00edn cervical y lumbar ergon\u00f3mico Material: cuerina de alta densidad Material base arco de metal resistente Mecanismo funcional: ajuste de altura e hidr\u00e1ulico alta calidad Ruedas de alta resistencia Apoya cabeza y espalda configuraci\u00f3n 2D<\/p>\n","protected":false},"featured_media":5616,"comment_status":"closed","ping_status":"closed","template":"","meta":{"om_disable_all_campaigns":false,"_mi_skip_tracking":false,"spay_email":"","jetpack_publicize_message":"","jetpack_is_tweetstorm":false},"product_cat":[328,327],"product_tag":[],"jetpack_publicize_connections":[],"jetpack-related-posts":[{"id":5622,"url":"https:\/\/garrcorpcomputer.com\/index.php\/producto\/silla-gamer-zk-1711\/","url_meta":{"origin":5615,"position":0},"title":"Silla Gamer ZK-1711","date":"8 de septiembre de 2021","format":false,"excerpt":"180\u00b0 reclinable Ajuste de altura del asiento Movimiento 360\u00b0 Reposabrazos ajustables Coj\u00edn cervical y lumbar ergon\u00f3mico Descansa pies Material: cuerina de alta densidad Material base arco de metal resistente Apoya abrazo ajustable se configura seg\u00fan altura requerida Mecanismo funcional: ajuste de altura e hidr\u00e1ulico de alta calidad ruedas de alta\u2026","rel":"","context":"Entrada similar","img":{"alt_text":"","src":"https:\/\/i2.wp.com\/garrcorpcomputer.com\/wp-content\/uploads\/2021\/09\/silla-gamer-7.png?fit=340%2C426&ssl=1&resize=350%2C200","width":350,"height":200},"classes":[]},{"id":5612,"url":"https:\/\/garrcorpcomputer.com\/index.php\/producto\/silla-gamer-zk-528\/","url_meta":{"origin":5615,"position":1},"title":"Silla Gamer ZK-528","date":"8 de septiembre de 2021","format":false,"excerpt":"135\u00b0 reclinable Ajuste de altura del asiento Movimiento 360\u00b0 Reposabrazos Coj\u00edn lumbar ergon\u00f3mico Descansa pies Material: cuerina de alta densidad - material base arco de metal resistente Mecanismo funcional: ajuste de altura e hidr\u00e1ulico alta calidad, ruedas de alta resistencia","rel":"","context":"Entrada similar","img":{"alt_text":"","src":"https:\/\/i2.wp.com\/garrcorpcomputer.com\/wp-content\/uploads\/2021\/09\/silla-gamer-5.png?fit=261%2C422&ssl=1&resize=350%2C200","width":350,"height":200},"classes":[]},{"id":4213,"url":"https:\/\/garrcorpcomputer.com\/index.php\/producto\/diadema-gamer-tech-rgb-ref-11010\/","url_meta":{"origin":5615,"position":2},"title":"Diadema Gamer Tech Clan RGB Ref 11010","date":"28 de agosto de 2021","format":false,"excerpt":"Iluminaci\u00f3n LED RGB Diadema para PS4, XBOX ONE y PC SUPER BASS Sonido envolvente Ajustable y ergon\u00f3mica Dise\u00f1o GAMER de lujo Material de alta calidad ABS Conexi\u00f3n 3,5 mm para audio USB para luces LED RGB Micr\u00f3fono ajustable de alta definici\u00f3n Control de volumen y silenciar micr\u00f3fono Di\u00e1metro del auricular:\u2026","rel":"","context":"Entrada similar","img":{"alt_text":"","src":"https:\/\/i1.wp.com\/garrcorpcomputer.com\/wp-content\/uploads\/2021\/08\/diadema-12.png?fit=459%2C373&ssl=1&resize=350%2C200","width":350,"height":200},"classes":[]},{"id":5751,"url":"https:\/\/garrcorpcomputer.com\/index.php\/producto\/teclado-usb-gamer-tech-gtx80t\/","url_meta":{"origin":5615,"position":3},"title":"Teclado USB Gamer Tech GTX80T","date":"10 de septiembre de 2021","format":false,"excerpt":"Teclado mec\u00e1nico gamer pro Retroiluminado super RGB Teclas de interruptor mec\u00e1nico de eje azul para juegos Teclas resistentes hasta 50 millones de pulsaciones \u00a0Letras grabadas para evitar desgaste Cambio de patr\u00f3n de luces hasta 10 modos Teclado a prueba de salpicaduras \u00c1ngulo ajustable 12 teclas de acceso directo a multimedia\u2026","rel":"","context":"Entrada similar","img":{"alt_text":"","src":"https:\/\/i0.wp.com\/garrcorpcomputer.com\/wp-content\/uploads\/2021\/09\/teclado-gamer-2.png?fit=432%2C281&ssl=1&resize=350%2C200","width":350,"height":200},"classes":[]},{"id":5609,"url":"https:\/\/garrcorpcomputer.com\/index.php\/producto\/silla-gamer-zk-1524\/","url_meta":{"origin":5615,"position":4},"title":"Silla Gamer ZK-1524","date":"8 de septiembre de 2021","format":false,"excerpt":"150\u00b0 reclinable: inclinaci\u00f3n hacia atr\u00e1s Ajuste de altura del asiento : apto para realizar multitareas Movimiento 360\u00b0 Reposabrazos ajustables Coj\u00edn cervical y lumbar ergon\u00f3mico Respaldar y asiento acolchado tapizado en cuero sint\u00e9tico Estructura interna con marco de acero moldeado Relleno de espuma inyectada 60kg\/m3 Almohadilla lumbar y cervical graduable en\u2026","rel":"","context":"Entrada similar","img":{"alt_text":"","src":"https:\/\/i2.wp.com\/garrcorpcomputer.com\/wp-content\/uploads\/2021\/09\/silla-gamer-4.png?fit=202%2C351&ssl=1&resize=350%2C200","width":350,"height":200},"classes":[]},{"id":4289,"url":"https:\/\/garrcorpcomputer.com\/index.php\/producto\/combo-gamer-mouse-teclado-y-diadema-ctmgjr-012\/","url_meta":{"origin":5615,"position":5},"title":"Combo Gamer Mouse, Teclado y Diadema CTMGJR-012","date":"29 de agosto de 2021","format":false,"excerpt":"ILUMINACION LED BASE MET\u00c1LICA 12 TECLAS MUITIMEDIA REPOSA MU\u00d1ECAS MOUSE 6D 6 BOTONES DPI AJUSTABLE (800 - 2400) DIADEMA CON MICR\u00d3FONO RETROILUMINADA ALTA CALIDAD DE AUDIO CABLE SUPER LARGO Y BLINDADO BANDA DE AJUSTE A PRESI\u00d3N","rel":"","context":"Entrada similar","img":{"alt_text":"","src":"https:\/\/i0.wp.com\/garrcorpcomputer.com\/wp-content\/uploads\/2021\/08\/combo-gamer-2.png?fit=578%2C522&ssl=1&resize=350%2C200","width":350,"height":200},"classes":[]}],"jetpack_sharing_enabled":true,"_links":{"self":[{"href":"https:\/\/garrcorpcomputer.com\/index.php\/wp-json\/wp\/v2\/product\/5615"}],"collection":[{"href":"https:\/\/garrcorpcomputer.com\/index.php\/wp-json\/wp\/v2\/product"}],"about":[{"href":"https:\/\/garrcorpcomputer.com\/index.php\/wp-json\/wp\/v2\/types\/product"}],"replies":[{"embeddable":true,"href":"https:\/\/garrcorpcomputer.com\/index.php\/wp-json\/wp\/v2\/comments?post=5615"}],"version-history":[{"count":1,"href":"https:\/\/garrcorpcomputer.com\/index.php\/wp-json\/wp\/v2\/product\/5615\/revisions"}],"predecessor-version":[{"id":6034,"href":"https:\/\/garrcorpcomputer.com\/index.php\/wp-json\/wp\/v2\/product\/5615\/revisions\/6034"}],"wp:featuredmedia":[{"embeddable":true,"href":"https:\/\/garrcorpcomputer.com\/index.php\/wp-json\/wp\/v2\/media\/5616"}],"wp:attachment":[{"href":"https:\/\/garrcorpcomputer.com\/index.php\/wp-json\/wp\/v2\/media?parent=5615"}],"wp:term":[{"taxonomy":"product_cat","embeddable":true,"href":"https:\/\/garrcorpcomputer.com\/index.php\/wp-json\/wp\/v2\/product_cat?post=5615"},{"taxonomy":"product_tag","embeddable":true,"href":"https:\/\/garrcorpcomputer.com\/index.php\/wp-json\/wp\/v2\/product_tag?post=5615"}],"curies":[{"name":"wp","href":"https:\/\/api.w.org\/{rel}","templated":true}]}}