{"id":5622,"date":"2021-09-08T18:58:48","date_gmt":"2021-09-08T23:58:48","guid":{"rendered":"https:\/\/garrcorpcomputer.com\/?post_type=product&#038;p=5622"},"modified":"2021-10-01T00:00:59","modified_gmt":"2021-10-01T05:00:59","slug":"silla-gamer-zk-1711","status":"publish","type":"product","link":"https:\/\/garrcorpcomputer.com\/index.php\/producto\/silla-gamer-zk-1711\/","title":{"rendered":"Silla Gamer ZK-1711"},"content":{"rendered":"<ul>\n<li>180\u00b0 reclinable<\/li>\n<li>Ajuste de altura del asiento<\/li>\n<li>Movimiento 360\u00b0<\/li>\n<li>Reposabrazos ajustables<\/li>\n<li>Coj\u00edn cervical y lumbar ergon\u00f3mico<\/li>\n<li>Descansa pies<\/li>\n<li>Material: cuerina de alta densidad<\/li>\n<li>Material base arco de metal resistente<\/li>\n<li>Apoya abrazo ajustable se configura seg\u00fan altura requerida<\/li>\n<li>Mecanismo funcional: ajuste de altura e hidr\u00e1ulico de alta calidad<\/li>\n<li>ruedas de alta resistencia<\/li>\n<li>Apoya espalda configuraci\u00f3n 2D<\/li>\n<\/ul>\n","protected":false},"excerpt":{"rendered":"<p>180\u00b0 reclinable Ajuste de altura del asiento Movimiento 360\u00b0 Reposabrazos ajustables Coj\u00edn cervical y lumbar ergon\u00f3mico Descansa pies Material: cuerina de alta densidad Material base arco de metal resistente Apoya abrazo ajustable se configura seg\u00fan altura requerida Mecanismo funcional: ajuste de altura e hidr\u00e1ulico de alta calidad ruedas de alta resistencia Apoya espalda configuraci\u00f3n 2D<\/p>\n","protected":false},"featured_media":5623,"comment_status":"closed","ping_status":"closed","template":"","meta":{"om_disable_all_campaigns":false,"_mi_skip_tracking":false,"spay_email":"","jetpack_publicize_message":"","jetpack_is_tweetstorm":false},"product_cat":[328,327],"product_tag":[],"jetpack_publicize_connections":[],"jetpack-related-posts":[{"id":5615,"url":"https:\/\/garrcorpcomputer.com\/index.php\/producto\/silla-gamer-zk-159\/","url_meta":{"origin":5622,"position":0},"title":"Silla Gamer ZK-159","date":"8 de septiembre de 2021","format":false,"excerpt":"180\u00b0 reclinable Ajuste de altura del asiento Movimiento 360\u00b0 Reposabrazos ajustables Coj\u00edn cervical y lumbar ergon\u00f3mico Material: cuerina de alta densidad Material base arco de metal resistente Mecanismo funcional: ajuste de altura e hidr\u00e1ulico alta calidad Ruedas de alta resistencia Apoya cabeza y espalda configuraci\u00f3n 2D","rel":"","context":"Entrada similar","img":{"alt_text":"","src":"https:\/\/i0.wp.com\/garrcorpcomputer.com\/wp-content\/uploads\/2021\/09\/silla-gamer-6.png?fit=409%2C334&ssl=1&resize=350%2C200","width":350,"height":200},"classes":[]},{"id":5612,"url":"https:\/\/garrcorpcomputer.com\/index.php\/producto\/silla-gamer-zk-528\/","url_meta":{"origin":5622,"position":1},"title":"Silla Gamer ZK-528","date":"8 de septiembre de 2021","format":false,"excerpt":"135\u00b0 reclinable Ajuste de altura del asiento Movimiento 360\u00b0 Reposabrazos Coj\u00edn lumbar ergon\u00f3mico Descansa pies Material: cuerina de alta densidad - material base arco de metal resistente Mecanismo funcional: ajuste de altura e hidr\u00e1ulico alta calidad, ruedas de alta resistencia","rel":"","context":"Entrada similar","img":{"alt_text":"","src":"https:\/\/i2.wp.com\/garrcorpcomputer.com\/wp-content\/uploads\/2021\/09\/silla-gamer-5.png?fit=261%2C422&ssl=1&resize=350%2C200","width":350,"height":200},"classes":[]},{"id":5609,"url":"https:\/\/garrcorpcomputer.com\/index.php\/producto\/silla-gamer-zk-1524\/","url_meta":{"origin":5622,"position":2},"title":"Silla Gamer ZK-1524","date":"8 de septiembre de 2021","format":false,"excerpt":"150\u00b0 reclinable: inclinaci\u00f3n hacia atr\u00e1s Ajuste de altura del asiento : apto para realizar multitareas Movimiento 360\u00b0 Reposabrazos ajustables Coj\u00edn cervical y lumbar ergon\u00f3mico Respaldar y asiento acolchado tapizado en cuero sint\u00e9tico Estructura interna con marco de acero moldeado Relleno de espuma inyectada 60kg\/m3 Almohadilla lumbar y cervical graduable en\u2026","rel":"","context":"Entrada similar","img":{"alt_text":"","src":"https:\/\/i2.wp.com\/garrcorpcomputer.com\/wp-content\/uploads\/2021\/09\/silla-gamer-4.png?fit=202%2C351&ssl=1&resize=350%2C200","width":350,"height":200},"classes":[]},{"id":4213,"url":"https:\/\/garrcorpcomputer.com\/index.php\/producto\/diadema-gamer-tech-rgb-ref-11010\/","url_meta":{"origin":5622,"position":3},"title":"Diadema Gamer Tech Clan RGB Ref 11010","date":"28 de agosto de 2021","format":false,"excerpt":"Iluminaci\u00f3n LED RGB Diadema para PS4, XBOX ONE y PC SUPER BASS Sonido envolvente Ajustable y ergon\u00f3mica Dise\u00f1o GAMER de lujo Material de alta calidad ABS Conexi\u00f3n 3,5 mm para audio USB para luces LED RGB Micr\u00f3fono ajustable de alta definici\u00f3n Control de volumen y silenciar micr\u00f3fono Di\u00e1metro del auricular:\u2026","rel":"","context":"Entrada similar","img":{"alt_text":"","src":"https:\/\/i1.wp.com\/garrcorpcomputer.com\/wp-content\/uploads\/2021\/08\/diadema-12.png?fit=459%2C373&ssl=1&resize=350%2C200","width":350,"height":200},"classes":[]},{"id":5751,"url":"https:\/\/garrcorpcomputer.com\/index.php\/producto\/teclado-usb-gamer-tech-gtx80t\/","url_meta":{"origin":5622,"position":4},"title":"Teclado USB Gamer Tech GTX80T","date":"10 de septiembre de 2021","format":false,"excerpt":"Teclado mec\u00e1nico gamer pro Retroiluminado super RGB Teclas de interruptor mec\u00e1nico de eje azul para juegos Teclas resistentes hasta 50 millones de pulsaciones \u00a0Letras grabadas para evitar desgaste Cambio de patr\u00f3n de luces hasta 10 modos Teclado a prueba de salpicaduras \u00c1ngulo ajustable 12 teclas de acceso directo a multimedia\u2026","rel":"","context":"Entrada similar","img":{"alt_text":"","src":"https:\/\/i0.wp.com\/garrcorpcomputer.com\/wp-content\/uploads\/2021\/09\/teclado-gamer-2.png?fit=432%2C281&ssl=1&resize=350%2C200","width":350,"height":200},"classes":[]},{"id":5578,"url":"https:\/\/garrcorpcomputer.com\/index.php\/producto\/monitor-gaming-24-aoc-24g2\/","url_meta":{"origin":5622,"position":5},"title":"Monitor Gaming 24&#8243; AOC 24G2","date":"8 de septiembre de 2021","format":false,"excerpt":"Frecuencia de actualizaci\u00f3n 144 Hz Tiempo de respuesta (MPRT) 1 ms Resoluci\u00f3n 1920 x 1080 Tipo de panel IPS Brillo (t\u00edpico) 250 Soporte AMD FreeSync Soporte ajustable en altura","rel":"","context":"Entrada similar","img":{"alt_text":"","src":"https:\/\/i0.wp.com\/garrcorpcomputer.com\/wp-content\/uploads\/2021\/09\/monitor-gamer-3.png?fit=471%2C442&ssl=1&resize=350%2C200","width":350,"height":200},"classes":[]}],"jetpack_sharing_enabled":true,"_links":{"self":[{"href":"https:\/\/garrcorpcomputer.com\/index.php\/wp-json\/wp\/v2\/product\/5622"}],"collection":[{"href":"https:\/\/garrcorpcomputer.com\/index.php\/wp-json\/wp\/v2\/product"}],"about":[{"href":"https:\/\/garrcorpcomputer.com\/index.php\/wp-json\/wp\/v2\/types\/product"}],"replies":[{"embeddable":true,"href":"https:\/\/garrcorpcomputer.com\/index.php\/wp-json\/wp\/v2\/comments?post=5622"}],"version-history":[{"count":0,"href":"https:\/\/garrcorpcomputer.com\/index.php\/wp-json\/wp\/v2\/product\/5622\/revisions"}],"wp:featuredmedia":[{"embeddable":true,"href":"https:\/\/garrcorpcomputer.com\/index.php\/wp-json\/wp\/v2\/media\/5623"}],"wp:attachment":[{"href":"https:\/\/garrcorpcomputer.com\/index.php\/wp-json\/wp\/v2\/media?parent=5622"}],"wp:term":[{"taxonomy":"product_cat","embeddable":true,"href":"https:\/\/garrcorpcomputer.com\/index.php\/wp-json\/wp\/v2\/product_cat?post=5622"},{"taxonomy":"product_tag","embeddable":true,"href":"https:\/\/garrcorpcomputer.com\/index.php\/wp-json\/wp\/v2\/product_tag?post=5622"}],"curies":[{"name":"wp","href":"https:\/\/api.w.org\/{rel}","templated":true}]}}