{"id":5632,"date":"2021-09-09T15:23:36","date_gmt":"2021-09-09T20:23:36","guid":{"rendered":"https:\/\/garrcorpcomputer.com\/?post_type=product&#038;p=5632"},"modified":"2021-09-16T16:58:08","modified_gmt":"2021-09-16T21:58:08","slug":"masterbox-q300l-elite-v3-full-range-500w","status":"publish","type":"product","link":"https:\/\/garrcorpcomputer.com\/index.php\/producto\/masterbox-q300l-elite-v3-full-range-500w\/","title":{"rendered":"MasterBox Q300L + Elite V3 Full Range 500W"},"content":{"rendered":"<ul>\n<li>Alta flexibilidad para la construcci\u00f3n de sistemas<\/li>\n<li>Dimensi\u00f3n minimizada con soporte ATX PSU<\/li>\n<li>Filtro de polvo estampado<\/li>\n<li>Espacio de enrutamiento limpio<\/li>\n<li>Excelente rendimiento t\u00e9rmico<\/li>\n<li>Panel lateral transparente<\/li>\n<li>Acr\u00edlico de borde a borde<\/li>\n<li>Posici\u00f3n vertical y horizontal<\/li>\n<\/ul>\n","protected":false},"excerpt":{"rendered":"<p>Alta flexibilidad para la construcci\u00f3n de sistemas Dimensi\u00f3n minimizada con soporte ATX PSU Filtro de polvo estampado Espacio de enrutamiento limpio Excelente rendimiento t\u00e9rmico Panel lateral transparente Acr\u00edlico de borde a borde Posici\u00f3n vertical y horizontal<\/p>\n","protected":false},"featured_media":5633,"comment_status":"closed","ping_status":"closed","template":"","meta":{"om_disable_all_campaigns":false,"_mi_skip_tracking":false,"spay_email":"","jetpack_publicize_message":"","jetpack_is_tweetstorm":false},"product_cat":[332,75],"product_tag":[],"jetpack_publicize_connections":[],"jetpack-related-posts":[{"id":4336,"url":"https:\/\/garrcorpcomputer.com\/index.php\/producto\/combo-mouse-pad-gamer-tech-gtx7c-ref-10954\/","url_meta":{"origin":5632,"position":0},"title":"Combo Mouse Pad Gamer TECH GTX7C REF 10954","date":"30 de agosto de 2021","format":false,"excerpt":"Mouse para juegos 7d IC: 601 DPI: 800 \/ 1600 \/ 2000 \/ 2400 DPI, 7 respiraci\u00f3n de deslumbramiento de color Longitud del cable: 1,5 mts Vida \u00fatil: 3 millones de veces Tensi\u00f3n nominal: 5V Corrientes nominal: 100ma Pad mouse Tama\u00f1o: 287x244x2 mm La estructura de telara\u00f1a de alta densidad\u2026","rel":"","context":"Entrada similar","img":{"alt_text":"","src":"https:\/\/i2.wp.com\/garrcorpcomputer.com\/wp-content\/uploads\/2021\/08\/COMBO-GAMER-9-1.png?fit=491%2C532&ssl=1&resize=350%2C200","width":350,"height":200},"classes":[]},{"id":4445,"url":"https:\/\/garrcorpcomputer.com\/index.php\/producto\/portatil-asus-x509ua-ej345-core3-7020u-4gb-256gb-ssd-linux-m05910\/","url_meta":{"origin":5632,"position":1},"title":"Port\u00e1til Asus X509ua-ej345 Core!3- 7020u 4GB 256Gb Ssd Linux-M05910","date":"31 de agosto de 2021","format":false,"excerpt":"Procesador: Intel Core i3 7020U 2 N\u00facleos (DualCore) 2.30 GHz \u00a0Gr\u00e1ficos: Integrados Gr\u00e1ficos HD Intel\u00ae 620 Memoria RAM: 4GB OnBoard DDR4 2400 MHz Sistema operativo: Linux Disco Duro: 256GB SSD Conexi\u00f3n M2 PCIe Pantalla: 15.6 Pulgadas Full HD (1920 * 1080) con Bordes Reducidos (Nano Edge) Conectividad: Wi-Fi 5 (802.11\u2026","rel":"","context":"Entrada similar","img":{"alt_text":"","src":"https:\/\/i1.wp.com\/garrcorpcomputer.com\/wp-content\/uploads\/2021\/08\/portatil-1-1.png?fit=391%2C263&ssl=1&resize=350%2C200","width":350,"height":200},"classes":[]}],"jetpack_sharing_enabled":true,"_links":{"self":[{"href":"https:\/\/garrcorpcomputer.com\/index.php\/wp-json\/wp\/v2\/product\/5632"}],"collection":[{"href":"https:\/\/garrcorpcomputer.com\/index.php\/wp-json\/wp\/v2\/product"}],"about":[{"href":"https:\/\/garrcorpcomputer.com\/index.php\/wp-json\/wp\/v2\/types\/product"}],"replies":[{"embeddable":true,"href":"https:\/\/garrcorpcomputer.com\/index.php\/wp-json\/wp\/v2\/comments?post=5632"}],"version-history":[{"count":1,"href":"https:\/\/garrcorpcomputer.com\/index.php\/wp-json\/wp\/v2\/product\/5632\/revisions"}],"predecessor-version":[{"id":6065,"href":"https:\/\/garrcorpcomputer.com\/index.php\/wp-json\/wp\/v2\/product\/5632\/revisions\/6065"}],"wp:featuredmedia":[{"embeddable":true,"href":"https:\/\/garrcorpcomputer.com\/index.php\/wp-json\/wp\/v2\/media\/5633"}],"wp:attachment":[{"href":"https:\/\/garrcorpcomputer.com\/index.php\/wp-json\/wp\/v2\/media?parent=5632"}],"wp:term":[{"taxonomy":"product_cat","embeddable":true,"href":"https:\/\/garrcorpcomputer.com\/index.php\/wp-json\/wp\/v2\/product_cat?post=5632"},{"taxonomy":"product_tag","embeddable":true,"href":"https:\/\/garrcorpcomputer.com\/index.php\/wp-json\/wp\/v2\/product_tag?post=5632"}],"curies":[{"name":"wp","href":"https:\/\/api.w.org\/{rel}","templated":true}]}}