{"id":5638,"date":"2021-09-09T15:35:11","date_gmt":"2021-09-09T20:35:11","guid":{"rendered":"https:\/\/garrcorpcomputer.com\/?post_type=product&#038;p=5638"},"modified":"2021-09-16T16:58:44","modified_gmt":"2021-09-16T21:58:44","slug":"masterbox-mb520-rgb-mwe-white-full-range-650w","status":"publish","type":"product","link":"https:\/\/garrcorpcomputer.com\/index.php\/producto\/masterbox-mb520-rgb-mwe-white-full-range-650w\/","title":{"rendered":"MasterBox MB520 RGB + MWE White Full Range 650W"},"content":{"rendered":"<ul>\n<li>Panel frontal DarkMirror<\/li>\n<li>Ventiladores LED RGB y control de iluminaci\u00f3n<\/li>\n<li>Ingestas de rendimiento<\/li>\n<li>Panel lateral de vidrio templado<\/li>\n<li>Soporte para un total de 6 ventiladores y refrigeraci\u00f3n por agua<\/li>\n<li>Soporte de tarjeta gr\u00e1fica de hasta 410 mm<\/li>\n<li>Bandejas de almacenamiento y cubierta de PSU completa<\/li>\n<\/ul>\n","protected":false},"excerpt":{"rendered":"<p>Panel frontal DarkMirror Ventiladores LED RGB y control de iluminaci\u00f3n Ingestas de rendimiento Panel lateral de vidrio templado Soporte para un total de 6 ventiladores y refrigeraci\u00f3n por agua Soporte de tarjeta gr\u00e1fica de hasta 410 mm Bandejas de almacenamiento y cubierta de PSU completa<\/p>\n","protected":false},"featured_media":5640,"comment_status":"closed","ping_status":"closed","template":"","meta":{"om_disable_all_campaigns":false,"_mi_skip_tracking":false,"spay_email":"","jetpack_publicize_message":"","jetpack_is_tweetstorm":false},"product_cat":[332,75],"product_tag":[],"jetpack_publicize_connections":[],"jetpack-related-posts":[{"id":5855,"url":"https:\/\/garrcorpcomputer.com\/index.php\/producto\/base-refrigerante-lujo-q8\/","url_meta":{"origin":5638,"position":0},"title":"Base refrigerante lujo Q8","date":"11 de septiembre de 2021","format":false,"excerpt":"6 Ventiladores Interfaz USB LED 7 \u00e1ngulos de inclinaci\u00f3n Dise\u00f1o gamer luces RGB 6 modos Soporta de 12\u201d a 18\u201d Dual USB Velocidad ajustable y panel de control","rel":"","context":"Con 2 comentarios","img":{"alt_text":"","src":"","width":0,"height":0},"classes":[]},{"id":5643,"url":"https:\/\/garrcorpcomputer.com\/index.php\/producto\/ventilador-sickleflow-120-rgb\/","url_meta":{"origin":5638,"position":1},"title":"Ventilador sickleFlow 120 RGB","date":"9 de septiembre de 2021","format":false,"excerpt":"","rel":"","context":"Entrada similar","img":{"alt_text":"","src":"","width":0,"height":0},"classes":[]},{"id":6068,"url":"https:\/\/garrcorpcomputer.com\/index.php\/producto\/caja-atx-cl-l18-ventiladores-argbcontrolador\/","url_meta":{"origin":5638,"position":2},"title":"Caja ATX: CL-L18 ventiladores ARGB+controlador R5680XGSL Ryzen 5","date":"17 de septiembre de 2021","format":false,"excerpt":"Procesador: AMD Ryzen 5 5600X 3.7GHz Board: Gigabyte B450M Aourus elite Memoria: Adata XPG Spectrix DT41 8GB DDR4 RGB 3200MHZ Disco duro: estado solido Adata 240GB M.2 sata Fuente de poder: Cooler master bronce V2 80 plus 500W","rel":"","context":"Con 2 comentarios","img":{"alt_text":"","src":"https:\/\/i0.wp.com\/garrcorpcomputer.com\/wp-content\/uploads\/2021\/09\/torre-1.png?fit=339%2C345&ssl=1&resize=350%2C200","width":350,"height":200},"classes":[]},{"id":6071,"url":"https:\/\/garrcorpcomputer.com\/index.php\/producto\/caja-atx-cl-y1-ventiladores-argb-controlador-r5680xsy\/","url_meta":{"origin":5638,"position":3},"title":"Caja ATX: CL-Y1 ventiladores ARGB+ controlador R5680XSY Ryzen 5","date":"17 de septiembre de 2021","format":false,"excerpt":"Procesador: AMD Ryzen 5 5600X 3.7 GHz Board: Asus prime A520M-A Memoria: Adata XPG spectrix DT41 8GB DDR4 RGB 3200MHZ Disco duro: estado solido Adata 240GB M.2 Sata Fuente de poder: Cooler master bronce V2 80 plus 500W","rel":"","context":"Con 3 comentarios","img":{"alt_text":"","src":"https:\/\/i0.wp.com\/garrcorpcomputer.com\/wp-content\/uploads\/2021\/09\/torre-2.png?fit=362%2C331&ssl=1&resize=350%2C200","width":350,"height":200},"classes":[]},{"id":4183,"url":"https:\/\/garrcorpcomputer.com\/index.php\/producto\/teclado-gamer-retroiluminado-rgb-led-one-hand-jyr-technology\/","url_meta":{"origin":5638,"position":4},"title":"Teclado Gamer Retroiluminado RGB Led one Hand JyR Technology","date":"28 de agosto de 2021","format":false,"excerpt":"5 teclas multimedia Cable de 1.4 mt 35 teclas Soporte para mu\u00f1eca Teclado retroiluminado Compatible con smartphone","rel":"","context":"Entrada similar","img":{"alt_text":"","src":"https:\/\/i2.wp.com\/garrcorpcomputer.com\/wp-content\/uploads\/2021\/08\/teclado-10.png?fit=374%2C503&ssl=1&resize=350%2C200","width":350,"height":200},"classes":[]},{"id":5635,"url":"https:\/\/garrcorpcomputer.com\/index.php\/producto\/mastercase-h500-argb\/","url_meta":{"origin":5638,"position":5},"title":"MasterCase H500 ARGB","date":"9 de septiembre de 2021","format":false,"excerpt":"Panel frontal transparente y de malla Ventiladores compatibles: ARGB duales de 200 mm Sistema de iluminaci\u00f3n ARGB Panel lateral de vidrio templado Manija para f\u00e1cil transporte y levantamiento","rel":"","context":"Entrada similar","img":{"alt_text":"","src":"","width":0,"height":0},"classes":[]}],"jetpack_sharing_enabled":true,"_links":{"self":[{"href":"https:\/\/garrcorpcomputer.com\/index.php\/wp-json\/wp\/v2\/product\/5638"}],"collection":[{"href":"https:\/\/garrcorpcomputer.com\/index.php\/wp-json\/wp\/v2\/product"}],"about":[{"href":"https:\/\/garrcorpcomputer.com\/index.php\/wp-json\/wp\/v2\/types\/product"}],"replies":[{"embeddable":true,"href":"https:\/\/garrcorpcomputer.com\/index.php\/wp-json\/wp\/v2\/comments?post=5638"}],"version-history":[{"count":1,"href":"https:\/\/garrcorpcomputer.com\/index.php\/wp-json\/wp\/v2\/product\/5638\/revisions"}],"predecessor-version":[{"id":6067,"href":"https:\/\/garrcorpcomputer.com\/index.php\/wp-json\/wp\/v2\/product\/5638\/revisions\/6067"}],"wp:featuredmedia":[{"embeddable":true,"href":"https:\/\/garrcorpcomputer.com\/index.php\/wp-json\/wp\/v2\/media\/5640"}],"wp:attachment":[{"href":"https:\/\/garrcorpcomputer.com\/index.php\/wp-json\/wp\/v2\/media?parent=5638"}],"wp:term":[{"taxonomy":"product_cat","embeddable":true,"href":"https:\/\/garrcorpcomputer.com\/index.php\/wp-json\/wp\/v2\/product_cat?post=5638"},{"taxonomy":"product_tag","embeddable":true,"href":"https:\/\/garrcorpcomputer.com\/index.php\/wp-json\/wp\/v2\/product_tag?post=5638"}],"curies":[{"name":"wp","href":"https:\/\/api.w.org\/{rel}","templated":true}]}}