{"id":5643,"date":"2021-09-09T15:50:52","date_gmt":"2021-09-09T20:50:52","guid":{"rendered":"https:\/\/garrcorpcomputer.com\/?post_type=product&#038;p=5643"},"modified":"2021-09-09T16:25:46","modified_gmt":"2021-09-09T21:25:46","slug":"ventilador-sickleflow-120-rgb","status":"publish","type":"product","link":"https:\/\/garrcorpcomputer.com\/index.php\/producto\/ventilador-sickleflow-120-rgb\/","title":{"rendered":"Ventilador sickleFlow 120 RGB"},"content":{"rendered":"","protected":false},"excerpt":{"rendered":"","protected":false},"featured_media":5644,"comment_status":"closed","ping_status":"closed","template":"","meta":{"om_disable_all_campaigns":false,"_mi_skip_tracking":false,"spay_email":"","jetpack_publicize_message":"","jetpack_is_tweetstorm":false},"product_cat":[333,75,334],"product_tag":[],"jetpack_publicize_connections":[],"jetpack-related-posts":[{"id":5646,"url":"https:\/\/garrcorpcomputer.com\/index.php\/producto\/ventilador-sickleflow-120-argb\/","url_meta":{"origin":5643,"position":0},"title":"Ventilador SickleFlow 120 ARGB","date":"9 de septiembre de 2021","format":false,"excerpt":"","rel":"","context":"Entrada similar","img":{"alt_text":"","src":"https:\/\/i2.wp.com\/garrcorpcomputer.com\/wp-content\/uploads\/2021\/09\/ventilador-2-2.png?fit=227%2C269&ssl=1&resize=350%2C200","width":350,"height":200},"classes":[]},{"id":5638,"url":"https:\/\/garrcorpcomputer.com\/index.php\/producto\/masterbox-mb520-rgb-mwe-white-full-range-650w\/","url_meta":{"origin":5643,"position":1},"title":"MasterBox MB520 RGB + MWE White Full Range 650W","date":"9 de septiembre de 2021","format":false,"excerpt":"Panel frontal DarkMirror Ventiladores LED RGB y control de iluminaci\u00f3n Ingestas de rendimiento Panel lateral de vidrio templado Soporte para un total de 6 ventiladores y refrigeraci\u00f3n por agua Soporte de tarjeta gr\u00e1fica de hasta 410 mm Bandejas de almacenamiento y cubierta de PSU completa","rel":"","context":"Entrada similar","img":{"alt_text":"","src":"","width":0,"height":0},"classes":[]},{"id":6068,"url":"https:\/\/garrcorpcomputer.com\/index.php\/producto\/caja-atx-cl-l18-ventiladores-argbcontrolador\/","url_meta":{"origin":5643,"position":2},"title":"Caja ATX: CL-L18 ventiladores ARGB+controlador R5680XGSL Ryzen 5","date":"17 de septiembre de 2021","format":false,"excerpt":"Procesador: AMD Ryzen 5 5600X 3.7GHz Board: Gigabyte B450M Aourus elite Memoria: Adata XPG Spectrix DT41 8GB DDR4 RGB 3200MHZ Disco duro: estado solido Adata 240GB M.2 sata Fuente de poder: Cooler master bronce V2 80 plus 500W","rel":"","context":"Con 2 comentarios","img":{"alt_text":"","src":"https:\/\/i0.wp.com\/garrcorpcomputer.com\/wp-content\/uploads\/2021\/09\/torre-1.png?fit=339%2C345&ssl=1&resize=350%2C200","width":350,"height":200},"classes":[]},{"id":6071,"url":"https:\/\/garrcorpcomputer.com\/index.php\/producto\/caja-atx-cl-y1-ventiladores-argb-controlador-r5680xsy\/","url_meta":{"origin":5643,"position":3},"title":"Caja ATX: CL-Y1 ventiladores ARGB+ controlador R5680XSY Ryzen 5","date":"17 de septiembre de 2021","format":false,"excerpt":"Procesador: AMD Ryzen 5 5600X 3.7 GHz Board: Asus prime A520M-A Memoria: Adata XPG spectrix DT41 8GB DDR4 RGB 3200MHZ Disco duro: estado solido Adata 240GB M.2 Sata Fuente de poder: Cooler master bronce V2 80 plus 500W","rel":"","context":"Con 3 comentarios","img":{"alt_text":"","src":"https:\/\/i0.wp.com\/garrcorpcomputer.com\/wp-content\/uploads\/2021\/09\/torre-2.png?fit=362%2C331&ssl=1&resize=350%2C200","width":350,"height":200},"classes":[]},{"id":5855,"url":"https:\/\/garrcorpcomputer.com\/index.php\/producto\/base-refrigerante-lujo-q8\/","url_meta":{"origin":5643,"position":4},"title":"Base refrigerante lujo Q8","date":"11 de septiembre de 2021","format":false,"excerpt":"6 Ventiladores Interfaz USB LED 7 \u00e1ngulos de inclinaci\u00f3n Dise\u00f1o gamer luces RGB 6 modos Soporta de 12\u201d a 18\u201d Dual USB Velocidad ajustable y panel de control","rel":"","context":"Con 2 comentarios","img":{"alt_text":"","src":"","width":0,"height":0},"classes":[]},{"id":6128,"url":"https:\/\/garrcorpcomputer.com\/index.php\/producto\/reflector-50w-rgb\/","url_meta":{"origin":5643,"position":5},"title":"REFLECTOR 50W RGB","date":"5 de agosto de 2022","format":false,"excerpt":"","rel":"","context":"Con 1 comentario","img":{"alt_text":"","src":"","width":0,"height":0},"classes":[]}],"jetpack_sharing_enabled":true,"_links":{"self":[{"href":"https:\/\/garrcorpcomputer.com\/index.php\/wp-json\/wp\/v2\/product\/5643"}],"collection":[{"href":"https:\/\/garrcorpcomputer.com\/index.php\/wp-json\/wp\/v2\/product"}],"about":[{"href":"https:\/\/garrcorpcomputer.com\/index.php\/wp-json\/wp\/v2\/types\/product"}],"replies":[{"embeddable":true,"href":"https:\/\/garrcorpcomputer.com\/index.php\/wp-json\/wp\/v2\/comments?post=5643"}],"version-history":[{"count":0,"href":"https:\/\/garrcorpcomputer.com\/index.php\/wp-json\/wp\/v2\/product\/5643\/revisions"}],"wp:featuredmedia":[{"embeddable":true,"href":"https:\/\/garrcorpcomputer.com\/index.php\/wp-json\/wp\/v2\/media\/5644"}],"wp:attachment":[{"href":"https:\/\/garrcorpcomputer.com\/index.php\/wp-json\/wp\/v2\/media?parent=5643"}],"wp:term":[{"taxonomy":"product_cat","embeddable":true,"href":"https:\/\/garrcorpcomputer.com\/index.php\/wp-json\/wp\/v2\/product_cat?post=5643"},{"taxonomy":"product_tag","embeddable":true,"href":"https:\/\/garrcorpcomputer.com\/index.php\/wp-json\/wp\/v2\/product_tag?post=5643"}],"curies":[{"name":"wp","href":"https:\/\/api.w.org\/{rel}","templated":true}]}}