{"id":5648,"date":"2021-09-09T15:59:35","date_gmt":"2021-09-09T20:59:35","guid":{"rendered":"https:\/\/garrcorpcomputer.com\/?post_type=product&#038;p=5648"},"modified":"2021-09-09T15:59:36","modified_gmt":"2021-09-09T20:59:36","slug":"fuente-de-poder-elite-v3-600w-full-range","status":"publish","type":"product","link":"https:\/\/garrcorpcomputer.com\/index.php\/producto\/fuente-de-poder-elite-v3-600w-full-range\/","title":{"rendered":"Fuente de poder elite V3 600W Full Range"},"content":{"rendered":"","protected":false},"excerpt":{"rendered":"","protected":false},"featured_media":5649,"comment_status":"closed","ping_status":"closed","template":"","meta":{"om_disable_all_campaigns":false,"_mi_skip_tracking":false,"spay_email":"","jetpack_publicize_message":"","jetpack_is_tweetstorm":false},"product_cat":[333,75],"product_tag":[],"jetpack_publicize_connections":[],"jetpack-related-posts":[{"id":5632,"url":"https:\/\/garrcorpcomputer.com\/index.php\/producto\/masterbox-q300l-elite-v3-full-range-500w\/","url_meta":{"origin":5648,"position":0},"title":"MasterBox Q300L + Elite V3 Full Range 500W","date":"9 de septiembre de 2021","format":false,"excerpt":"Alta flexibilidad para la construcci\u00f3n de sistemas Dimensi\u00f3n minimizada con soporte ATX PSU Filtro de polvo estampado Espacio de enrutamiento limpio Excelente rendimiento t\u00e9rmico Panel lateral transparente Acr\u00edlico de borde a borde Posici\u00f3n vertical y horizontal","rel":"","context":"Entrada similar","img":{"alt_text":"","src":"","width":0,"height":0},"classes":[]},{"id":5656,"url":"https:\/\/garrcorpcomputer.com\/index.php\/producto\/fuente-de-poder-mwe-bronze-v2-600w\/","url_meta":{"origin":5648,"position":1},"title":"Fuente de poder MWE bronze V2 600W","date":"9 de septiembre de 2021","format":false,"excerpt":"","rel":"","context":"Entrada similar","img":{"alt_text":"","src":"","width":0,"height":0},"classes":[]},{"id":5651,"url":"https:\/\/garrcorpcomputer.com\/index.php\/producto\/fuente-de-poder-mwe-white-full-range-550w\/","url_meta":{"origin":5648,"position":2},"title":"Fuente de poder MWE White Full Range 550W","date":"9 de septiembre de 2021","format":false,"excerpt":"","rel":"","context":"Entrada similar","img":{"alt_text":"","src":"","width":0,"height":0},"classes":[]},{"id":5654,"url":"https:\/\/garrcorpcomputer.com\/index.php\/producto\/fuente-de-poder-mwe-white-full-range-650w\/","url_meta":{"origin":5648,"position":3},"title":"Fuente de poder MWE White Full Range 650W","date":"9 de septiembre de 2021","format":false,"excerpt":"","rel":"","context":"Entrada similar","img":{"alt_text":"","src":"","width":0,"height":0},"classes":[]},{"id":5661,"url":"https:\/\/garrcorpcomputer.com\/index.php\/producto\/fuente-de-poder-mwe-gold-v2-full-modular-750w\/","url_meta":{"origin":5648,"position":4},"title":"Fuente de poder MWE gold V2 Full modular 750W","date":"9 de septiembre de 2021","format":false,"excerpt":"","rel":"","context":"Entrada similar","img":{"alt_text":"","src":"","width":0,"height":0},"classes":[]},{"id":5638,"url":"https:\/\/garrcorpcomputer.com\/index.php\/producto\/masterbox-mb520-rgb-mwe-white-full-range-650w\/","url_meta":{"origin":5648,"position":5},"title":"MasterBox MB520 RGB + MWE White Full Range 650W","date":"9 de septiembre de 2021","format":false,"excerpt":"Panel frontal DarkMirror Ventiladores LED RGB y control de iluminaci\u00f3n Ingestas de rendimiento Panel lateral de vidrio templado Soporte para un total de 6 ventiladores y refrigeraci\u00f3n por agua Soporte de tarjeta gr\u00e1fica de hasta 410 mm Bandejas de almacenamiento y cubierta de PSU completa","rel":"","context":"Entrada similar","img":{"alt_text":"","src":"","width":0,"height":0},"classes":[]}],"jetpack_sharing_enabled":true,"_links":{"self":[{"href":"https:\/\/garrcorpcomputer.com\/index.php\/wp-json\/wp\/v2\/product\/5648"}],"collection":[{"href":"https:\/\/garrcorpcomputer.com\/index.php\/wp-json\/wp\/v2\/product"}],"about":[{"href":"https:\/\/garrcorpcomputer.com\/index.php\/wp-json\/wp\/v2\/types\/product"}],"replies":[{"embeddable":true,"href":"https:\/\/garrcorpcomputer.com\/index.php\/wp-json\/wp\/v2\/comments?post=5648"}],"version-history":[{"count":0,"href":"https:\/\/garrcorpcomputer.com\/index.php\/wp-json\/wp\/v2\/product\/5648\/revisions"}],"wp:featuredmedia":[{"embeddable":true,"href":"https:\/\/garrcorpcomputer.com\/index.php\/wp-json\/wp\/v2\/media\/5649"}],"wp:attachment":[{"href":"https:\/\/garrcorpcomputer.com\/index.php\/wp-json\/wp\/v2\/media?parent=5648"}],"wp:term":[{"taxonomy":"product_cat","embeddable":true,"href":"https:\/\/garrcorpcomputer.com\/index.php\/wp-json\/wp\/v2\/product_cat?post=5648"},{"taxonomy":"product_tag","embeddable":true,"href":"https:\/\/garrcorpcomputer.com\/index.php\/wp-json\/wp\/v2\/product_tag?post=5648"}],"curies":[{"name":"wp","href":"https:\/\/api.w.org\/{rel}","templated":true}]}}