{"id":5658,"date":"2021-09-09T16:10:12","date_gmt":"2021-09-09T21:10:12","guid":{"rendered":"https:\/\/garrcorpcomputer.com\/?post_type=product&#038;p=5658"},"modified":"2021-09-09T16:30:06","modified_gmt":"2021-09-09T21:30:06","slug":"fuente-de-poder-mwe-bronze-650-v2-650w","status":"publish","type":"product","link":"https:\/\/garrcorpcomputer.com\/index.php\/producto\/fuente-de-poder-mwe-bronze-650-v2-650w\/","title":{"rendered":"Fuente de poder MWE bronze 650 V2 650W"},"content":{"rendered":"","protected":false},"excerpt":{"rendered":"","protected":false},"featured_media":5666,"comment_status":"closed","ping_status":"closed","template":"","meta":{"om_disable_all_campaigns":false,"_mi_skip_tracking":false,"spay_email":"","jetpack_publicize_message":"","jetpack_is_tweetstorm":false},"product_cat":[42,333,75],"product_tag":[],"jetpack_publicize_connections":[],"jetpack-related-posts":[{"id":5656,"url":"https:\/\/garrcorpcomputer.com\/index.php\/producto\/fuente-de-poder-mwe-bronze-v2-600w\/","url_meta":{"origin":5658,"position":0},"title":"Fuente de poder MWE bronze V2 600W","date":"9 de septiembre de 2021","format":false,"excerpt":"","rel":"","context":"Entrada similar","img":{"alt_text":"","src":"","width":0,"height":0},"classes":[]},{"id":5654,"url":"https:\/\/garrcorpcomputer.com\/index.php\/producto\/fuente-de-poder-mwe-white-full-range-650w\/","url_meta":{"origin":5658,"position":1},"title":"Fuente de poder MWE White Full Range 650W","date":"9 de septiembre de 2021","format":false,"excerpt":"","rel":"","context":"Entrada similar","img":{"alt_text":"","src":"","width":0,"height":0},"classes":[]},{"id":5661,"url":"https:\/\/garrcorpcomputer.com\/index.php\/producto\/fuente-de-poder-mwe-gold-v2-full-modular-750w\/","url_meta":{"origin":5658,"position":2},"title":"Fuente de poder MWE gold V2 Full modular 750W","date":"9 de septiembre de 2021","format":false,"excerpt":"","rel":"","context":"Entrada similar","img":{"alt_text":"","src":"","width":0,"height":0},"classes":[]},{"id":5638,"url":"https:\/\/garrcorpcomputer.com\/index.php\/producto\/masterbox-mb520-rgb-mwe-white-full-range-650w\/","url_meta":{"origin":5658,"position":3},"title":"MasterBox MB520 RGB + MWE White Full Range 650W","date":"9 de septiembre de 2021","format":false,"excerpt":"Panel frontal DarkMirror Ventiladores LED RGB y control de iluminaci\u00f3n Ingestas de rendimiento Panel lateral de vidrio templado Soporte para un total de 6 ventiladores y refrigeraci\u00f3n por agua Soporte de tarjeta gr\u00e1fica de hasta 410 mm Bandejas de almacenamiento y cubierta de PSU completa","rel":"","context":"Entrada similar","img":{"alt_text":"","src":"","width":0,"height":0},"classes":[]},{"id":5651,"url":"https:\/\/garrcorpcomputer.com\/index.php\/producto\/fuente-de-poder-mwe-white-full-range-550w\/","url_meta":{"origin":5658,"position":4},"title":"Fuente de poder MWE White Full Range 550W","date":"9 de septiembre de 2021","format":false,"excerpt":"","rel":"","context":"Entrada similar","img":{"alt_text":"","src":"","width":0,"height":0},"classes":[]},{"id":6068,"url":"https:\/\/garrcorpcomputer.com\/index.php\/producto\/caja-atx-cl-l18-ventiladores-argbcontrolador\/","url_meta":{"origin":5658,"position":5},"title":"Caja ATX: CL-L18 ventiladores ARGB+controlador R5680XGSL Ryzen 5","date":"17 de septiembre de 2021","format":false,"excerpt":"Procesador: AMD Ryzen 5 5600X 3.7GHz Board: Gigabyte B450M Aourus elite Memoria: Adata XPG Spectrix DT41 8GB DDR4 RGB 3200MHZ Disco duro: estado solido Adata 240GB M.2 sata Fuente de poder: Cooler master bronce V2 80 plus 500W","rel":"","context":"Con 2 comentarios","img":{"alt_text":"","src":"https:\/\/i0.wp.com\/garrcorpcomputer.com\/wp-content\/uploads\/2021\/09\/torre-1.png?fit=339%2C345&ssl=1&resize=350%2C200","width":350,"height":200},"classes":[]}],"jetpack_sharing_enabled":true,"_links":{"self":[{"href":"https:\/\/garrcorpcomputer.com\/index.php\/wp-json\/wp\/v2\/product\/5658"}],"collection":[{"href":"https:\/\/garrcorpcomputer.com\/index.php\/wp-json\/wp\/v2\/product"}],"about":[{"href":"https:\/\/garrcorpcomputer.com\/index.php\/wp-json\/wp\/v2\/types\/product"}],"replies":[{"embeddable":true,"href":"https:\/\/garrcorpcomputer.com\/index.php\/wp-json\/wp\/v2\/comments?post=5658"}],"version-history":[{"count":0,"href":"https:\/\/garrcorpcomputer.com\/index.php\/wp-json\/wp\/v2\/product\/5658\/revisions"}],"wp:featuredmedia":[{"embeddable":true,"href":"https:\/\/garrcorpcomputer.com\/index.php\/wp-json\/wp\/v2\/media\/5666"}],"wp:attachment":[{"href":"https:\/\/garrcorpcomputer.com\/index.php\/wp-json\/wp\/v2\/media?parent=5658"}],"wp:term":[{"taxonomy":"product_cat","embeddable":true,"href":"https:\/\/garrcorpcomputer.com\/index.php\/wp-json\/wp\/v2\/product_cat?post=5658"},{"taxonomy":"product_tag","embeddable":true,"href":"https:\/\/garrcorpcomputer.com\/index.php\/wp-json\/wp\/v2\/product_tag?post=5658"}],"curies":[{"name":"wp","href":"https:\/\/api.w.org\/{rel}","templated":true}]}}