{"id":5661,"date":"2021-09-09T16:13:48","date_gmt":"2021-09-09T21:13:48","guid":{"rendered":"https:\/\/garrcorpcomputer.com\/?post_type=product&#038;p=5661"},"modified":"2021-09-09T16:26:32","modified_gmt":"2021-09-09T21:26:32","slug":"fuente-de-poder-mwe-gold-v2-full-modular-750w","status":"publish","type":"product","link":"https:\/\/garrcorpcomputer.com\/index.php\/producto\/fuente-de-poder-mwe-gold-v2-full-modular-750w\/","title":{"rendered":"Fuente de poder MWE gold V2 Full modular 750W"},"content":{"rendered":"","protected":false},"excerpt":{"rendered":"","protected":false},"featured_media":5662,"comment_status":"closed","ping_status":"closed","template":"","meta":{"om_disable_all_campaigns":false,"_mi_skip_tracking":false,"spay_email":"","jetpack_publicize_message":"","jetpack_is_tweetstorm":false},"product_cat":[42,333,75],"product_tag":[],"jetpack_publicize_connections":[],"jetpack-related-posts":[{"id":5656,"url":"https:\/\/garrcorpcomputer.com\/index.php\/producto\/fuente-de-poder-mwe-bronze-v2-600w\/","url_meta":{"origin":5661,"position":0},"title":"Fuente de poder MWE bronze V2 600W","date":"9 de septiembre de 2021","format":false,"excerpt":"","rel":"","context":"Entrada similar","img":{"alt_text":"","src":"","width":0,"height":0},"classes":[]},{"id":5658,"url":"https:\/\/garrcorpcomputer.com\/index.php\/producto\/fuente-de-poder-mwe-bronze-650-v2-650w\/","url_meta":{"origin":5661,"position":1},"title":"Fuente de poder MWE bronze 650 V2 650W","date":"9 de septiembre de 2021","format":false,"excerpt":"","rel":"","context":"Entrada similar","img":{"alt_text":"","src":"","width":0,"height":0},"classes":[]},{"id":5651,"url":"https:\/\/garrcorpcomputer.com\/index.php\/producto\/fuente-de-poder-mwe-white-full-range-550w\/","url_meta":{"origin":5661,"position":2},"title":"Fuente de poder MWE White Full Range 550W","date":"9 de septiembre de 2021","format":false,"excerpt":"","rel":"","context":"Entrada similar","img":{"alt_text":"","src":"","width":0,"height":0},"classes":[]},{"id":5654,"url":"https:\/\/garrcorpcomputer.com\/index.php\/producto\/fuente-de-poder-mwe-white-full-range-650w\/","url_meta":{"origin":5661,"position":3},"title":"Fuente de poder MWE White Full Range 650W","date":"9 de septiembre de 2021","format":false,"excerpt":"","rel":"","context":"Entrada similar","img":{"alt_text":"","src":"","width":0,"height":0},"classes":[]},{"id":5638,"url":"https:\/\/garrcorpcomputer.com\/index.php\/producto\/masterbox-mb520-rgb-mwe-white-full-range-650w\/","url_meta":{"origin":5661,"position":4},"title":"MasterBox MB520 RGB + MWE White Full Range 650W","date":"9 de septiembre de 2021","format":false,"excerpt":"Panel frontal DarkMirror Ventiladores LED RGB y control de iluminaci\u00f3n Ingestas de rendimiento Panel lateral de vidrio templado Soporte para un total de 6 ventiladores y refrigeraci\u00f3n por agua Soporte de tarjeta gr\u00e1fica de hasta 410 mm Bandejas de almacenamiento y cubierta de PSU completa","rel":"","context":"Entrada similar","img":{"alt_text":"","src":"","width":0,"height":0},"classes":[]},{"id":5648,"url":"https:\/\/garrcorpcomputer.com\/index.php\/producto\/fuente-de-poder-elite-v3-600w-full-range\/","url_meta":{"origin":5661,"position":5},"title":"Fuente de poder elite V3 600W Full Range","date":"9 de septiembre de 2021","format":false,"excerpt":"","rel":"","context":"Entrada similar","img":{"alt_text":"","src":"","width":0,"height":0},"classes":[]}],"jetpack_sharing_enabled":true,"_links":{"self":[{"href":"https:\/\/garrcorpcomputer.com\/index.php\/wp-json\/wp\/v2\/product\/5661"}],"collection":[{"href":"https:\/\/garrcorpcomputer.com\/index.php\/wp-json\/wp\/v2\/product"}],"about":[{"href":"https:\/\/garrcorpcomputer.com\/index.php\/wp-json\/wp\/v2\/types\/product"}],"replies":[{"embeddable":true,"href":"https:\/\/garrcorpcomputer.com\/index.php\/wp-json\/wp\/v2\/comments?post=5661"}],"version-history":[{"count":0,"href":"https:\/\/garrcorpcomputer.com\/index.php\/wp-json\/wp\/v2\/product\/5661\/revisions"}],"wp:featuredmedia":[{"embeddable":true,"href":"https:\/\/garrcorpcomputer.com\/index.php\/wp-json\/wp\/v2\/media\/5662"}],"wp:attachment":[{"href":"https:\/\/garrcorpcomputer.com\/index.php\/wp-json\/wp\/v2\/media?parent=5661"}],"wp:term":[{"taxonomy":"product_cat","embeddable":true,"href":"https:\/\/garrcorpcomputer.com\/index.php\/wp-json\/wp\/v2\/product_cat?post=5661"},{"taxonomy":"product_tag","embeddable":true,"href":"https:\/\/garrcorpcomputer.com\/index.php\/wp-json\/wp\/v2\/product_tag?post=5661"}],"curies":[{"name":"wp","href":"https:\/\/api.w.org\/{rel}","templated":true}]}}