{"id":5673,"date":"2021-09-10T12:08:54","date_gmt":"2021-09-10T17:08:54","guid":{"rendered":"https:\/\/garrcorpcomputer.com\/?post_type=product&#038;p=5673"},"modified":"2021-09-13T15:51:30","modified_gmt":"2021-09-13T20:51:30","slug":"mouse-logitech-inalambrico-mini-m187-negro-gris-4782","status":"publish","type":"product","link":"https:\/\/garrcorpcomputer.com\/index.php\/producto\/mouse-logitech-inalambrico-mini-m187-negro-gris-4782\/","title":{"rendered":"Mouse Logitech inalambrico mini M187 negro-gris 4782"},"content":{"rendered":"","protected":false},"excerpt":{"rendered":"","protected":false},"featured_media":5867,"comment_status":"closed","ping_status":"closed","template":"","meta":{"om_disable_all_campaigns":false,"_mi_skip_tracking":false,"spay_email":"","jetpack_publicize_message":"","jetpack_is_tweetstorm":false},"product_cat":[70,51],"product_tag":[],"jetpack_publicize_connections":[],"jetpack-related-posts":[{"id":5711,"url":"https:\/\/garrcorpcomputer.com\/index.php\/producto\/mouse-logitech-inalambrico-mini-m187-banana-005365\/","url_meta":{"origin":5673,"position":0},"title":"Mouse Logitech inal\u00e1mbrico mini M187 banana (005365)","date":"10 de septiembre de 2021","format":false,"excerpt":"","rel":"","context":"Entrada similar","img":{"alt_text":"","src":"https:\/\/i0.wp.com\/garrcorpcomputer.com\/wp-content\/uploads\/2021\/09\/mouse-20.png?fit=216%2C200&ssl=1&resize=350%2C200","width":350,"height":200},"classes":[]},{"id":5701,"url":"https:\/\/garrcorpcomputer.com\/index.php\/producto\/mouse-logitech-inalambrico-m170\/","url_meta":{"origin":5673,"position":1},"title":"Mouse Logitech inalambrico M170","date":"10 de septiembre de 2021","format":false,"excerpt":"Disponible en color negro, gris, rojo y azul Posee rueda de desplazamiento. Cuenta con 3 botones para un mayor control. Cuenta con interruptor de ahorro de energ\u00eda. Con sensor \u00f3ptico. Resoluci\u00f3n de 1000dpi. Creado para llevar a todas partes. Control inteligente y navegaci\u00f3n f\u00e1cil.","rel":"","context":"Entrada similar","img":{"alt_text":"","src":"","width":0,"height":0},"classes":[]},{"id":5679,"url":"https:\/\/garrcorpcomputer.com\/index.php\/producto\/mouse-logitech-inalambrico-m280-gris\/","url_meta":{"origin":5673,"position":2},"title":"Mouse Logitech inal\u00e1mbrico M280 gris","date":"10 de septiembre de 2021","format":false,"excerpt":"","rel":"","context":"Entrada similar","img":{"alt_text":"","src":"https:\/\/i2.wp.com\/garrcorpcomputer.com\/wp-content\/uploads\/2021\/09\/mouse-17.png?fit=411%2C233&ssl=1&resize=350%2C200","width":350,"height":200},"classes":[]},{"id":5694,"url":"https:\/\/garrcorpcomputer.com\/index.php\/producto\/mouse-logitech-inalambrico-bluetooth-m535\/","url_meta":{"origin":5673,"position":3},"title":"Mouse Logitech inal\u00e1mbrico bluetooth M535","date":"10 de septiembre de 2021","format":false,"excerpt":"","rel":"","context":"Entrada similar","img":{"alt_text":"","src":"https:\/\/i2.wp.com\/garrcorpcomputer.com\/wp-content\/uploads\/2021\/09\/mouse-18-2.png?fit=352%2C232&ssl=1&resize=350%2C200","width":350,"height":200},"classes":[]},{"id":5730,"url":"https:\/\/garrcorpcomputer.com\/index.php\/producto\/mouse-inalambrico-gamer-tech-gti01\/","url_meta":{"origin":5673,"position":4},"title":"Mouse inal\u00e1mbrico Gamer Tech GTI01","date":"10 de septiembre de 2021","format":false,"excerpt":"Mouse inal\u00e1mbrico 2.4g 6 botones DPI ajustable 800\/1200\/1600 Material abs Ergon\u00f3mico, se adhiere forma mano Plug and play USB 2.0 Rango WI-FI 10m Negro, gris, rojo 1 pila AA 11.3 x 8 x 4.8cm Opto electr\u00f3nico 10 millones de pulsaciones Windows \/ vista \/ Mac","rel":"","context":"Entrada similar","img":{"alt_text":"","src":"","width":0,"height":0},"classes":[]},{"id":5676,"url":"https:\/\/garrcorpcomputer.com\/index.php\/producto\/mouse-logitech-sencillo-m90\/","url_meta":{"origin":5673,"position":5},"title":"Mouse Logitech sencillo M90","date":"10 de septiembre de 2021","format":false,"excerpt":"","rel":"","context":"Entrada similar","img":{"alt_text":"","src":"https:\/\/i1.wp.com\/garrcorpcomputer.com\/wp-content\/uploads\/2021\/09\/mouse-16-2.png?fit=302%2C203&ssl=1&resize=350%2C200","width":350,"height":200},"classes":[]}],"jetpack_sharing_enabled":true,"_links":{"self":[{"href":"https:\/\/garrcorpcomputer.com\/index.php\/wp-json\/wp\/v2\/product\/5673"}],"collection":[{"href":"https:\/\/garrcorpcomputer.com\/index.php\/wp-json\/wp\/v2\/product"}],"about":[{"href":"https:\/\/garrcorpcomputer.com\/index.php\/wp-json\/wp\/v2\/types\/product"}],"replies":[{"embeddable":true,"href":"https:\/\/garrcorpcomputer.com\/index.php\/wp-json\/wp\/v2\/comments?post=5673"}],"version-history":[{"count":1,"href":"https:\/\/garrcorpcomputer.com\/index.php\/wp-json\/wp\/v2\/product\/5673\/revisions"}],"predecessor-version":[{"id":5868,"href":"https:\/\/garrcorpcomputer.com\/index.php\/wp-json\/wp\/v2\/product\/5673\/revisions\/5868"}],"wp:featuredmedia":[{"embeddable":true,"href":"https:\/\/garrcorpcomputer.com\/index.php\/wp-json\/wp\/v2\/media\/5867"}],"wp:attachment":[{"href":"https:\/\/garrcorpcomputer.com\/index.php\/wp-json\/wp\/v2\/media?parent=5673"}],"wp:term":[{"taxonomy":"product_cat","embeddable":true,"href":"https:\/\/garrcorpcomputer.com\/index.php\/wp-json\/wp\/v2\/product_cat?post=5673"},{"taxonomy":"product_tag","embeddable":true,"href":"https:\/\/garrcorpcomputer.com\/index.php\/wp-json\/wp\/v2\/product_tag?post=5673"}],"curies":[{"name":"wp","href":"https:\/\/api.w.org\/{rel}","templated":true}]}}