{"id":5711,"date":"2021-09-10T13:49:02","date_gmt":"2021-09-10T18:49:02","guid":{"rendered":"https:\/\/garrcorpcomputer.com\/?post_type=product&#038;p=5711"},"modified":"2021-09-10T13:49:02","modified_gmt":"2021-09-10T18:49:02","slug":"mouse-logitech-inalambrico-mini-m187-banana-005365","status":"publish","type":"product","link":"https:\/\/garrcorpcomputer.com\/index.php\/producto\/mouse-logitech-inalambrico-mini-m187-banana-005365\/","title":{"rendered":"Mouse Logitech inal\u00e1mbrico mini M187 banana (005365)"},"content":{"rendered":"","protected":false},"excerpt":{"rendered":"","protected":false},"featured_media":5712,"comment_status":"closed","ping_status":"closed","template":"","meta":{"om_disable_all_campaigns":false,"_mi_skip_tracking":false,"spay_email":"","jetpack_publicize_message":"","jetpack_is_tweetstorm":false},"product_cat":[70,51],"product_tag":[],"jetpack_publicize_connections":[],"jetpack-related-posts":[{"id":5673,"url":"https:\/\/garrcorpcomputer.com\/index.php\/producto\/mouse-logitech-inalambrico-mini-m187-negro-gris-4782\/","url_meta":{"origin":5711,"position":0},"title":"Mouse Logitech inalambrico mini M187 negro-gris 4782","date":"10 de septiembre de 2021","format":false,"excerpt":"","rel":"","context":"Entrada similar","img":{"alt_text":"","src":"https:\/\/i2.wp.com\/garrcorpcomputer.com\/wp-content\/uploads\/2021\/09\/mouse-15.png?fit=262%2C239&ssl=1&resize=350%2C200","width":350,"height":200},"classes":[]},{"id":5679,"url":"https:\/\/garrcorpcomputer.com\/index.php\/producto\/mouse-logitech-inalambrico-m280-gris\/","url_meta":{"origin":5711,"position":1},"title":"Mouse Logitech inal\u00e1mbrico M280 gris","date":"10 de septiembre de 2021","format":false,"excerpt":"","rel":"","context":"Entrada similar","img":{"alt_text":"","src":"https:\/\/i2.wp.com\/garrcorpcomputer.com\/wp-content\/uploads\/2021\/09\/mouse-17.png?fit=411%2C233&ssl=1&resize=350%2C200","width":350,"height":200},"classes":[]},{"id":5694,"url":"https:\/\/garrcorpcomputer.com\/index.php\/producto\/mouse-logitech-inalambrico-bluetooth-m535\/","url_meta":{"origin":5711,"position":2},"title":"Mouse Logitech inal\u00e1mbrico bluetooth M535","date":"10 de septiembre de 2021","format":false,"excerpt":"","rel":"","context":"Entrada similar","img":{"alt_text":"","src":"https:\/\/i2.wp.com\/garrcorpcomputer.com\/wp-content\/uploads\/2021\/09\/mouse-18-2.png?fit=352%2C232&ssl=1&resize=350%2C200","width":350,"height":200},"classes":[]},{"id":5701,"url":"https:\/\/garrcorpcomputer.com\/index.php\/producto\/mouse-logitech-inalambrico-m170\/","url_meta":{"origin":5711,"position":3},"title":"Mouse Logitech inalambrico M170","date":"10 de septiembre de 2021","format":false,"excerpt":"Disponible en color negro, gris, rojo y azul Posee rueda de desplazamiento. Cuenta con 3 botones para un mayor control. Cuenta con interruptor de ahorro de energ\u00eda. Con sensor \u00f3ptico. Resoluci\u00f3n de 1000dpi. Creado para llevar a todas partes. Control inteligente y navegaci\u00f3n f\u00e1cil.","rel":"","context":"Entrada similar","img":{"alt_text":"","src":"","width":0,"height":0},"classes":[]},{"id":5676,"url":"https:\/\/garrcorpcomputer.com\/index.php\/producto\/mouse-logitech-sencillo-m90\/","url_meta":{"origin":5711,"position":4},"title":"Mouse Logitech sencillo M90","date":"10 de septiembre de 2021","format":false,"excerpt":"","rel":"","context":"Entrada similar","img":{"alt_text":"","src":"https:\/\/i1.wp.com\/garrcorpcomputer.com\/wp-content\/uploads\/2021\/09\/mouse-16-2.png?fit=302%2C203&ssl=1&resize=350%2C200","width":350,"height":200},"classes":[]},{"id":4371,"url":"https:\/\/garrcorpcomputer.com\/index.php\/producto\/teclado-y-mouse-inalambrico-ws630\/","url_meta":{"origin":5711,"position":5},"title":"TECLADO Y MOUSE INAL\u00c1MBRICO WS630","date":"30 de agosto de 2021","format":false,"excerpt":"Teclado en espa\u00f1ol Conexi\u00f3n inal\u00e1mbrica 2.4 Ghz Teclado tipo mec\u00e1nico 108 teclas alfa num\u00e9ricas con impresi\u00f3n l\u00e1ser 1 bater\u00eda AA MOUSE Mouse de 1000 DPI Conexi\u00f3n inal\u00e1mbrica 2.4 Ghz 3 botones + scroll Alcance 10 mt 2 bater\u00edas \u00a0AAA","rel":"","context":"Entrada similar","img":{"alt_text":"","src":"https:\/\/i1.wp.com\/garrcorpcomputer.com\/wp-content\/uploads\/2021\/08\/combo-teclado-y-mouse-2.png?fit=752%2C213&ssl=1&resize=350%2C200","width":350,"height":200},"classes":[]}],"jetpack_sharing_enabled":true,"_links":{"self":[{"href":"https:\/\/garrcorpcomputer.com\/index.php\/wp-json\/wp\/v2\/product\/5711"}],"collection":[{"href":"https:\/\/garrcorpcomputer.com\/index.php\/wp-json\/wp\/v2\/product"}],"about":[{"href":"https:\/\/garrcorpcomputer.com\/index.php\/wp-json\/wp\/v2\/types\/product"}],"replies":[{"embeddable":true,"href":"https:\/\/garrcorpcomputer.com\/index.php\/wp-json\/wp\/v2\/comments?post=5711"}],"version-history":[{"count":0,"href":"https:\/\/garrcorpcomputer.com\/index.php\/wp-json\/wp\/v2\/product\/5711\/revisions"}],"wp:featuredmedia":[{"embeddable":true,"href":"https:\/\/garrcorpcomputer.com\/index.php\/wp-json\/wp\/v2\/media\/5712"}],"wp:attachment":[{"href":"https:\/\/garrcorpcomputer.com\/index.php\/wp-json\/wp\/v2\/media?parent=5711"}],"wp:term":[{"taxonomy":"product_cat","embeddable":true,"href":"https:\/\/garrcorpcomputer.com\/index.php\/wp-json\/wp\/v2\/product_cat?post=5711"},{"taxonomy":"product_tag","embeddable":true,"href":"https:\/\/garrcorpcomputer.com\/index.php\/wp-json\/wp\/v2\/product_tag?post=5711"}],"curies":[{"name":"wp","href":"https:\/\/api.w.org\/{rel}","templated":true}]}}