{"id":5741,"date":"2021-09-10T19:52:33","date_gmt":"2021-09-11T00:52:33","guid":{"rendered":"https:\/\/garrcorpcomputer.com\/?post_type=product&#038;p=5741"},"modified":"2021-09-10T19:52:33","modified_gmt":"2021-09-11T00:52:33","slug":"teclado-usb-gamer-tech-gt816t","status":"publish","type":"product","link":"https:\/\/garrcorpcomputer.com\/index.php\/producto\/teclado-usb-gamer-tech-gt816t\/","title":{"rendered":"Teclado USB Gamer Tech GT816T"},"content":{"rendered":"<ul>\n<li>Teclado gamer eco<\/li>\n<li>Cable USB alta calidad<\/li>\n<li>105 tecla<\/li>\n<li>Dise\u00f1o ligero<\/li>\n<li>\u00a0Teclas azules gamer para mayor durabilidad<\/li>\n<\/ul>\n","protected":false},"excerpt":{"rendered":"<p>Teclado gamer eco Cable USB alta calidad 105 tecla Dise\u00f1o ligero \u00a0Teclas azules gamer para mayor durabilidad<\/p>\n","protected":false},"featured_media":5742,"comment_status":"closed","ping_status":"closed","template":"","meta":{"om_disable_all_campaigns":false,"_mi_skip_tracking":false,"spay_email":"","jetpack_publicize_message":"","jetpack_is_tweetstorm":false},"product_cat":[328,344],"product_tag":[],"jetpack_publicize_connections":[],"jetpack-related-posts":[{"id":5751,"url":"https:\/\/garrcorpcomputer.com\/index.php\/producto\/teclado-usb-gamer-tech-gtx80t\/","url_meta":{"origin":5741,"position":0},"title":"Teclado USB Gamer Tech GTX80T","date":"10 de septiembre de 2021","format":false,"excerpt":"Teclado mec\u00e1nico gamer pro Retroiluminado super RGB Teclas de interruptor mec\u00e1nico de eje azul para juegos Teclas resistentes hasta 50 millones de pulsaciones \u00a0Letras grabadas para evitar desgaste Cambio de patr\u00f3n de luces hasta 10 modos Teclado a prueba de salpicaduras \u00c1ngulo ajustable 12 teclas de acceso directo a multimedia\u2026","rel":"","context":"Entrada similar","img":{"alt_text":"","src":"https:\/\/i0.wp.com\/garrcorpcomputer.com\/wp-content\/uploads\/2021\/09\/teclado-gamer-2.png?fit=432%2C281&ssl=1&resize=350%2C200","width":350,"height":200},"classes":[]},{"id":4179,"url":"https:\/\/garrcorpcomputer.com\/index.php\/producto\/teclado-usb-gamer-tech-gt700t-ref-1092\/","url_meta":{"origin":5741,"position":1},"title":"Teclado USB Gamer Tech GT700T Ref 1092","date":"28 de agosto de 2021","format":false,"excerpt":"Retroiluminado con luz Led RGB Excelente dise\u00f1o Cable USB de alta calidad con filtro 105 teclas, 12 de ellas con acceso r\u00e1pido a multimedia Teclas tipo tapa Opci\u00f3n de cambio de luces ON\/OFF Antiderrame","rel":"","context":"Entrada similar","img":{"alt_text":"","src":"https:\/\/i2.wp.com\/garrcorpcomputer.com\/wp-content\/uploads\/2021\/08\/teclado-8.png?fit=703%2C310&ssl=1&resize=350%2C200","width":350,"height":200},"classes":[]},{"id":4169,"url":"https:\/\/garrcorpcomputer.com\/index.php\/producto\/teclado-usb-gamer-tech-gt400t-10901\/","url_meta":{"origin":5741,"position":2},"title":"Teclado USB Gamer Tech GT400T 10901","date":"28 de agosto de 2021","format":false,"excerpt":"Teclado met\u00e1lico Retroiluminado con luz led RGB Cable USB de alta calidad con filtro 105 teclas 12 de ellas multimedia Teclas tipo tapa Antiderrame Opci\u00f3n de cambio de luces ON\/OFF","rel":"","context":"Entrada similar","img":{"alt_text":"","src":"https:\/\/i1.wp.com\/garrcorpcomputer.com\/wp-content\/uploads\/2021\/08\/teclado-4-1.png?fit=604%2C276&ssl=1&resize=350%2C200","width":350,"height":200},"classes":[]},{"id":4165,"url":"https:\/\/garrcorpcomputer.com\/index.php\/producto\/teclado-usb-gamer-tech-gt600t-10900\/","url_meta":{"origin":5741,"position":3},"title":"Teclado USB Gamer TECH GT600T 10900","date":"28 de agosto de 2021","format":false,"excerpt":"Teclado con cambio de luces ON\/OFF Cable de alta calidad con filtro Teclado con 105 teclas, 12 de ellas tienen acceso directo a multimedia Nultiples patrones de luz RGB Soporte de angulo ajustable","rel":"","context":"Entrada similar","img":{"alt_text":"","src":"https:\/\/i2.wp.com\/garrcorpcomputer.com\/wp-content\/uploads\/2021\/08\/teclado-2-1.png?fit=773%2C286&ssl=1&resize=350%2C200","width":350,"height":200},"classes":[]},{"id":5755,"url":"https:\/\/garrcorpcomputer.com\/index.php\/producto\/combo-usb-teclado-y-mouse-gamer-t-gt680c\/","url_meta":{"origin":5741,"position":4},"title":"Combo USB Teclado y mouse Gamer T GT680c","date":"10 de septiembre de 2021","format":false,"excerpt":"Combo teclado y mouse gamer Cambio de luces ON\/OFF Cable USB alta calidad con filtro Mouse retoiluminado 105 teclas 12 teclas de acceso directo a multimedia Teclado RGB","rel":"","context":"Entrada similar","img":{"alt_text":"","src":"https:\/\/i0.wp.com\/garrcorpcomputer.com\/wp-content\/uploads\/2021\/09\/combo-gamer-12.png?fit=430%2C238&ssl=1&resize=350%2C200","width":350,"height":200},"classes":[]},{"id":4326,"url":"https:\/\/garrcorpcomputer.com\/index.php\/producto\/combo-teclado-y-mouse-gamer-alambrico-t-gt300c-ref-10907\/","url_meta":{"origin":5741,"position":5},"title":"COMBO TECLADO Y MOUSE GAMER ALAMBRICO T. GT300C REF 10907 cos","date":"30 de agosto de 2021","format":false,"excerpt":"Combo teclado y mouse gamer Cambio de luces ON\/OFF Cable USB alta calidad con filtro Mouse 7 botones retoiluminado Hasta 3200 DPI 105 teclas 12 teclas de acceso directo a\u00a0multimedia Teclado RGB","rel":"","context":"Entrada similar","img":{"alt_text":"","src":"https:\/\/i2.wp.com\/garrcorpcomputer.com\/wp-content\/uploads\/2021\/08\/COMBO-GAMER-6.png?fit=772%2C369&ssl=1&resize=350%2C200","width":350,"height":200},"classes":[]}],"jetpack_sharing_enabled":true,"_links":{"self":[{"href":"https:\/\/garrcorpcomputer.com\/index.php\/wp-json\/wp\/v2\/product\/5741"}],"collection":[{"href":"https:\/\/garrcorpcomputer.com\/index.php\/wp-json\/wp\/v2\/product"}],"about":[{"href":"https:\/\/garrcorpcomputer.com\/index.php\/wp-json\/wp\/v2\/types\/product"}],"replies":[{"embeddable":true,"href":"https:\/\/garrcorpcomputer.com\/index.php\/wp-json\/wp\/v2\/comments?post=5741"}],"version-history":[{"count":0,"href":"https:\/\/garrcorpcomputer.com\/index.php\/wp-json\/wp\/v2\/product\/5741\/revisions"}],"wp:featuredmedia":[{"embeddable":true,"href":"https:\/\/garrcorpcomputer.com\/index.php\/wp-json\/wp\/v2\/media\/5742"}],"wp:attachment":[{"href":"https:\/\/garrcorpcomputer.com\/index.php\/wp-json\/wp\/v2\/media?parent=5741"}],"wp:term":[{"taxonomy":"product_cat","embeddable":true,"href":"https:\/\/garrcorpcomputer.com\/index.php\/wp-json\/wp\/v2\/product_cat?post=5741"},{"taxonomy":"product_tag","embeddable":true,"href":"https:\/\/garrcorpcomputer.com\/index.php\/wp-json\/wp\/v2\/product_tag?post=5741"}],"curies":[{"name":"wp","href":"https:\/\/api.w.org\/{rel}","templated":true}]}}