{"id":5764,"date":"2021-09-11T10:19:14","date_gmt":"2021-09-11T15:19:14","guid":{"rendered":"https:\/\/garrcorpcomputer.com\/?post_type=product&#038;p=5764"},"modified":"2025-11-04T19:32:38","modified_gmt":"2025-11-05T00:32:38","slug":"bombilla-inteligente-wifi-multicolor-2-pk","status":"publish","type":"product","link":"https:\/\/garrcorpcomputer.com\/index.php\/producto\/bombilla-inteligente-wifi-multicolor-2-pk\/","title":{"rendered":"Bombilla inteligente wifi multicolor 2 PK"},"content":{"rendered":"<ul>\n<li>2 bombillos inteligentes multicolor con control por voz y APP<\/li>\n<li>Emparejamiento f\u00e1cil<\/li>\n<li>Aplicaci\u00f3n Nexxt Solutions Home compatible con iOS y Android<\/li>\n<li>\u00b7 Programaci\u00f3n de horarios para activar y desactivar la luz, en cualquier momento y desde cualquier lugar<\/li>\n<li>Escenas seleccionables conforme a las preferencias de cada usuario<\/li>\n<li>Elecci\u00f3n del color basado en el c\u00edrculo policrom\u00e1tico<\/li>\n<li>Desplegado en la aplicaci\u00f3n<\/li>\n<li>Intensidad regulable del brillo para cada color<\/li>\n<li>Acceso compartido<\/li>\n<li>Tipo de bombilla: A19<\/li>\n<li>Vatios: 9 w (equivalente a 60 vatios)<\/li>\n<li>L\u00famenes: 800 l\u00famenes<\/li>\n<li>Color: si<\/li>\n<li>Material: pl\u00e1stico<\/li>\n<li>Aplicaci\u00f3n: si<\/li>\n<li>Garant\u00eda: 2 a\u00f1o<\/li>\n<\/ul>\n","protected":false},"excerpt":{"rendered":"<p>2 bombillos inteligentes multicolor con control por voz y APP Emparejamiento f\u00e1cil Aplicaci\u00f3n Nexxt Solutions Home compatible con iOS y Android \u00b7 Programaci\u00f3n de horarios para activar y desactivar la luz, en cualquier momento y desde cualquier lugar Escenas seleccionables conforme a las preferencias de cada usuario Elecci\u00f3n del color basado en el c\u00edrculo policrom\u00e1tico &hellip;<\/p>\n<p class=\"read-more\"> <a class=\"\" href=\"https:\/\/garrcorpcomputer.com\/index.php\/producto\/bombilla-inteligente-wifi-multicolor-2-pk\/\"> <span class=\"screen-reader-text\">Bombilla inteligente wifi multicolor 2 PK<\/span> Leer m\u00e1s &raquo;<\/a><\/p>\n","protected":false},"featured_media":5765,"comment_status":"open","ping_status":"closed","template":"","meta":{"om_disable_all_campaigns":false,"_mi_skip_tracking":false,"spay_email":"","jetpack_publicize_message":"","jetpack_is_tweetstorm":false},"product_cat":[345],"product_tag":[],"jetpack_publicize_connections":[],"jetpack-related-posts":[{"id":5768,"url":"https:\/\/garrcorpcomputer.com\/index.php\/producto\/bombillo-inteligente-wifi-multicolor-4pk\/","url_meta":{"origin":5764,"position":0},"title":"Bombillo inteligente wifi multicolor 4PK","date":"11 de septiembre de 2021","format":false,"excerpt":"4 bombillos inteligentes multicolor con control por voz y APP Emparejamiento f\u00e1cil Aplicaci\u00f3n Nexxt Solutions Home compatible con iOS y Android Programaci\u00f3n de horarios para activar y desactivar la luz, en cualquier momento y desde cualquier lugar Escenas seleccionables conforme a las preferencias de cada usuario Elecci\u00f3n del color basado\u2026","rel":"","context":"Con 1 comentario","img":{"alt_text":"","src":"https:\/\/i2.wp.com\/garrcorpcomputer.com\/wp-content\/uploads\/2021\/09\/iluminacion-2.png?fit=293%2C263&ssl=1&resize=350%2C200","width":350,"height":200},"classes":[]},{"id":4362,"url":"https:\/\/garrcorpcomputer.com\/index.php\/producto\/combo-gamer-3-en-1-cp-02\/","url_meta":{"origin":5764,"position":1},"title":"COMBO GAMER 3 EN 1 CP-02","date":"30 de agosto de 2021","format":false,"excerpt":"Diadema 2 plug de 3.5 mm Iluminaci\u00f3n LED multicolor Micr\u00f3fono interno en auricular Cable 2 mt Conexi\u00f3n USB plug and play","rel":"","context":"Entrada similar","img":{"alt_text":"","src":"https:\/\/i2.wp.com\/garrcorpcomputer.com\/wp-content\/uploads\/2021\/08\/COMBO-GAMER-11.png?fit=514%2C473&ssl=1&resize=350%2C200","width":350,"height":200},"classes":[]},{"id":4417,"url":"https:\/\/garrcorpcomputer.com\/index.php\/producto\/diadema-gamer-led-consmo-gh-217\/","url_meta":{"origin":5764,"position":2},"title":"DIADEMA GAMER LED CONSMO GH-217","date":"30 de agosto de 2021","format":false,"excerpt":"Interfaz de 3.5 mm de 2 plug para audio y micr\u00f3fono Interfaz USB para energ\u00eda Iluminaci\u00f3n LED multicolor Micr\u00f3fono y control de volumen en auricular Banda ajustable Cable encauchetado de 2 mt conexi\u00f3n USB plug and play","rel":"","context":"Entrada similar","img":{"alt_text":"","src":"https:\/\/i1.wp.com\/garrcorpcomputer.com\/wp-content\/uploads\/2021\/08\/diadema-27.png?fit=322%2C471&ssl=1&resize=350%2C200","width":350,"height":200},"classes":[]},{"id":4238,"url":"https:\/\/garrcorpcomputer.com\/index.php\/producto\/diadema-gamer-misde-h7-ref-1126g-4\/","url_meta":{"origin":5764,"position":3},"title":"Diadema Gamer misde H7 Ref 1126G-4","date":"28 de agosto de 2021","format":false,"excerpt":"Interfaz de 3.5 mm de 2 plug para audio y micr\u00f3fono Interfaz USB para energ\u00eda Iluminaci\u00f3n LED multicolor Micr\u00f3fono y control de volumen en auricular Banda ajustable Cable de 2 metros Conexion USB Plug and Play","rel":"","context":"Entrada similar","img":{"alt_text":"","src":"https:\/\/i2.wp.com\/garrcorpcomputer.com\/wp-content\/uploads\/2021\/08\/diadema-15.png?fit=360%2C471&ssl=1&resize=350%2C200","width":350,"height":200},"classes":[]},{"id":4359,"url":"https:\/\/garrcorpcomputer.com\/index.php\/producto\/combo-teclado-y-mouse-usb-gaming-retroiluminado-gk100\/","url_meta":{"origin":5764,"position":4},"title":"COMBO TECLADO Y MOUSE USB GAMING RETROILUMINADO GK100","date":"30 de agosto de 2021","format":false,"excerpt":"MOUSE ILUMINACI\u00d3N LED MULTICOLOR 2 BOTONES + SCROLL 1000 DPI CABLE 1.5 mt CONEXI\u00d3N USB PLUG AND PLAY","rel":"","context":"Entrada similar","img":{"alt_text":"","src":"https:\/\/i1.wp.com\/garrcorpcomputer.com\/wp-content\/uploads\/2021\/08\/TECLADO-7-1.png?fit=782%2C219&ssl=1&resize=350%2C200","width":350,"height":200},"classes":[]},{"id":5727,"url":"https:\/\/garrcorpcomputer.com\/index.php\/producto\/mouse-usb-gamer-tech-gt7\/","url_meta":{"origin":5764,"position":5},"title":"Mouse USB Gamer Tech GT7","date":"10 de septiembre de 2021","format":false,"excerpt":"Empaque de lujo 7 botones DPI 800 \/ 1200 \/ 1600 \/ 2400 \/ 3200 Interfaz USB Retroiluminado Multicolor Efectos luces LED Filtro de ferrita","rel":"","context":"Entrada similar","img":{"alt_text":"","src":"https:\/\/i1.wp.com\/garrcorpcomputer.com\/wp-content\/uploads\/2021\/09\/mouse-22.png?fit=223%2C332&ssl=1&resize=350%2C200","width":350,"height":200},"classes":[]}],"jetpack_sharing_enabled":true,"_links":{"self":[{"href":"https:\/\/garrcorpcomputer.com\/index.php\/wp-json\/wp\/v2\/product\/5764"}],"collection":[{"href":"https:\/\/garrcorpcomputer.com\/index.php\/wp-json\/wp\/v2\/product"}],"about":[{"href":"https:\/\/garrcorpcomputer.com\/index.php\/wp-json\/wp\/v2\/types\/product"}],"replies":[{"embeddable":true,"href":"https:\/\/garrcorpcomputer.com\/index.php\/wp-json\/wp\/v2\/comments?post=5764"}],"version-history":[{"count":1,"href":"https:\/\/garrcorpcomputer.com\/index.php\/wp-json\/wp\/v2\/product\/5764\/revisions"}],"predecessor-version":[{"id":5766,"href":"https:\/\/garrcorpcomputer.com\/index.php\/wp-json\/wp\/v2\/product\/5764\/revisions\/5766"}],"wp:featuredmedia":[{"embeddable":true,"href":"https:\/\/garrcorpcomputer.com\/index.php\/wp-json\/wp\/v2\/media\/5765"}],"wp:attachment":[{"href":"https:\/\/garrcorpcomputer.com\/index.php\/wp-json\/wp\/v2\/media?parent=5764"}],"wp:term":[{"taxonomy":"product_cat","embeddable":true,"href":"https:\/\/garrcorpcomputer.com\/index.php\/wp-json\/wp\/v2\/product_cat?post=5764"},{"taxonomy":"product_tag","embeddable":true,"href":"https:\/\/garrcorpcomputer.com\/index.php\/wp-json\/wp\/v2\/product_tag?post=5764"}],"curies":[{"name":"wp","href":"https:\/\/api.w.org\/{rel}","templated":true}]}}