{"id":5768,"date":"2021-09-11T10:29:46","date_gmt":"2021-09-11T15:29:46","guid":{"rendered":"https:\/\/garrcorpcomputer.com\/?post_type=product&#038;p=5768"},"modified":"2025-11-04T19:33:10","modified_gmt":"2025-11-05T00:33:10","slug":"bombillo-inteligente-wifi-multicolor-4pk","status":"publish","type":"product","link":"https:\/\/garrcorpcomputer.com\/index.php\/producto\/bombillo-inteligente-wifi-multicolor-4pk\/","title":{"rendered":"Bombillo inteligente wifi multicolor 4PK"},"content":{"rendered":"<ul>\n<li>4 bombillos inteligentes multicolor con control por voz y APP<\/li>\n<li>Emparejamiento f\u00e1cil<\/li>\n<li>Aplicaci\u00f3n Nexxt Solutions Home compatible con iOS y Android<\/li>\n<li>Programaci\u00f3n de horarios para activar y desactivar la luz, en cualquier<br \/>\nmomento y desde cualquier lugar<\/li>\n<li>Escenas seleccionables conforme a las preferencias de cada usuario<\/li>\n<li>Elecci\u00f3n del color basado en el c\u00edrculo policrom\u00e1tico<\/li>\n<li>Desplegado en la aplicaci\u00f3n<\/li>\n<li>Intensidad regulable del brillo para cada color<\/li>\n<li>\u00a0Acceso compartido<\/li>\n<li>\u00a0Tipo de bombilla: A19<\/li>\n<li>\u00a0Vatios: 9 w (equivalente a 60 vatios)<\/li>\n<li>\u00a0L\u00famenes: 800 l\u00famenes<\/li>\n<li>Color: si<\/li>\n<li>Material: pl\u00e1stico<\/li>\n<li>Aplicaci\u00f3n: si<\/li>\n<li>Garant\u00eda: 2 a\u00f1os<\/li>\n<\/ul>\n","protected":false},"excerpt":{"rendered":"<p>4 bombillos inteligentes multicolor con control por voz y APP Emparejamiento f\u00e1cil Aplicaci\u00f3n Nexxt Solutions Home compatible con iOS y Android Programaci\u00f3n de horarios para activar y desactivar la luz, en cualquier momento y desde cualquier lugar Escenas seleccionables conforme a las preferencias de cada usuario Elecci\u00f3n del color basado en el c\u00edrculo policrom\u00e1tico Desplegado &hellip;<\/p>\n<p class=\"read-more\"> <a class=\"\" href=\"https:\/\/garrcorpcomputer.com\/index.php\/producto\/bombillo-inteligente-wifi-multicolor-4pk\/\"> <span class=\"screen-reader-text\">Bombillo inteligente wifi multicolor 4PK<\/span> Leer m\u00e1s &raquo;<\/a><\/p>\n","protected":false},"featured_media":5769,"comment_status":"open","ping_status":"closed","template":"","meta":{"om_disable_all_campaigns":false,"_mi_skip_tracking":false,"spay_email":"","jetpack_publicize_message":"","jetpack_is_tweetstorm":false},"product_cat":[345],"product_tag":[],"jetpack_publicize_connections":[],"jetpack-related-posts":[{"id":5764,"url":"https:\/\/garrcorpcomputer.com\/index.php\/producto\/bombilla-inteligente-wifi-multicolor-2-pk\/","url_meta":{"origin":5768,"position":0},"title":"Bombilla inteligente wifi multicolor 2 PK","date":"11 de septiembre de 2021","format":false,"excerpt":"2 bombillos inteligentes multicolor con control por voz y APP Emparejamiento f\u00e1cil Aplicaci\u00f3n Nexxt Solutions Home compatible con iOS y Android \u00b7 Programaci\u00f3n de horarios para activar y desactivar la luz, en cualquier momento y desde cualquier lugar Escenas seleccionables conforme a las preferencias de cada usuario Elecci\u00f3n del color\u2026","rel":"","context":"Con 2 comentarios","img":{"alt_text":"","src":"https:\/\/i0.wp.com\/garrcorpcomputer.com\/wp-content\/uploads\/2021\/09\/iluminacion-1.png?fit=308%2C251&ssl=1&resize=350%2C200","width":350,"height":200},"classes":[]},{"id":4362,"url":"https:\/\/garrcorpcomputer.com\/index.php\/producto\/combo-gamer-3-en-1-cp-02\/","url_meta":{"origin":5768,"position":1},"title":"COMBO GAMER 3 EN 1 CP-02","date":"30 de agosto de 2021","format":false,"excerpt":"Diadema 2 plug de 3.5 mm Iluminaci\u00f3n LED multicolor Micr\u00f3fono interno en auricular Cable 2 mt Conexi\u00f3n USB plug and play","rel":"","context":"Entrada similar","img":{"alt_text":"","src":"https:\/\/i2.wp.com\/garrcorpcomputer.com\/wp-content\/uploads\/2021\/08\/COMBO-GAMER-11.png?fit=514%2C473&ssl=1&resize=350%2C200","width":350,"height":200},"classes":[]},{"id":5727,"url":"https:\/\/garrcorpcomputer.com\/index.php\/producto\/mouse-usb-gamer-tech-gt7\/","url_meta":{"origin":5768,"position":2},"title":"Mouse USB Gamer Tech GT7","date":"10 de septiembre de 2021","format":false,"excerpt":"Empaque de lujo 7 botones DPI 800 \/ 1200 \/ 1600 \/ 2400 \/ 3200 Interfaz USB Retroiluminado Multicolor Efectos luces LED Filtro de ferrita","rel":"","context":"Entrada similar","img":{"alt_text":"","src":"https:\/\/i1.wp.com\/garrcorpcomputer.com\/wp-content\/uploads\/2021\/09\/mouse-22.png?fit=223%2C332&ssl=1&resize=350%2C200","width":350,"height":200},"classes":[]},{"id":662,"url":"https:\/\/garrcorpcomputer.com\/index.php\/producto\/mouse-usb-gamer-tech-gt2-ref-10891\/","url_meta":{"origin":5768,"position":3},"title":"MOUSE USB GAMER TECH GT2 Ref 10891","date":"12 de agosto de 2021","format":false,"excerpt":"Empaque de lujo 6 botones DPI 800 \/ 1200 \/ 1600 \/ 2400 Interfaz USB Retroiluminado Multicolor Efectos luces LED Filtro de ferrita","rel":"","context":"Entrada similar","img":{"alt_text":"","src":"https:\/\/i1.wp.com\/garrcorpcomputer.com\/wp-content\/uploads\/2021\/08\/MOUSE-COD-1007.png?fit=800%2C600&ssl=1&resize=350%2C200","width":350,"height":200},"classes":[]},{"id":5724,"url":"https:\/\/garrcorpcomputer.com\/index.php\/producto\/mouse-usb-gamer-tech-gt1-10890\/","url_meta":{"origin":5768,"position":4},"title":"Mouse USB Gamer Tech GT1 10890","date":"10 de septiembre de 2021","format":false,"excerpt":"Empaque de lujo 6 botones DPI 800 \/ 1200 \/ 1600 \/ 2400 \/ 3200 \/ 4800 Interfaz USB Retroiluminado Multicolor Efectos luces LED Filtro de ferrita","rel":"","context":"Entrada similar","img":{"alt_text":"","src":"https:\/\/i1.wp.com\/garrcorpcomputer.com\/wp-content\/uploads\/2021\/09\/mouse-21.png?fit=533%2C365&ssl=1&resize=350%2C200","width":350,"height":200},"classes":[]},{"id":4383,"url":"https:\/\/garrcorpcomputer.com\/index.php\/producto\/mouse-retroiluminado-gamer-usb-consmo-gm830\/","url_meta":{"origin":5768,"position":5},"title":"MOUSE RETROILUMINADO GAMER USB CONSMO GM830","date":"30 de agosto de 2021","format":false,"excerpt":"Mouse con sensor \u00f3ptico gamer Dise\u00f1o ergonomico Iluminaci\u00f3n LED multicolor Cable acordonado con filtro de 1.5 mt 7 botones + scroll Hasta 3200 DPI Conexi\u00f3n USB plug and play","rel":"","context":"Entrada similar","img":{"alt_text":"","src":"https:\/\/i1.wp.com\/garrcorpcomputer.com\/wp-content\/uploads\/2021\/08\/mouse-11-1.png?fit=323%2C503&ssl=1&resize=350%2C200","width":350,"height":200},"classes":[]}],"jetpack_sharing_enabled":true,"_links":{"self":[{"href":"https:\/\/garrcorpcomputer.com\/index.php\/wp-json\/wp\/v2\/product\/5768"}],"collection":[{"href":"https:\/\/garrcorpcomputer.com\/index.php\/wp-json\/wp\/v2\/product"}],"about":[{"href":"https:\/\/garrcorpcomputer.com\/index.php\/wp-json\/wp\/v2\/types\/product"}],"replies":[{"embeddable":true,"href":"https:\/\/garrcorpcomputer.com\/index.php\/wp-json\/wp\/v2\/comments?post=5768"}],"version-history":[{"count":1,"href":"https:\/\/garrcorpcomputer.com\/index.php\/wp-json\/wp\/v2\/product\/5768\/revisions"}],"predecessor-version":[{"id":5770,"href":"https:\/\/garrcorpcomputer.com\/index.php\/wp-json\/wp\/v2\/product\/5768\/revisions\/5770"}],"wp:featuredmedia":[{"embeddable":true,"href":"https:\/\/garrcorpcomputer.com\/index.php\/wp-json\/wp\/v2\/media\/5769"}],"wp:attachment":[{"href":"https:\/\/garrcorpcomputer.com\/index.php\/wp-json\/wp\/v2\/media?parent=5768"}],"wp:term":[{"taxonomy":"product_cat","embeddable":true,"href":"https:\/\/garrcorpcomputer.com\/index.php\/wp-json\/wp\/v2\/product_cat?post=5768"},{"taxonomy":"product_tag","embeddable":true,"href":"https:\/\/garrcorpcomputer.com\/index.php\/wp-json\/wp\/v2\/product_tag?post=5768"}],"curies":[{"name":"wp","href":"https:\/\/api.w.org\/{rel}","templated":true}]}}