{"id":5785,"date":"2021-09-11T11:19:28","date_gmt":"2021-09-11T16:19:28","guid":{"rendered":"https:\/\/garrcorpcomputer.com\/?post_type=product&#038;p=5785"},"modified":"2025-11-04T22:27:28","modified_gmt":"2025-11-05T03:27:28","slug":"luces-hexagonales-x3","status":"publish","type":"product","link":"https:\/\/garrcorpcomputer.com\/index.php\/producto\/luces-hexagonales-x3\/","title":{"rendered":"Luces hexagonales X3"},"content":{"rendered":"<ul>\n<li>5V USB<\/li>\n<li>Super bright LEDS<\/li>\n<li>Bluetooth<\/li>\n<li>Realiza cambios de color por la APP<\/li>\n<li>Set x 3<\/li>\n<li>Puertos USB<\/li>\n<li>Colores RGB con mas de 30 opciones<\/li>\n<\/ul>\n","protected":false},"excerpt":{"rendered":"<p><span style=\"color: #ff0000;\">Por tiempo limitado<\/span><\/p>\n","protected":false},"featured_media":5787,"comment_status":"open","ping_status":"closed","template":"","meta":{"om_disable_all_campaigns":false,"_mi_skip_tracking":false,"spay_email":"","jetpack_publicize_message":"","jetpack_is_tweetstorm":false},"product_cat":[345],"product_tag":[],"jetpack_publicize_connections":[],"jetpack-related-posts":[{"id":4175,"url":"https:\/\/garrcorpcomputer.com\/index.php\/producto\/teclado-usb-xenex-xcg-gkb20\/","url_meta":{"origin":5785,"position":0},"title":"Teclado USB XENEX XCG-GKB20","date":"28 de agosto de 2021","format":false,"excerpt":"Teclado de 104 teclas en espa\u00f1ol Conexi\u00f3n USB 2.0 Teclado con luz retroiluminado de 3 colores Largo del cable: 1.5 mt F\u00e1cil de instalar plug & play Admite 10 millones de pulsaciones","rel":"","context":"Entrada similar","img":{"alt_text":"","src":"https:\/\/i2.wp.com\/garrcorpcomputer.com\/wp-content\/uploads\/2021\/08\/teclado-6.png?fit=763%2C253&ssl=1&resize=350%2C200","width":350,"height":200},"classes":[]},{"id":4108,"url":"https:\/\/garrcorpcomputer.com\/index.php\/producto\/mouse-retractil-usb-genius-micro-traveler\/","url_meta":{"origin":5785,"position":1},"title":"Mouse retractil USB Genius micro Traveler","date":"27 de agosto de 2021","format":false,"excerpt":"M\u00faltiples colores para combinar con su notebook Gran potabilidad con cable retr\u00e1ctil Compatible con Windows y MacOS Interfaz USB Sensor \u00f3ptico DPI 1000 Botones 3 incluido scroll Longitud de cable de alimentaci\u00f3n 0.86m","rel":"","context":"Entrada similar","img":{"alt_text":"","src":"https:\/\/i0.wp.com\/garrcorpcomputer.com\/wp-content\/uploads\/2021\/08\/mouse-7.png?fit=962%2C356&ssl=1&resize=350%2C200","width":350,"height":200},"classes":[]},{"id":5798,"url":"https:\/\/garrcorpcomputer.com\/index.php\/producto\/luces-hexagonales-x6\/","url_meta":{"origin":5785,"position":2},"title":"Luces hexagonales X6","date":"11 de septiembre de 2021","format":false,"excerpt":"Por tiempo limitado","rel":"","context":"Con 1 comentario","img":{"alt_text":"","src":"https:\/\/i0.wp.com\/garrcorpcomputer.com\/wp-content\/uploads\/2021\/09\/iluminacion-7.png?fit=401%2C290&ssl=1&resize=350%2C200","width":350,"height":200},"classes":[]},{"id":714,"url":"https:\/\/garrcorpcomputer.com\/index.php\/producto\/mouse-gamertech-rusher-gt12\/","url_meta":{"origin":5785,"position":3},"title":"MOUSE GAMER TECH RUSHER GT12","date":"12 de agosto de 2021","format":false,"excerpt":"Iluminaci\u00f3n LED de colores RGB\u00a0con software 7 botones programables atreves del software Retro iluminado con cambio de luces Dise\u00f1o GAMER de lujo Mouse USB para juegos personalizado 7D DPI: 1200\/2400\/4800\/7200 Conexi\u00f3n USB Voltaje nominal: 5V Longitud del cable: 1,4 m","rel":"","context":"Entrada similar","img":{"alt_text":"","src":"https:\/\/i2.wp.com\/garrcorpcomputer.com\/wp-content\/uploads\/2021\/08\/Mouse-1068.png?fit=533%2C454&ssl=1&resize=350%2C200","width":350,"height":200},"classes":[]},{"id":712,"url":"https:\/\/garrcorpcomputer.com\/index.php\/producto\/mouse-gamertech-sniper-gt11-ref-11004\/","url_meta":{"origin":5785,"position":4},"title":"MOUSE GAMERTECH SNIPER GT11 REF 11004","date":"12 de agosto de 2021","format":false,"excerpt":"Iluminaci\u00f3n LED de colores RGB. 7 botones Retro iluminado con cambio de luces Dise\u00f1o GAMER de lujo Mouse USB para juegos\u00a0personalizado 7D DPI: 800 \/ 1600 \/ 2400 \/ 3200 \/ 4800 \/ 6400 Conexi\u00f3n USB Voltaje nominal: 5V Longitud del cable: 1,4 m","rel":"","context":"Entrada similar","img":{"alt_text":"","src":"https:\/\/i2.wp.com\/garrcorpcomputer.com\/wp-content\/uploads\/2021\/08\/Mouse-1020.png?fit=530%2C471&ssl=1&resize=350%2C200","width":350,"height":200},"classes":[]},{"id":716,"url":"https:\/\/garrcorpcomputer.com\/index.php\/producto\/mouse-gamertech-ace-gt13-ref-11006\/","url_meta":{"origin":5785,"position":5},"title":"MOUSE GAMERTECH ACE GT13 REF 11006","date":"12 de agosto de 2021","format":false,"excerpt":"Iluminaci\u00f3n LED de colores RGB con software Retro iluminado con cambio de luces 8 botones programables atreves del software Dise\u00f1o GAMER de lujo Mouse USB para juegos personalizado 8D DPI: 1200\/2400\/4800\/7200 Conexi\u00f3n USB Voltaje nominal: 5V Longitud del cable: 1,4 m","rel":"","context":"Entrada similar","img":{"alt_text":"","src":"https:\/\/i2.wp.com\/garrcorpcomputer.com\/wp-content\/uploads\/2021\/08\/Mouse-1021.png?fit=526%2C547&ssl=1&resize=350%2C200","width":350,"height":200},"classes":[]}],"jetpack_sharing_enabled":true,"_links":{"self":[{"href":"https:\/\/garrcorpcomputer.com\/index.php\/wp-json\/wp\/v2\/product\/5785"}],"collection":[{"href":"https:\/\/garrcorpcomputer.com\/index.php\/wp-json\/wp\/v2\/product"}],"about":[{"href":"https:\/\/garrcorpcomputer.com\/index.php\/wp-json\/wp\/v2\/types\/product"}],"replies":[{"embeddable":true,"href":"https:\/\/garrcorpcomputer.com\/index.php\/wp-json\/wp\/v2\/comments?post=5785"}],"version-history":[{"count":3,"href":"https:\/\/garrcorpcomputer.com\/index.php\/wp-json\/wp\/v2\/product\/5785\/revisions"}],"predecessor-version":[{"id":5797,"href":"https:\/\/garrcorpcomputer.com\/index.php\/wp-json\/wp\/v2\/product\/5785\/revisions\/5797"}],"wp:featuredmedia":[{"embeddable":true,"href":"https:\/\/garrcorpcomputer.com\/index.php\/wp-json\/wp\/v2\/media\/5787"}],"wp:attachment":[{"href":"https:\/\/garrcorpcomputer.com\/index.php\/wp-json\/wp\/v2\/media?parent=5785"}],"wp:term":[{"taxonomy":"product_cat","embeddable":true,"href":"https:\/\/garrcorpcomputer.com\/index.php\/wp-json\/wp\/v2\/product_cat?post=5785"},{"taxonomy":"product_tag","embeddable":true,"href":"https:\/\/garrcorpcomputer.com\/index.php\/wp-json\/wp\/v2\/product_tag?post=5785"}],"curies":[{"name":"wp","href":"https:\/\/api.w.org\/{rel}","templated":true}]}}