{"id":5824,"date":"2021-09-11T12:55:00","date_gmt":"2021-09-11T17:55:00","guid":{"rendered":"https:\/\/garrcorpcomputer.com\/?post_type=product&#038;p=5824"},"modified":"2025-09-27T15:43:31","modified_gmt":"2025-09-27T20:43:31","slug":"base-refrigerante-mobile-3","status":"publish","type":"product","link":"https:\/\/garrcorpcomputer.com\/index.php\/producto\/base-refrigerante-mobile-3\/","title":{"rendered":"Base refrigerante mobile 3"},"content":{"rendered":"<ul>\n<li>3 ventiladores<\/li>\n<li>2 puertos USB<\/li>\n<li>5 \u00e1ngulos de inclinaci\u00f3n<\/li>\n<li>Luz LED<\/li>\n<li>Medidas 38 x 27 cm<\/li>\n<li>Silenciosa<\/li>\n<\/ul>\n","protected":false},"excerpt":{"rendered":"<p>3 ventiladores 2 puertos USB 5 \u00e1ngulos de inclinaci\u00f3n Luz LED Medidas 38 x 27 cm Silenciosa<\/p>\n","protected":false},"featured_media":5825,"comment_status":"open","ping_status":"closed","template":"","meta":{"om_disable_all_campaigns":false,"_mi_skip_tracking":false,"spay_email":"","jetpack_publicize_message":"","jetpack_is_tweetstorm":false},"product_cat":[21,27],"product_tag":[],"jetpack_publicize_connections":[],"jetpack-related-posts":[{"id":5830,"url":"https:\/\/garrcorpcomputer.com\/index.php\/producto\/base-refrigerante-tribal\/","url_meta":{"origin":5824,"position":0},"title":"Base refrigerante tribal","date":"11 de septiembre de 2021","format":false,"excerpt":"3 Ventiladores Interfaz USB LED 5 \u00c1ngulos de inclinaci\u00f3n Dise\u00f1o gamer \u00b7 Soporta de 12\u201d a 17\u201d \u00b7 Dual USB \u00b7 Velocidad ajustable","rel":"","context":"Con 1 comentario","img":{"alt_text":"","src":"","width":0,"height":0},"classes":[]},{"id":5839,"url":"https:\/\/garrcorpcomputer.com\/index.php\/producto\/base-refrigerante-6-fans\/","url_meta":{"origin":5824,"position":1},"title":"Base refrigerante 6 fans","date":"11 de septiembre de 2021","format":false,"excerpt":"6 ventiladores 2 puertos USB Reclinable Luz LED Medidas 39 x 24 Silenciosa","rel":"","context":"Con 1 comentario","img":{"alt_text":"","src":"https:\/\/i0.wp.com\/garrcorpcomputer.com\/wp-content\/uploads\/2021\/09\/base-refrigerante-14.png?fit=262%2C241&ssl=1&resize=350%2C200","width":350,"height":200},"classes":[]},{"id":5833,"url":"https:\/\/garrcorpcomputer.com\/index.php\/producto\/base-refrigerante-m7\/","url_meta":{"origin":5824,"position":2},"title":"Base refrigerante M7","date":"11 de septiembre de 2021","format":false,"excerpt":"5 Ventiladores Interfaz USB LED 5 \u00e1ngulos de inclinaci\u00f3n Soporta de 12\u201d a 17\u201d Dual USB \u00b7 Velocidad ajustable","rel":"","context":"Con 3 comentarios","img":{"alt_text":"","src":"","width":0,"height":0},"classes":[]},{"id":5849,"url":"https:\/\/garrcorpcomputer.com\/index.php\/producto\/base-refrigerante-bp01\/","url_meta":{"origin":5824,"position":3},"title":"Base refrigerante BP01","date":"11 de septiembre de 2021","format":false,"excerpt":"5 Ventiladores Interfaz USB LED 5 \u00e1ngulos de inclinaci\u00f3n Dise\u00f1o gamer Soporta de 12\u201d a 17\u201d Dual USB Velocidad ajustable","rel":"","context":"Con 3 comentarios","img":{"alt_text":"","src":"","width":0,"height":0},"classes":[]},{"id":5827,"url":"https:\/\/garrcorpcomputer.com\/index.php\/producto\/base-refrigerante-h2\/","url_meta":{"origin":5824,"position":4},"title":"Base refrigerante H2","date":"11 de septiembre de 2021","format":false,"excerpt":"4 Ventiladores Interfaz USB 5 \u00e1ngulos de inclinaci\u00f3n LED Soporta de 12\u201d a 17\u201d Dual USB","rel":"","context":"Con 1 comentario","img":{"alt_text":"","src":"","width":0,"height":0},"classes":[]},{"id":5852,"url":"https:\/\/garrcorpcomputer.com\/index.php\/producto\/base-refrigerante-q7\/","url_meta":{"origin":5824,"position":5},"title":"Base refrigerante Q7","date":"11 de septiembre de 2021","format":false,"excerpt":"5 Ventiladores Interfaz USB LED 1 \u00e1ngulo de inclinaci\u00f3n Dise\u00f1o gamer Soporta de 12\u201d a 17\u201d Dual USB Velocidad ajustable","rel":"","context":"Con 4 comentarios","img":{"alt_text":"","src":"","width":0,"height":0},"classes":[]}],"jetpack_sharing_enabled":true,"_links":{"self":[{"href":"https:\/\/garrcorpcomputer.com\/index.php\/wp-json\/wp\/v2\/product\/5824"}],"collection":[{"href":"https:\/\/garrcorpcomputer.com\/index.php\/wp-json\/wp\/v2\/product"}],"about":[{"href":"https:\/\/garrcorpcomputer.com\/index.php\/wp-json\/wp\/v2\/types\/product"}],"replies":[{"embeddable":true,"href":"https:\/\/garrcorpcomputer.com\/index.php\/wp-json\/wp\/v2\/comments?post=5824"}],"version-history":[{"count":1,"href":"https:\/\/garrcorpcomputer.com\/index.php\/wp-json\/wp\/v2\/product\/5824\/revisions"}],"predecessor-version":[{"id":5826,"href":"https:\/\/garrcorpcomputer.com\/index.php\/wp-json\/wp\/v2\/product\/5824\/revisions\/5826"}],"wp:featuredmedia":[{"embeddable":true,"href":"https:\/\/garrcorpcomputer.com\/index.php\/wp-json\/wp\/v2\/media\/5825"}],"wp:attachment":[{"href":"https:\/\/garrcorpcomputer.com\/index.php\/wp-json\/wp\/v2\/media?parent=5824"}],"wp:term":[{"taxonomy":"product_cat","embeddable":true,"href":"https:\/\/garrcorpcomputer.com\/index.php\/wp-json\/wp\/v2\/product_cat?post=5824"},{"taxonomy":"product_tag","embeddable":true,"href":"https:\/\/garrcorpcomputer.com\/index.php\/wp-json\/wp\/v2\/product_tag?post=5824"}],"curies":[{"name":"wp","href":"https:\/\/api.w.org\/{rel}","templated":true}]}}