{"id":5830,"date":"2021-09-11T13:06:46","date_gmt":"2021-09-11T18:06:46","guid":{"rendered":"https:\/\/garrcorpcomputer.com\/?post_type=product&#038;p=5830"},"modified":"2025-11-04T19:30:55","modified_gmt":"2025-11-05T00:30:55","slug":"base-refrigerante-tribal","status":"publish","type":"product","link":"https:\/\/garrcorpcomputer.com\/index.php\/producto\/base-refrigerante-tribal\/","title":{"rendered":"Base refrigerante tribal"},"content":{"rendered":"<ul>\n<li>3 Ventiladores<\/li>\n<li>Interfaz USB<\/li>\n<li>LED<\/li>\n<li>5 \u00c1ngulos de inclinaci\u00f3n<\/li>\n<li>Dise\u00f1o gamer<\/li>\n<li>\u00b7 Soporta de 12\u201d a 17\u201d \u00b7 Dual USB \u00b7 Velocidad ajustable<\/li>\n<\/ul>\n","protected":false},"excerpt":{"rendered":"<p>3 Ventiladores Interfaz USB LED 5 \u00c1ngulos de inclinaci\u00f3n Dise\u00f1o gamer \u00b7 Soporta de 12\u201d a 17\u201d \u00b7 Dual USB \u00b7 Velocidad ajustable<\/p>\n","protected":false},"featured_media":5831,"comment_status":"open","ping_status":"closed","template":"","meta":{"om_disable_all_campaigns":false,"_mi_skip_tracking":false,"spay_email":"","jetpack_publicize_message":"","jetpack_is_tweetstorm":false},"product_cat":[21,27],"product_tag":[],"jetpack_publicize_connections":[],"jetpack-related-posts":[{"id":5960,"url":"https:\/\/garrcorpcomputer.com\/index.php\/producto\/teclado-usb-forza\/","url_meta":{"origin":5830,"position":0},"title":"Teclado USB Forza","date":"15 de septiembre de 2021","format":false,"excerpt":"USB 2.0 104 Teclas suaves Cable 1.23 Mts Conexi\u00f3n USB sin ferrita Sistema antiderrame Teclas silenciosas Dise\u00f1o ergon\u00f3mico Empaque Premium","rel":"","context":"Entrada similar","img":{"alt_text":"","src":"https:\/\/i0.wp.com\/garrcorpcomputer.com\/wp-content\/uploads\/2021\/09\/teclado-14.png?fit=423%2C202&ssl=1&resize=350%2C200","width":350,"height":200},"classes":[]},{"id":4234,"url":"https:\/\/garrcorpcomputer.com\/index.php\/producto\/diadema-usb-virtual-stereo-gamer-024-mv\/","url_meta":{"origin":5830,"position":1},"title":"Diadema USB virtual stereo Gamer 024-MV","date":"28 de agosto de 2021","format":false,"excerpt":"USB 7.1 canales Cable 2.4 metros\u00a0 Conector USB\u00a0 \u00a0Micr\u00f3fono escualizable Control de volumen en cable Aislamiento de sonido \u00a0","rel":"","context":"Entrada similar","img":{"alt_text":"","src":"https:\/\/i2.wp.com\/garrcorpcomputer.com\/wp-content\/uploads\/2021\/08\/diadema-14.png?fit=682%2C421&ssl=1&resize=350%2C200","width":350,"height":200},"classes":[]},{"id":696,"url":"https:\/\/garrcorpcomputer.com\/index.php\/producto\/mouse-usb-gamer-tech-gt6-10895\/","url_meta":{"origin":5830,"position":2},"title":"MOUSE USB GAMER TECH GT6 10895","date":"12 de agosto de 2021","format":false,"excerpt":"3200 DPI 7 botones Led RGB USB","rel":"","context":"Entrada similar","img":{"alt_text":"","src":"https:\/\/i1.wp.com\/garrcorpcomputer.com\/wp-content\/uploads\/2021\/08\/MOUSE-1012.png?fit=535%2C485&ssl=1&resize=350%2C200","width":350,"height":200},"classes":[]},{"id":4339,"url":"https:\/\/garrcorpcomputer.com\/index.php\/producto\/teclado-sencillo-usb-consmo-k13\/","url_meta":{"origin":5830,"position":3},"title":"TECLADO SENCILLO USB CONSMO K13","date":"30 de agosto de 2021","format":false,"excerpt":"Teclado en espa\u00f1ol 108 Teclas impresi\u00f3n l\u00e1ser Conexi\u00f3n USB plug and play","rel":"","context":"Entrada similar","img":{"alt_text":"","src":"https:\/\/i1.wp.com\/garrcorpcomputer.com\/wp-content\/uploads\/2021\/08\/TECLADO-1-4.png?fit=703%2C283&ssl=1&resize=350%2C200","width":350,"height":200},"classes":[]},{"id":4346,"url":"https:\/\/garrcorpcomputer.com\/index.php\/producto\/teclado-multimedia-usb-k52\/","url_meta":{"origin":5830,"position":4},"title":"TECLADO MULTIMEDIA USB K52","date":"30 de agosto de 2021","format":false,"excerpt":"TECLADO EN ESPA\u00d1OL 108 TECLAS ALFA NUM\u00c9RICAS 8 TECLAS FUNCI\u00d3N MULTIMEDIA CONEXI\u00d3N USB PLUG AND PLAY","rel":"","context":"Entrada similar","img":{"alt_text":"","src":"https:\/\/i1.wp.com\/garrcorpcomputer.com\/wp-content\/uploads\/2021\/08\/TECLADO-3-2.png?fit=693%2C296&ssl=1&resize=350%2C200","width":350,"height":200},"classes":[]},{"id":4380,"url":"https:\/\/garrcorpcomputer.com\/index.php\/producto\/mouse-usb-consmo-cp87\/","url_meta":{"origin":5830,"position":5},"title":"MOUSE USB CONSMO CP87","date":"30 de agosto de 2021","format":false,"excerpt":"Mouse con sensor \u00f3ptico 2 botones + scroll 1200 DPI Cable 1.5 mt Conexi\u00f3n USB plug and play","rel":"","context":"Entrada similar","img":{"alt_text":"","src":"https:\/\/i2.wp.com\/garrcorpcomputer.com\/wp-content\/uploads\/2021\/08\/mouse-10-1.png?fit=422%2C442&ssl=1&resize=350%2C200","width":350,"height":200},"classes":[]}],"jetpack_sharing_enabled":true,"_links":{"self":[{"href":"https:\/\/garrcorpcomputer.com\/index.php\/wp-json\/wp\/v2\/product\/5830"}],"collection":[{"href":"https:\/\/garrcorpcomputer.com\/index.php\/wp-json\/wp\/v2\/product"}],"about":[{"href":"https:\/\/garrcorpcomputer.com\/index.php\/wp-json\/wp\/v2\/types\/product"}],"replies":[{"embeddable":true,"href":"https:\/\/garrcorpcomputer.com\/index.php\/wp-json\/wp\/v2\/comments?post=5830"}],"version-history":[{"count":1,"href":"https:\/\/garrcorpcomputer.com\/index.php\/wp-json\/wp\/v2\/product\/5830\/revisions"}],"predecessor-version":[{"id":5832,"href":"https:\/\/garrcorpcomputer.com\/index.php\/wp-json\/wp\/v2\/product\/5830\/revisions\/5832"}],"wp:featuredmedia":[{"embeddable":true,"href":"https:\/\/garrcorpcomputer.com\/index.php\/wp-json\/wp\/v2\/media\/5831"}],"wp:attachment":[{"href":"https:\/\/garrcorpcomputer.com\/index.php\/wp-json\/wp\/v2\/media?parent=5830"}],"wp:term":[{"taxonomy":"product_cat","embeddable":true,"href":"https:\/\/garrcorpcomputer.com\/index.php\/wp-json\/wp\/v2\/product_cat?post=5830"},{"taxonomy":"product_tag","embeddable":true,"href":"https:\/\/garrcorpcomputer.com\/index.php\/wp-json\/wp\/v2\/product_tag?post=5830"}],"curies":[{"name":"wp","href":"https:\/\/api.w.org\/{rel}","templated":true}]}}