{"id":5836,"date":"2021-09-11T13:10:57","date_gmt":"2021-09-11T18:10:57","guid":{"rendered":"https:\/\/garrcorpcomputer.com\/?post_type=product&#038;p=5836"},"modified":"2025-11-04T19:13:32","modified_gmt":"2025-11-05T00:13:32","slug":"base-refrigerante-h9","status":"publish","type":"product","link":"https:\/\/garrcorpcomputer.com\/index.php\/producto\/base-refrigerante-h9\/","title":{"rendered":"Base refrigerante H9"},"content":{"rendered":"<ul>\n<li>6 Ventiladores<\/li>\n<li>Tama\u00f1o 37cms x 25cms<\/li>\n<li>Ventiladores 60mm<\/li>\n<li>LED<\/li>\n<li>Soporta de 12\u201d a 17\u201d<\/li>\n<li>Interfaz USB<\/li>\n<li>Puerto USB extra<\/li>\n<li>Control de velocidad<\/li>\n<\/ul>\n","protected":false},"excerpt":{"rendered":"<p>6 Ventiladores Tama\u00f1o 37cms x 25cms Ventiladores 60mm LED Soporta de 12\u201d a 17\u201d Interfaz USB Puerto USB extra Control de velocidad<\/p>\n","protected":false},"featured_media":5837,"comment_status":"open","ping_status":"closed","template":"","meta":{"om_disable_all_campaigns":false,"_mi_skip_tracking":false,"spay_email":"","jetpack_publicize_message":"","jetpack_is_tweetstorm":false},"product_cat":[21,27],"product_tag":[],"jetpack_publicize_connections":[],"jetpack-related-posts":[{"id":5827,"url":"https:\/\/garrcorpcomputer.com\/index.php\/producto\/base-refrigerante-h2\/","url_meta":{"origin":5836,"position":0},"title":"Base refrigerante H2","date":"11 de septiembre de 2021","format":false,"excerpt":"4 Ventiladores Interfaz USB 5 \u00e1ngulos de inclinaci\u00f3n LED Soporta de 12\u201d a 17\u201d Dual USB","rel":"","context":"Con 1 comentario","img":{"alt_text":"","src":"","width":0,"height":0},"classes":[]},{"id":5818,"url":"https:\/\/garrcorpcomputer.com\/index.php\/producto\/base-refrigerante-m10\/","url_meta":{"origin":5836,"position":1},"title":"Base refrigerante M10","date":"11 de septiembre de 2021","format":false,"excerpt":"2 Ventiladores Interfaz USB 1 \u00e1ngulo de inclinaci\u00f3n Led Soporta de 12\u201d a 15.6\u201d Dual USB Ligera","rel":"","context":"Con 2 comentarios","img":{"alt_text":"","src":"https:\/\/i1.wp.com\/garrcorpcomputer.com\/wp-content\/uploads\/2021\/09\/base-refrigerante-7.png?fit=291%2C209&ssl=1&resize=350%2C200","width":350,"height":200},"classes":[]},{"id":5833,"url":"https:\/\/garrcorpcomputer.com\/index.php\/producto\/base-refrigerante-m7\/","url_meta":{"origin":5836,"position":2},"title":"Base refrigerante M7","date":"11 de septiembre de 2021","format":false,"excerpt":"5 Ventiladores Interfaz USB LED 5 \u00e1ngulos de inclinaci\u00f3n Soporta de 12\u201d a 17\u201d Dual USB \u00b7 Velocidad ajustable","rel":"","context":"Con 3 comentarios","img":{"alt_text":"","src":"","width":0,"height":0},"classes":[]},{"id":5845,"url":"https:\/\/garrcorpcomputer.com\/index.php\/producto\/base-refrigerante-x8\/","url_meta":{"origin":5836,"position":3},"title":"Base refrigerante X8","date":"11 de septiembre de 2021","format":false,"excerpt":"6 Ventiladores Interfaz USB 5 \u00e1ngulos de inclinaci\u00f3n Aluminio Soporta de 12\u201d a 17\u201d Dual USB Velocidad ajustable","rel":"","context":"Con 2 comentarios","img":{"alt_text":"","src":"https:\/\/i2.wp.com\/garrcorpcomputer.com\/wp-content\/uploads\/2021\/09\/base-refrigerante-16.png?fit=282%2C221&ssl=1&resize=350%2C200","width":350,"height":200},"classes":[]},{"id":5830,"url":"https:\/\/garrcorpcomputer.com\/index.php\/producto\/base-refrigerante-tribal\/","url_meta":{"origin":5836,"position":4},"title":"Base refrigerante tribal","date":"11 de septiembre de 2021","format":false,"excerpt":"3 Ventiladores Interfaz USB LED 5 \u00c1ngulos de inclinaci\u00f3n Dise\u00f1o gamer \u00b7 Soporta de 12\u201d a 17\u201d \u00b7 Dual USB \u00b7 Velocidad ajustable","rel":"","context":"Con 1 comentario","img":{"alt_text":"","src":"","width":0,"height":0},"classes":[]},{"id":5849,"url":"https:\/\/garrcorpcomputer.com\/index.php\/producto\/base-refrigerante-bp01\/","url_meta":{"origin":5836,"position":5},"title":"Base refrigerante BP01","date":"11 de septiembre de 2021","format":false,"excerpt":"5 Ventiladores Interfaz USB LED 5 \u00e1ngulos de inclinaci\u00f3n Dise\u00f1o gamer Soporta de 12\u201d a 17\u201d Dual USB Velocidad ajustable","rel":"","context":"Con 3 comentarios","img":{"alt_text":"","src":"","width":0,"height":0},"classes":[]}],"jetpack_sharing_enabled":true,"_links":{"self":[{"href":"https:\/\/garrcorpcomputer.com\/index.php\/wp-json\/wp\/v2\/product\/5836"}],"collection":[{"href":"https:\/\/garrcorpcomputer.com\/index.php\/wp-json\/wp\/v2\/product"}],"about":[{"href":"https:\/\/garrcorpcomputer.com\/index.php\/wp-json\/wp\/v2\/types\/product"}],"replies":[{"embeddable":true,"href":"https:\/\/garrcorpcomputer.com\/index.php\/wp-json\/wp\/v2\/comments?post=5836"}],"version-history":[{"count":1,"href":"https:\/\/garrcorpcomputer.com\/index.php\/wp-json\/wp\/v2\/product\/5836\/revisions"}],"predecessor-version":[{"id":5838,"href":"https:\/\/garrcorpcomputer.com\/index.php\/wp-json\/wp\/v2\/product\/5836\/revisions\/5838"}],"wp:featuredmedia":[{"embeddable":true,"href":"https:\/\/garrcorpcomputer.com\/index.php\/wp-json\/wp\/v2\/media\/5837"}],"wp:attachment":[{"href":"https:\/\/garrcorpcomputer.com\/index.php\/wp-json\/wp\/v2\/media?parent=5836"}],"wp:term":[{"taxonomy":"product_cat","embeddable":true,"href":"https:\/\/garrcorpcomputer.com\/index.php\/wp-json\/wp\/v2\/product_cat?post=5836"},{"taxonomy":"product_tag","embeddable":true,"href":"https:\/\/garrcorpcomputer.com\/index.php\/wp-json\/wp\/v2\/product_tag?post=5836"}],"curies":[{"name":"wp","href":"https:\/\/api.w.org\/{rel}","templated":true}]}}