{"id":5839,"date":"2021-09-11T13:15:45","date_gmt":"2021-09-11T18:15:45","guid":{"rendered":"https:\/\/garrcorpcomputer.com\/?post_type=product&#038;p=5839"},"modified":"2025-11-04T19:05:20","modified_gmt":"2025-11-05T00:05:20","slug":"base-refrigerante-6-fans","status":"publish","type":"product","link":"https:\/\/garrcorpcomputer.com\/index.php\/producto\/base-refrigerante-6-fans\/","title":{"rendered":"Base refrigerante 6 fans"},"content":{"rendered":"<ul>\n<li>6 ventiladores<\/li>\n<li>2 puertos USB<\/li>\n<li>Reclinable<\/li>\n<li>Luz LED<\/li>\n<li>Medidas 39 x 24<\/li>\n<li>Silenciosa<\/li>\n<\/ul>\n","protected":false},"excerpt":{"rendered":"<p>6 ventiladores 2 puertos USB Reclinable Luz LED Medidas 39 x 24 Silenciosa<\/p>\n","protected":false},"featured_media":5840,"comment_status":"open","ping_status":"closed","template":"","meta":{"om_disable_all_campaigns":false,"_mi_skip_tracking":false,"spay_email":"","jetpack_publicize_message":"","jetpack_is_tweetstorm":false},"product_cat":[21,27],"product_tag":[],"jetpack_publicize_connections":[],"jetpack-related-posts":[{"id":4420,"url":"https:\/\/garrcorpcomputer.com\/index.php\/producto\/base-refrigerante-reclinable-consmo-f638\/","url_meta":{"origin":5839,"position":0},"title":"BASE REFRIGERANTE RECLINABLE CONSMO F638","date":"30 de agosto de 2021","format":false,"excerpt":"Soporta equipos de 17 pulgadas 2 puertos USB Iluminaci\u00f3n LED Ajuste de 5 posiciones Ventilador ultra silencioso de 1200 RPM Conexi\u00f3n USB plug and play","rel":"","context":"Entrada similar","img":{"alt_text":"","src":"https:\/\/i2.wp.com\/garrcorpcomputer.com\/wp-content\/uploads\/2021\/08\/base-refrigerante.png?fit=353%2C261&ssl=1&resize=350%2C200","width":350,"height":200},"classes":[]},{"id":5824,"url":"https:\/\/garrcorpcomputer.com\/index.php\/producto\/base-refrigerante-mobile-3\/","url_meta":{"origin":5839,"position":1},"title":"Base refrigerante mobile 3","date":"11 de septiembre de 2021","format":false,"excerpt":"3 ventiladores 2 puertos USB 5 \u00e1ngulos de inclinaci\u00f3n Luz LED Medidas 38 x 27 cm Silenciosa","rel":"","context":"Con 2 comentarios","img":{"alt_text":"","src":"","width":0,"height":0},"classes":[]},{"id":5836,"url":"https:\/\/garrcorpcomputer.com\/index.php\/producto\/base-refrigerante-h9\/","url_meta":{"origin":5839,"position":2},"title":"Base refrigerante H9","date":"11 de septiembre de 2021","format":false,"excerpt":"6 Ventiladores Tama\u00f1o 37cms x 25cms Ventiladores 60mm LED Soporta de 12\u201d a 17\u201d Interfaz USB Puerto USB extra Control de velocidad","rel":"","context":"Con 3 comentarios","img":{"alt_text":"","src":"","width":0,"height":0},"classes":[]},{"id":5821,"url":"https:\/\/garrcorpcomputer.com\/index.php\/producto\/base-refrigerante-reclinable-2\/","url_meta":{"origin":5839,"position":3},"title":"Base refrigerante reclinable 2","date":"11 de septiembre de 2021","format":false,"excerpt":"Doble ventilador 2 conexiones USB Bot\u00f3n de encendido Rejilla de metal \u00a0Reclinable multiposiciones Ideal para equipos entre 10\u201d y 17\u201d","rel":"","context":"Con 1 comentario","img":{"alt_text":"","src":"","width":0,"height":0},"classes":[]},{"id":5811,"url":"https:\/\/garrcorpcomputer.com\/index.php\/producto\/base-refrigerante-reclinable-t\/","url_meta":{"origin":5839,"position":4},"title":"Base refrigerante reclinable T","date":"11 de septiembre de 2021","format":false,"excerpt":"1 ventilador 2 conexiones USB Reclinable Ideal para equipos entre 10\u201d y 16\u201d","rel":"","context":"Con 1 comentario","img":{"alt_text":"","src":"https:\/\/i2.wp.com\/garrcorpcomputer.com\/wp-content\/uploads\/2021\/09\/base-refrigerante-5.png?fit=321%2C215&ssl=1&resize=350%2C200","width":350,"height":200},"classes":[]},{"id":5855,"url":"https:\/\/garrcorpcomputer.com\/index.php\/producto\/base-refrigerante-lujo-q8\/","url_meta":{"origin":5839,"position":5},"title":"Base refrigerante lujo Q8","date":"11 de septiembre de 2021","format":false,"excerpt":"6 Ventiladores Interfaz USB LED 7 \u00e1ngulos de inclinaci\u00f3n Dise\u00f1o gamer luces RGB 6 modos Soporta de 12\u201d a 18\u201d Dual USB Velocidad ajustable y panel de control","rel":"","context":"Con 2 comentarios","img":{"alt_text":"","src":"","width":0,"height":0},"classes":[]}],"jetpack_sharing_enabled":true,"_links":{"self":[{"href":"https:\/\/garrcorpcomputer.com\/index.php\/wp-json\/wp\/v2\/product\/5839"}],"collection":[{"href":"https:\/\/garrcorpcomputer.com\/index.php\/wp-json\/wp\/v2\/product"}],"about":[{"href":"https:\/\/garrcorpcomputer.com\/index.php\/wp-json\/wp\/v2\/types\/product"}],"replies":[{"embeddable":true,"href":"https:\/\/garrcorpcomputer.com\/index.php\/wp-json\/wp\/v2\/comments?post=5839"}],"version-history":[{"count":1,"href":"https:\/\/garrcorpcomputer.com\/index.php\/wp-json\/wp\/v2\/product\/5839\/revisions"}],"predecessor-version":[{"id":5841,"href":"https:\/\/garrcorpcomputer.com\/index.php\/wp-json\/wp\/v2\/product\/5839\/revisions\/5841"}],"wp:featuredmedia":[{"embeddable":true,"href":"https:\/\/garrcorpcomputer.com\/index.php\/wp-json\/wp\/v2\/media\/5840"}],"wp:attachment":[{"href":"https:\/\/garrcorpcomputer.com\/index.php\/wp-json\/wp\/v2\/media?parent=5839"}],"wp:term":[{"taxonomy":"product_cat","embeddable":true,"href":"https:\/\/garrcorpcomputer.com\/index.php\/wp-json\/wp\/v2\/product_cat?post=5839"},{"taxonomy":"product_tag","embeddable":true,"href":"https:\/\/garrcorpcomputer.com\/index.php\/wp-json\/wp\/v2\/product_tag?post=5839"}],"curies":[{"name":"wp","href":"https:\/\/api.w.org\/{rel}","templated":true}]}}