{"id":5845,"date":"2021-09-11T13:21:50","date_gmt":"2021-09-11T18:21:50","guid":{"rendered":"https:\/\/garrcorpcomputer.com\/?post_type=product&#038;p=5845"},"modified":"2025-11-04T19:31:46","modified_gmt":"2025-11-05T00:31:46","slug":"base-refrigerante-x8","status":"publish","type":"product","link":"https:\/\/garrcorpcomputer.com\/index.php\/producto\/base-refrigerante-x8\/","title":{"rendered":"Base refrigerante X8"},"content":{"rendered":"<ul>\n<li>6 Ventiladores<\/li>\n<li>Interfaz USB<\/li>\n<li>5 \u00e1ngulos de inclinaci\u00f3n<\/li>\n<li>Aluminio<\/li>\n<li>Soporta de 12\u201d a 17\u201d<\/li>\n<li>Dual USB<\/li>\n<li>Velocidad ajustable<\/li>\n<\/ul>\n","protected":false},"excerpt":{"rendered":"<p>6 Ventiladores Interfaz USB 5 \u00e1ngulos de inclinaci\u00f3n Aluminio Soporta de 12\u201d a 17\u201d Dual USB Velocidad ajustable<\/p>\n","protected":false},"featured_media":5847,"comment_status":"open","ping_status":"closed","template":"","meta":{"om_disable_all_campaigns":false,"_mi_skip_tracking":false,"spay_email":"","jetpack_publicize_message":"","jetpack_is_tweetstorm":false},"product_cat":[21,27],"product_tag":[],"jetpack_publicize_connections":[],"jetpack-related-posts":[{"id":5833,"url":"https:\/\/garrcorpcomputer.com\/index.php\/producto\/base-refrigerante-m7\/","url_meta":{"origin":5845,"position":0},"title":"Base refrigerante M7","date":"11 de septiembre de 2021","format":false,"excerpt":"5 Ventiladores Interfaz USB LED 5 \u00e1ngulos de inclinaci\u00f3n Soporta de 12\u201d a 17\u201d Dual USB \u00b7 Velocidad ajustable","rel":"","context":"Con 3 comentarios","img":{"alt_text":"","src":"","width":0,"height":0},"classes":[]},{"id":5849,"url":"https:\/\/garrcorpcomputer.com\/index.php\/producto\/base-refrigerante-bp01\/","url_meta":{"origin":5845,"position":1},"title":"Base refrigerante BP01","date":"11 de septiembre de 2021","format":false,"excerpt":"5 Ventiladores Interfaz USB LED 5 \u00e1ngulos de inclinaci\u00f3n Dise\u00f1o gamer Soporta de 12\u201d a 17\u201d Dual USB Velocidad ajustable","rel":"","context":"Con 3 comentarios","img":{"alt_text":"","src":"","width":0,"height":0},"classes":[]},{"id":5830,"url":"https:\/\/garrcorpcomputer.com\/index.php\/producto\/base-refrigerante-tribal\/","url_meta":{"origin":5845,"position":2},"title":"Base refrigerante tribal","date":"11 de septiembre de 2021","format":false,"excerpt":"3 Ventiladores Interfaz USB LED 5 \u00c1ngulos de inclinaci\u00f3n Dise\u00f1o gamer \u00b7 Soporta de 12\u201d a 17\u201d \u00b7 Dual USB \u00b7 Velocidad ajustable","rel":"","context":"Con 1 comentario","img":{"alt_text":"","src":"","width":0,"height":0},"classes":[]},{"id":5852,"url":"https:\/\/garrcorpcomputer.com\/index.php\/producto\/base-refrigerante-q7\/","url_meta":{"origin":5845,"position":3},"title":"Base refrigerante Q7","date":"11 de septiembre de 2021","format":false,"excerpt":"5 Ventiladores Interfaz USB LED 1 \u00e1ngulo de inclinaci\u00f3n Dise\u00f1o gamer Soporta de 12\u201d a 17\u201d Dual USB Velocidad ajustable","rel":"","context":"Con 4 comentarios","img":{"alt_text":"","src":"","width":0,"height":0},"classes":[]},{"id":5855,"url":"https:\/\/garrcorpcomputer.com\/index.php\/producto\/base-refrigerante-lujo-q8\/","url_meta":{"origin":5845,"position":4},"title":"Base refrigerante lujo Q8","date":"11 de septiembre de 2021","format":false,"excerpt":"6 Ventiladores Interfaz USB LED 7 \u00e1ngulos de inclinaci\u00f3n Dise\u00f1o gamer luces RGB 6 modos Soporta de 12\u201d a 18\u201d Dual USB Velocidad ajustable y panel de control","rel":"","context":"Con 2 comentarios","img":{"alt_text":"","src":"","width":0,"height":0},"classes":[]},{"id":5827,"url":"https:\/\/garrcorpcomputer.com\/index.php\/producto\/base-refrigerante-h2\/","url_meta":{"origin":5845,"position":5},"title":"Base refrigerante H2","date":"11 de septiembre de 2021","format":false,"excerpt":"4 Ventiladores Interfaz USB 5 \u00e1ngulos de inclinaci\u00f3n LED Soporta de 12\u201d a 17\u201d Dual USB","rel":"","context":"Con 1 comentario","img":{"alt_text":"","src":"","width":0,"height":0},"classes":[]}],"jetpack_sharing_enabled":true,"_links":{"self":[{"href":"https:\/\/garrcorpcomputer.com\/index.php\/wp-json\/wp\/v2\/product\/5845"}],"collection":[{"href":"https:\/\/garrcorpcomputer.com\/index.php\/wp-json\/wp\/v2\/product"}],"about":[{"href":"https:\/\/garrcorpcomputer.com\/index.php\/wp-json\/wp\/v2\/types\/product"}],"replies":[{"embeddable":true,"href":"https:\/\/garrcorpcomputer.com\/index.php\/wp-json\/wp\/v2\/comments?post=5845"}],"version-history":[{"count":1,"href":"https:\/\/garrcorpcomputer.com\/index.php\/wp-json\/wp\/v2\/product\/5845\/revisions"}],"predecessor-version":[{"id":5848,"href":"https:\/\/garrcorpcomputer.com\/index.php\/wp-json\/wp\/v2\/product\/5845\/revisions\/5848"}],"wp:featuredmedia":[{"embeddable":true,"href":"https:\/\/garrcorpcomputer.com\/index.php\/wp-json\/wp\/v2\/media\/5847"}],"wp:attachment":[{"href":"https:\/\/garrcorpcomputer.com\/index.php\/wp-json\/wp\/v2\/media?parent=5845"}],"wp:term":[{"taxonomy":"product_cat","embeddable":true,"href":"https:\/\/garrcorpcomputer.com\/index.php\/wp-json\/wp\/v2\/product_cat?post=5845"},{"taxonomy":"product_tag","embeddable":true,"href":"https:\/\/garrcorpcomputer.com\/index.php\/wp-json\/wp\/v2\/product_tag?post=5845"}],"curies":[{"name":"wp","href":"https:\/\/api.w.org\/{rel}","templated":true}]}}