{"id":5870,"date":"2021-09-13T16:10:54","date_gmt":"2021-09-13T21:10:54","guid":{"rendered":"https:\/\/garrcorpcomputer.com\/?post_type=product&#038;p=5870"},"modified":"2025-11-04T21:18:17","modified_gmt":"2025-11-05T02:18:17","slug":"diadema-pc-mic-basic-t-87","status":"publish","type":"product","link":"https:\/\/garrcorpcomputer.com\/index.php\/producto\/diadema-pc-mic-basic-t-87\/","title":{"rendered":"Diadema PC MIC basic T-87"},"content":{"rendered":"<ul>\n<li>Disponible en negro<\/li>\n<li>MIC<\/li>\n<li>Conexi\u00f3n 3.5mm audio y MIC<\/li>\n<li>Impedancia 32<\/li>\n<li>Potencia 100mw<\/li>\n<\/ul>\n","protected":false},"excerpt":{"rendered":"<p>Disponible en negro MIC Conexi\u00f3n 3.5mm audio y MIC Impedancia 32 Potencia 100mw<\/p>\n","protected":false},"featured_media":5873,"comment_status":"open","ping_status":"closed","template":"","meta":{"om_disable_all_campaigns":false,"_mi_skip_tracking":false,"spay_email":"","jetpack_publicize_message":"","jetpack_is_tweetstorm":false},"product_cat":[70,37],"product_tag":[],"jetpack_publicize_connections":[],"jetpack-related-posts":[{"id":5877,"url":"https:\/\/garrcorpcomputer.com\/index.php\/producto\/diadema-pc-mic-strong-ref-t-590\/","url_meta":{"origin":5870,"position":0},"title":"Diadema PC MIC strong Ref T-590","date":"13 de septiembre de 2021","format":false,"excerpt":"Micr\u00f3fono Conexi\u00f3n 3.5mm audio y MIC cable Indestructible","rel":"","context":"Con 1 comentario","img":{"alt_text":"","src":"https:\/\/i0.wp.com\/garrcorpcomputer.com\/wp-content\/uploads\/2021\/09\/diadema-4.png?fit=342%2C436&ssl=1&resize=350%2C200","width":350,"height":200},"classes":[]},{"id":4150,"url":"https:\/\/garrcorpcomputer.com\/index.php\/producto\/diadema-gamer-lychas-hs-g560\/","url_meta":{"origin":5870,"position":1},"title":"Diadema Gamer Lychas HS-G560","date":"27 de agosto de 2021","format":false,"excerpt":"Audio real durante el juego conductores potentes y sonido vivo. Gracias a la poderosa unidad de sonido de 40 mm, los auriculares le permiten determinar con precisi\u00f3n la posici\u00f3n de sus enemigos. Audio 3.5mm Micr\u00f3fono 3.5mm Control de volumen en cable Longitud del cable 2mt Unidad de potencia 40 Auricular\u2026","rel":"","context":"Entrada similar","img":{"alt_text":"","src":"https:\/\/i2.wp.com\/garrcorpcomputer.com\/wp-content\/uploads\/2021\/08\/diadema-2.png?fit=468%2C407&ssl=1&resize=350%2C200","width":350,"height":200},"classes":[]},{"id":4115,"url":"https:\/\/garrcorpcomputer.com\/index.php\/producto\/diadema-con-microfono-genius-hs-m505x\/","url_meta":{"origin":5870,"position":2},"title":"Diadema con microfono Genius Hs-m505x","date":"27 de agosto de 2021","format":false,"excerpt":"Nuevo auricular HS-M505X, que proporciona comodidad y conveniencia. Conector de 3.5mm Control de volumen Vincha y micr\u00f3fono ajustable Longitud del cable 2mt Unidades de potencia de 40mm para graves potentes Frecuancia 20Hz-20K Hz Impedancia: 32hm Micr\u00f3fono omnidireccional incluido en el cable \u00a0 \u00a0","rel":"","context":"Entrada similar","img":{"alt_text":"","src":"https:\/\/i0.wp.com\/garrcorpcomputer.com\/wp-content\/uploads\/2021\/08\/diadema1.png?fit=909%2C534&ssl=1&resize=350%2C200","width":350,"height":200},"classes":[]},{"id":4247,"url":"https:\/\/garrcorpcomputer.com\/index.php\/producto\/diadema-gamer-havit-hv-h2032d-ref-0108313\/","url_meta":{"origin":5870,"position":3},"title":"Diadema Gamer Havit HV-H2032D Ref 0108313","date":"28 de agosto de 2021","format":false,"excerpt":"Tipo de conexi\u00f3n: Al\u00e1mbrico Jack 3.5mm X2 1 Jack para audio 1 jack para micr\u00f3fono USB para luces Led Plug and play Dimensiones cable: 2.0m Cable encauchetado","rel":"","context":"Entrada similar","img":{"alt_text":"","src":"https:\/\/i2.wp.com\/garrcorpcomputer.com\/wp-content\/uploads\/2021\/08\/diadema-16.png?fit=367%2C483&ssl=1&resize=350%2C200","width":350,"height":200},"classes":[]},{"id":4213,"url":"https:\/\/garrcorpcomputer.com\/index.php\/producto\/diadema-gamer-tech-rgb-ref-11010\/","url_meta":{"origin":5870,"position":4},"title":"Diadema Gamer Tech Clan RGB Ref 11010","date":"28 de agosto de 2021","format":false,"excerpt":"Iluminaci\u00f3n LED RGB Diadema para PS4, XBOX ONE y PC SUPER BASS Sonido envolvente Ajustable y ergon\u00f3mica Dise\u00f1o GAMER de lujo Material de alta calidad ABS Conexi\u00f3n 3,5 mm para audio USB para luces LED RGB Micr\u00f3fono ajustable de alta definici\u00f3n Control de volumen y silenciar micr\u00f3fono Di\u00e1metro del auricular:\u2026","rel":"","context":"Entrada similar","img":{"alt_text":"","src":"https:\/\/i1.wp.com\/garrcorpcomputer.com\/wp-content\/uploads\/2021\/08\/diadema-12.png?fit=459%2C373&ssl=1&resize=350%2C200","width":350,"height":200},"classes":[]},{"id":5880,"url":"https:\/\/garrcorpcomputer.com\/index.php\/producto\/5880\/","url_meta":{"origin":5870,"position":5},"title":"Diadema USB M12","date":"13 de septiembre de 2021","format":false,"excerpt":"Conexi\u00f3n USB + 3.5mm Luces LED Cable 2.2 mtr Bocina 50 mm 7.1 Ch Cancelaci\u00f3n de ruido","rel":"","context":"Con 5 comentarios","img":{"alt_text":"","src":"https:\/\/i1.wp.com\/garrcorpcomputer.com\/wp-content\/uploads\/2021\/09\/diadema-5.png?fit=317%2C381&ssl=1&resize=350%2C200","width":350,"height":200},"classes":[]}],"jetpack_sharing_enabled":true,"_links":{"self":[{"href":"https:\/\/garrcorpcomputer.com\/index.php\/wp-json\/wp\/v2\/product\/5870"}],"collection":[{"href":"https:\/\/garrcorpcomputer.com\/index.php\/wp-json\/wp\/v2\/product"}],"about":[{"href":"https:\/\/garrcorpcomputer.com\/index.php\/wp-json\/wp\/v2\/types\/product"}],"replies":[{"embeddable":true,"href":"https:\/\/garrcorpcomputer.com\/index.php\/wp-json\/wp\/v2\/comments?post=5870"}],"version-history":[{"count":1,"href":"https:\/\/garrcorpcomputer.com\/index.php\/wp-json\/wp\/v2\/product\/5870\/revisions"}],"predecessor-version":[{"id":5872,"href":"https:\/\/garrcorpcomputer.com\/index.php\/wp-json\/wp\/v2\/product\/5870\/revisions\/5872"}],"wp:featuredmedia":[{"embeddable":true,"href":"https:\/\/garrcorpcomputer.com\/index.php\/wp-json\/wp\/v2\/media\/5873"}],"wp:attachment":[{"href":"https:\/\/garrcorpcomputer.com\/index.php\/wp-json\/wp\/v2\/media?parent=5870"}],"wp:term":[{"taxonomy":"product_cat","embeddable":true,"href":"https:\/\/garrcorpcomputer.com\/index.php\/wp-json\/wp\/v2\/product_cat?post=5870"},{"taxonomy":"product_tag","embeddable":true,"href":"https:\/\/garrcorpcomputer.com\/index.php\/wp-json\/wp\/v2\/product_tag?post=5870"}],"curies":[{"name":"wp","href":"https:\/\/api.w.org\/{rel}","templated":true}]}}