{"id":5874,"date":"2021-09-13T16:30:29","date_gmt":"2021-09-13T21:30:29","guid":{"rendered":"https:\/\/garrcorpcomputer.com\/?post_type=product&#038;p=5874"},"modified":"2025-11-04T21:30:18","modified_gmt":"2025-11-05T02:30:18","slug":"diadema-single-ear-ref-ps4","status":"publish","type":"product","link":"https:\/\/garrcorpcomputer.com\/index.php\/producto\/diadema-single-ear-ref-ps4\/","title":{"rendered":"Diadema Single ear Ref PS4"},"content":{"rendered":"<ul>\n<li>Ideal para trabajo en casa y PS4<\/li>\n<li>Plug 3.5mm<\/li>\n<li>Micr\u00f3fono<\/li>\n<li>Control de volumen y mute<\/li>\n<li>Cable 1.2mtrs<\/li>\n<\/ul>\n","protected":false},"excerpt":{"rendered":"<p>Ideal para trabajo en casa y PS4 Plug 3.5mm Micr\u00f3fono Control de volumen y mute Cable 1.2mtrs<\/p>\n","protected":false},"featured_media":5875,"comment_status":"open","ping_status":"closed","template":"","meta":{"om_disable_all_campaigns":false,"_mi_skip_tracking":false,"spay_email":"","jetpack_publicize_message":"","jetpack_is_tweetstorm":false},"product_cat":[70,26],"product_tag":[],"jetpack_publicize_connections":[],"jetpack-related-posts":[{"id":4279,"url":"https:\/\/garrcorpcomputer.com\/index.php\/producto\/diadema-c-microfono-gamer-headphones-p4-para-ps4-ref-mariola\/","url_meta":{"origin":5874,"position":0},"title":"Diadema C\/Microfono Gamer Headphones P4 para PS4 Ref Mariola","date":"29 de agosto de 2021","format":false,"excerpt":"Gaming Headset con micr\u00f3fono para PS4 Control de volumen y conmutador de silencio 1.3 mt de cable Micr\u00f3fono flexible con reducci\u00f3n de ruido Conector 3.5 mm","rel":"","context":"Entrada similar","img":{"alt_text":"","src":"https:\/\/i2.wp.com\/garrcorpcomputer.com\/wp-content\/uploads\/2021\/08\/diadema-19.png?fit=306%2C302&ssl=1&resize=350%2C200","width":350,"height":200},"classes":[]},{"id":4213,"url":"https:\/\/garrcorpcomputer.com\/index.php\/producto\/diadema-gamer-tech-rgb-ref-11010\/","url_meta":{"origin":5874,"position":1},"title":"Diadema Gamer Tech Clan RGB Ref 11010","date":"28 de agosto de 2021","format":false,"excerpt":"Iluminaci\u00f3n LED RGB Diadema para PS4, XBOX ONE y PC SUPER BASS Sonido envolvente Ajustable y ergon\u00f3mica Dise\u00f1o GAMER de lujo Material de alta calidad ABS Conexi\u00f3n 3,5 mm para audio USB para luces LED RGB Micr\u00f3fono ajustable de alta definici\u00f3n Control de volumen y silenciar micr\u00f3fono Di\u00e1metro del auricular:\u2026","rel":"","context":"Entrada similar","img":{"alt_text":"","src":"https:\/\/i1.wp.com\/garrcorpcomputer.com\/wp-content\/uploads\/2021\/08\/diadema-12.png?fit=459%2C373&ssl=1&resize=350%2C200","width":350,"height":200},"classes":[]},{"id":5902,"url":"https:\/\/garrcorpcomputer.com\/index.php\/producto\/diadema-usb-gamer-tech-kx15\/","url_meta":{"origin":5874,"position":2},"title":"Diadema USB Gamer Tech KX15","date":"13 de septiembre de 2021","format":false,"excerpt":"Diadema gamer para PS4 USB para LED \/ Luz LED fija 1 plug 3.5 mm para ps4 Micr\u00f3fono fijo alta definici\u00f3n Control de volumen Super bass Dise\u00f1o ergon\u00f3mico Multiplataforma","rel":"","context":"Con 2 comentarios","img":{"alt_text":"","src":"https:\/\/i0.wp.com\/garrcorpcomputer.com\/wp-content\/uploads\/2021\/09\/diadema-gamer-4.png?fit=340%2C414&ssl=1&resize=350%2C200","width":350,"height":200},"classes":[]},{"id":4247,"url":"https:\/\/garrcorpcomputer.com\/index.php\/producto\/diadema-gamer-havit-hv-h2032d-ref-0108313\/","url_meta":{"origin":5874,"position":3},"title":"Diadema Gamer Havit HV-H2032D Ref 0108313","date":"28 de agosto de 2021","format":false,"excerpt":"Tipo de conexi\u00f3n: Al\u00e1mbrico Jack 3.5mm X2 1 Jack para audio 1 jack para micr\u00f3fono USB para luces Led Plug and play Dimensiones cable: 2.0m Cable encauchetado","rel":"","context":"Entrada similar","img":{"alt_text":"","src":"https:\/\/i2.wp.com\/garrcorpcomputer.com\/wp-content\/uploads\/2021\/08\/diadema-16.png?fit=367%2C483&ssl=1&resize=350%2C200","width":350,"height":200},"classes":[]},{"id":4238,"url":"https:\/\/garrcorpcomputer.com\/index.php\/producto\/diadema-gamer-misde-h7-ref-1126g-4\/","url_meta":{"origin":5874,"position":4},"title":"Diadema Gamer misde H7 Ref 1126G-4","date":"28 de agosto de 2021","format":false,"excerpt":"Interfaz de 3.5 mm de 2 plug para audio y micr\u00f3fono Interfaz USB para energ\u00eda Iluminaci\u00f3n LED multicolor Micr\u00f3fono y control de volumen en auricular Banda ajustable Cable de 2 metros Conexion USB Plug and Play","rel":"","context":"Entrada similar","img":{"alt_text":"","src":"https:\/\/i2.wp.com\/garrcorpcomputer.com\/wp-content\/uploads\/2021\/08\/diadema-15.png?fit=360%2C471&ssl=1&resize=350%2C200","width":350,"height":200},"classes":[]},{"id":5877,"url":"https:\/\/garrcorpcomputer.com\/index.php\/producto\/diadema-pc-mic-strong-ref-t-590\/","url_meta":{"origin":5874,"position":5},"title":"Diadema PC MIC strong Ref T-590","date":"13 de septiembre de 2021","format":false,"excerpt":"Micr\u00f3fono Conexi\u00f3n 3.5mm audio y MIC cable Indestructible","rel":"","context":"Con 1 comentario","img":{"alt_text":"","src":"https:\/\/i0.wp.com\/garrcorpcomputer.com\/wp-content\/uploads\/2021\/09\/diadema-4.png?fit=342%2C436&ssl=1&resize=350%2C200","width":350,"height":200},"classes":[]}],"jetpack_sharing_enabled":true,"_links":{"self":[{"href":"https:\/\/garrcorpcomputer.com\/index.php\/wp-json\/wp\/v2\/product\/5874"}],"collection":[{"href":"https:\/\/garrcorpcomputer.com\/index.php\/wp-json\/wp\/v2\/product"}],"about":[{"href":"https:\/\/garrcorpcomputer.com\/index.php\/wp-json\/wp\/v2\/types\/product"}],"replies":[{"embeddable":true,"href":"https:\/\/garrcorpcomputer.com\/index.php\/wp-json\/wp\/v2\/comments?post=5874"}],"version-history":[{"count":1,"href":"https:\/\/garrcorpcomputer.com\/index.php\/wp-json\/wp\/v2\/product\/5874\/revisions"}],"predecessor-version":[{"id":5876,"href":"https:\/\/garrcorpcomputer.com\/index.php\/wp-json\/wp\/v2\/product\/5874\/revisions\/5876"}],"wp:featuredmedia":[{"embeddable":true,"href":"https:\/\/garrcorpcomputer.com\/index.php\/wp-json\/wp\/v2\/media\/5875"}],"wp:attachment":[{"href":"https:\/\/garrcorpcomputer.com\/index.php\/wp-json\/wp\/v2\/media?parent=5874"}],"wp:term":[{"taxonomy":"product_cat","embeddable":true,"href":"https:\/\/garrcorpcomputer.com\/index.php\/wp-json\/wp\/v2\/product_cat?post=5874"},{"taxonomy":"product_tag","embeddable":true,"href":"https:\/\/garrcorpcomputer.com\/index.php\/wp-json\/wp\/v2\/product_tag?post=5874"}],"curies":[{"name":"wp","href":"https:\/\/api.w.org\/{rel}","templated":true}]}}