{"id":5877,"date":"2021-09-13T16:37:35","date_gmt":"2021-09-13T21:37:35","guid":{"rendered":"https:\/\/garrcorpcomputer.com\/?post_type=product&#038;p=5877"},"modified":"2025-11-04T21:21:35","modified_gmt":"2025-11-05T02:21:35","slug":"diadema-pc-mic-strong-ref-t-590","status":"publish","type":"product","link":"https:\/\/garrcorpcomputer.com\/index.php\/producto\/diadema-pc-mic-strong-ref-t-590\/","title":{"rendered":"Diadema PC MIC strong Ref T-590"},"content":{"rendered":"<ul>\n<li>Micr\u00f3fono<\/li>\n<li>Conexi\u00f3n 3.5mm audio y MIC cable<\/li>\n<li>Indestructible<\/li>\n<\/ul>\n","protected":false},"excerpt":{"rendered":"<p>Micr\u00f3fono Conexi\u00f3n 3.5mm audio y MIC cable Indestructible<\/p>\n","protected":false},"featured_media":5878,"comment_status":"open","ping_status":"closed","template":"","meta":{"om_disable_all_campaigns":false,"_mi_skip_tracking":false,"spay_email":"","jetpack_publicize_message":"","jetpack_is_tweetstorm":false},"product_cat":[70,37],"product_tag":[],"jetpack_publicize_connections":[],"jetpack-related-posts":[{"id":5870,"url":"https:\/\/garrcorpcomputer.com\/index.php\/producto\/diadema-pc-mic-basic-t-87\/","url_meta":{"origin":5877,"position":0},"title":"Diadema PC MIC basic T-87","date":"13 de septiembre de 2021","format":false,"excerpt":"Disponible en negro MIC Conexi\u00f3n 3.5mm audio y MIC Impedancia 32 Potencia 100mw","rel":"","context":"Con 2 comentarios","img":{"alt_text":"","src":"https:\/\/i1.wp.com\/garrcorpcomputer.com\/wp-content\/uploads\/2021\/09\/audifono-2-1.png?fit=332%2C375&ssl=1&resize=350%2C200","width":350,"height":200},"classes":[]},{"id":4247,"url":"https:\/\/garrcorpcomputer.com\/index.php\/producto\/diadema-gamer-havit-hv-h2032d-ref-0108313\/","url_meta":{"origin":5877,"position":1},"title":"Diadema Gamer Havit HV-H2032D Ref 0108313","date":"28 de agosto de 2021","format":false,"excerpt":"Tipo de conexi\u00f3n: Al\u00e1mbrico Jack 3.5mm X2 1 Jack para audio 1 jack para micr\u00f3fono USB para luces Led Plug and play Dimensiones cable: 2.0m Cable encauchetado","rel":"","context":"Entrada similar","img":{"alt_text":"","src":"https:\/\/i2.wp.com\/garrcorpcomputer.com\/wp-content\/uploads\/2021\/08\/diadema-16.png?fit=367%2C483&ssl=1&resize=350%2C200","width":350,"height":200},"classes":[]},{"id":4213,"url":"https:\/\/garrcorpcomputer.com\/index.php\/producto\/diadema-gamer-tech-rgb-ref-11010\/","url_meta":{"origin":5877,"position":2},"title":"Diadema Gamer Tech Clan RGB Ref 11010","date":"28 de agosto de 2021","format":false,"excerpt":"Iluminaci\u00f3n LED RGB Diadema para PS4, XBOX ONE y PC SUPER BASS Sonido envolvente Ajustable y ergon\u00f3mica Dise\u00f1o GAMER de lujo Material de alta calidad ABS Conexi\u00f3n 3,5 mm para audio USB para luces LED RGB Micr\u00f3fono ajustable de alta definici\u00f3n Control de volumen y silenciar micr\u00f3fono Di\u00e1metro del auricular:\u2026","rel":"","context":"Entrada similar","img":{"alt_text":"","src":"https:\/\/i1.wp.com\/garrcorpcomputer.com\/wp-content\/uploads\/2021\/08\/diadema-12.png?fit=459%2C373&ssl=1&resize=350%2C200","width":350,"height":200},"classes":[]},{"id":4238,"url":"https:\/\/garrcorpcomputer.com\/index.php\/producto\/diadema-gamer-misde-h7-ref-1126g-4\/","url_meta":{"origin":5877,"position":3},"title":"Diadema Gamer misde H7 Ref 1126G-4","date":"28 de agosto de 2021","format":false,"excerpt":"Interfaz de 3.5 mm de 2 plug para audio y micr\u00f3fono Interfaz USB para energ\u00eda Iluminaci\u00f3n LED multicolor Micr\u00f3fono y control de volumen en auricular Banda ajustable Cable de 2 metros Conexion USB Plug and Play","rel":"","context":"Entrada similar","img":{"alt_text":"","src":"https:\/\/i2.wp.com\/garrcorpcomputer.com\/wp-content\/uploads\/2021\/08\/diadema-15.png?fit=360%2C471&ssl=1&resize=350%2C200","width":350,"height":200},"classes":[]},{"id":5874,"url":"https:\/\/garrcorpcomputer.com\/index.php\/producto\/diadema-single-ear-ref-ps4\/","url_meta":{"origin":5877,"position":4},"title":"Diadema Single ear Ref PS4","date":"13 de septiembre de 2021","format":false,"excerpt":"Ideal para trabajo en casa y PS4 Plug 3.5mm Micr\u00f3fono Control de volumen y mute Cable 1.2mtrs","rel":"","context":"Con 2 comentarios","img":{"alt_text":"","src":"","width":0,"height":0},"classes":[]},{"id":4150,"url":"https:\/\/garrcorpcomputer.com\/index.php\/producto\/diadema-gamer-lychas-hs-g560\/","url_meta":{"origin":5877,"position":5},"title":"Diadema Gamer Lychas HS-G560","date":"27 de agosto de 2021","format":false,"excerpt":"Audio real durante el juego conductores potentes y sonido vivo. Gracias a la poderosa unidad de sonido de 40 mm, los auriculares le permiten determinar con precisi\u00f3n la posici\u00f3n de sus enemigos. Audio 3.5mm Micr\u00f3fono 3.5mm Control de volumen en cable Longitud del cable 2mt Unidad de potencia 40 Auricular\u2026","rel":"","context":"Entrada similar","img":{"alt_text":"","src":"https:\/\/i2.wp.com\/garrcorpcomputer.com\/wp-content\/uploads\/2021\/08\/diadema-2.png?fit=468%2C407&ssl=1&resize=350%2C200","width":350,"height":200},"classes":[]}],"jetpack_sharing_enabled":true,"_links":{"self":[{"href":"https:\/\/garrcorpcomputer.com\/index.php\/wp-json\/wp\/v2\/product\/5877"}],"collection":[{"href":"https:\/\/garrcorpcomputer.com\/index.php\/wp-json\/wp\/v2\/product"}],"about":[{"href":"https:\/\/garrcorpcomputer.com\/index.php\/wp-json\/wp\/v2\/types\/product"}],"replies":[{"embeddable":true,"href":"https:\/\/garrcorpcomputer.com\/index.php\/wp-json\/wp\/v2\/comments?post=5877"}],"version-history":[{"count":1,"href":"https:\/\/garrcorpcomputer.com\/index.php\/wp-json\/wp\/v2\/product\/5877\/revisions"}],"predecessor-version":[{"id":5879,"href":"https:\/\/garrcorpcomputer.com\/index.php\/wp-json\/wp\/v2\/product\/5877\/revisions\/5879"}],"wp:featuredmedia":[{"embeddable":true,"href":"https:\/\/garrcorpcomputer.com\/index.php\/wp-json\/wp\/v2\/media\/5878"}],"wp:attachment":[{"href":"https:\/\/garrcorpcomputer.com\/index.php\/wp-json\/wp\/v2\/media?parent=5877"}],"wp:term":[{"taxonomy":"product_cat","embeddable":true,"href":"https:\/\/garrcorpcomputer.com\/index.php\/wp-json\/wp\/v2\/product_cat?post=5877"},{"taxonomy":"product_tag","embeddable":true,"href":"https:\/\/garrcorpcomputer.com\/index.php\/wp-json\/wp\/v2\/product_tag?post=5877"}],"curies":[{"name":"wp","href":"https:\/\/api.w.org\/{rel}","templated":true}]}}