{"id":5884,"date":"2021-09-13T17:05:12","date_gmt":"2021-09-13T22:05:12","guid":{"rendered":"https:\/\/garrcorpcomputer.com\/?post_type=product&#038;p=5884"},"modified":"2025-11-04T22:06:15","modified_gmt":"2025-11-05T03:06:15","slug":"diadema-usb-jaltech-ref-q2","status":"publish","type":"product","link":"https:\/\/garrcorpcomputer.com\/index.php\/producto\/diadema-usb-jaltech-ref-q2\/","title":{"rendered":"Diadema USB Jaltech Ref Q2"},"content":{"rendered":"<ul>\n<li>Conexi\u00f3n USB<\/li>\n<li>Control de volumen en solapa<\/li>\n<li>Cable 2 mtr<\/li>\n<li>Cancelaci\u00f3n de ruido<\/li>\n<\/ul>\n","protected":false},"excerpt":{"rendered":"<p>Conexi\u00f3n USB Control de volumen en solapa Cable 2 mtr Cancelaci\u00f3n de ruido<\/p>\n","protected":false},"featured_media":5885,"comment_status":"open","ping_status":"closed","template":"","meta":{"om_disable_all_campaigns":false,"_mi_skip_tracking":false,"spay_email":"","jetpack_publicize_message":"","jetpack_is_tweetstorm":false},"product_cat":[70,37],"product_tag":[],"jetpack_publicize_connections":[],"jetpack-related-posts":[{"id":5880,"url":"https:\/\/garrcorpcomputer.com\/index.php\/producto\/5880\/","url_meta":{"origin":5884,"position":0},"title":"Diadema USB M12","date":"13 de septiembre de 2021","format":false,"excerpt":"Conexi\u00f3n USB + 3.5mm Luces LED Cable 2.2 mtr Bocina 50 mm 7.1 Ch Cancelaci\u00f3n de ruido","rel":"","context":"Con 5 comentarios","img":{"alt_text":"","src":"https:\/\/i1.wp.com\/garrcorpcomputer.com\/wp-content\/uploads\/2021\/09\/diadema-5.png?fit=317%2C381&ssl=1&resize=350%2C200","width":350,"height":200},"classes":[]},{"id":4238,"url":"https:\/\/garrcorpcomputer.com\/index.php\/producto\/diadema-gamer-misde-h7-ref-1126g-4\/","url_meta":{"origin":5884,"position":1},"title":"Diadema Gamer misde H7 Ref 1126G-4","date":"28 de agosto de 2021","format":false,"excerpt":"Interfaz de 3.5 mm de 2 plug para audio y micr\u00f3fono Interfaz USB para energ\u00eda Iluminaci\u00f3n LED multicolor Micr\u00f3fono y control de volumen en auricular Banda ajustable Cable de 2 metros Conexion USB Plug and Play","rel":"","context":"Entrada similar","img":{"alt_text":"","src":"https:\/\/i2.wp.com\/garrcorpcomputer.com\/wp-content\/uploads\/2021\/08\/diadema-15.png?fit=360%2C471&ssl=1&resize=350%2C200","width":350,"height":200},"classes":[]},{"id":4213,"url":"https:\/\/garrcorpcomputer.com\/index.php\/producto\/diadema-gamer-tech-rgb-ref-11010\/","url_meta":{"origin":5884,"position":2},"title":"Diadema Gamer Tech Clan RGB Ref 11010","date":"28 de agosto de 2021","format":false,"excerpt":"Iluminaci\u00f3n LED RGB Diadema para PS4, XBOX ONE y PC SUPER BASS Sonido envolvente Ajustable y ergon\u00f3mica Dise\u00f1o GAMER de lujo Material de alta calidad ABS Conexi\u00f3n 3,5 mm para audio USB para luces LED RGB Micr\u00f3fono ajustable de alta definici\u00f3n Control de volumen y silenciar micr\u00f3fono Di\u00e1metro del auricular:\u2026","rel":"","context":"Entrada similar","img":{"alt_text":"","src":"https:\/\/i1.wp.com\/garrcorpcomputer.com\/wp-content\/uploads\/2021\/08\/diadema-12.png?fit=459%2C373&ssl=1&resize=350%2C200","width":350,"height":200},"classes":[]},{"id":4417,"url":"https:\/\/garrcorpcomputer.com\/index.php\/producto\/diadema-gamer-led-consmo-gh-217\/","url_meta":{"origin":5884,"position":3},"title":"DIADEMA GAMER LED CONSMO GH-217","date":"30 de agosto de 2021","format":false,"excerpt":"Interfaz de 3.5 mm de 2 plug para audio y micr\u00f3fono Interfaz USB para energ\u00eda Iluminaci\u00f3n LED multicolor Micr\u00f3fono y control de volumen en auricular Banda ajustable Cable encauchetado de 2 mt conexi\u00f3n USB plug and play","rel":"","context":"Entrada similar","img":{"alt_text":"","src":"https:\/\/i1.wp.com\/garrcorpcomputer.com\/wp-content\/uploads\/2021\/08\/diadema-27.png?fit=322%2C471&ssl=1&resize=350%2C200","width":350,"height":200},"classes":[]},{"id":4189,"url":"https:\/\/garrcorpcomputer.com\/index.php\/producto\/diadema-usb-7-1-gamertech-gt5000d-ref-10908\/","url_meta":{"origin":5884,"position":4},"title":"Diadema USB 7.1 GamerTech GT5000D Ref 10908","date":"28 de agosto de 2021","format":false,"excerpt":"Dise\u00f1o ergon\u00f3mico USB para luz Led y sonido Luz Led fija Micr\u00f3fono ajustable de alta definici\u00f3n Control de volumen Super Bass","rel":"","context":"Entrada similar","img":{"alt_text":"","src":"https:\/\/i0.wp.com\/garrcorpcomputer.com\/wp-content\/uploads\/2021\/08\/diadema-4.png?fit=381%2C634&ssl=1&resize=350%2C200","width":350,"height":200},"classes":[]},{"id":4187,"url":"https:\/\/garrcorpcomputer.com\/index.php\/producto\/diadema-usb-7-1-gamer-tech-gt600d-10912\/","url_meta":{"origin":5884,"position":5},"title":"Diadema USB 7.1 Gamer Tech GT600D 10912","date":"28 de agosto de 2021","format":false,"excerpt":"Conexi\u00f3n USB Luz Led fija Longitud del cable: 2.08mt Control de volumen en bocina izquierda Micr\u00f3fono incorporado omnidireccional","rel":"","context":"Entrada similar","img":{"alt_text":"","src":"https:\/\/i1.wp.com\/garrcorpcomputer.com\/wp-content\/uploads\/2021\/08\/diadema-3.png?fit=401%2C383&ssl=1&resize=350%2C200","width":350,"height":200},"classes":[]}],"jetpack_sharing_enabled":true,"_links":{"self":[{"href":"https:\/\/garrcorpcomputer.com\/index.php\/wp-json\/wp\/v2\/product\/5884"}],"collection":[{"href":"https:\/\/garrcorpcomputer.com\/index.php\/wp-json\/wp\/v2\/product"}],"about":[{"href":"https:\/\/garrcorpcomputer.com\/index.php\/wp-json\/wp\/v2\/types\/product"}],"replies":[{"embeddable":true,"href":"https:\/\/garrcorpcomputer.com\/index.php\/wp-json\/wp\/v2\/comments?post=5884"}],"version-history":[{"count":1,"href":"https:\/\/garrcorpcomputer.com\/index.php\/wp-json\/wp\/v2\/product\/5884\/revisions"}],"predecessor-version":[{"id":5886,"href":"https:\/\/garrcorpcomputer.com\/index.php\/wp-json\/wp\/v2\/product\/5884\/revisions\/5886"}],"wp:featuredmedia":[{"embeddable":true,"href":"https:\/\/garrcorpcomputer.com\/index.php\/wp-json\/wp\/v2\/media\/5885"}],"wp:attachment":[{"href":"https:\/\/garrcorpcomputer.com\/index.php\/wp-json\/wp\/v2\/media?parent=5884"}],"wp:term":[{"taxonomy":"product_cat","embeddable":true,"href":"https:\/\/garrcorpcomputer.com\/index.php\/wp-json\/wp\/v2\/product_cat?post=5884"},{"taxonomy":"product_tag","embeddable":true,"href":"https:\/\/garrcorpcomputer.com\/index.php\/wp-json\/wp\/v2\/product_tag?post=5884"}],"curies":[{"name":"wp","href":"https:\/\/api.w.org\/{rel}","templated":true}]}}