{"id":5896,"date":"2021-09-13T18:48:10","date_gmt":"2021-09-13T23:48:10","guid":{"rendered":"https:\/\/garrcorpcomputer.com\/?post_type=product&#038;p=5896"},"modified":"2025-11-04T21:43:28","modified_gmt":"2025-11-05T02:43:28","slug":"diadema-usb-7-1-gamer-tech-gt200d","status":"publish","type":"product","link":"https:\/\/garrcorpcomputer.com\/index.php\/producto\/diadema-usb-7-1-gamer-tech-gt200d\/","title":{"rendered":"Diadema USB 7.1 Gamer Tech GT200D"},"content":{"rendered":"<ul>\n<li>Diadema gamer 7.1<\/li>\n<li>USB para luz LED y sonido<\/li>\n<li>Luz LED aleatoria<\/li>\n<li>Retroiluminado<\/li>\n<li>Multicolor<\/li>\n<li>Efectos luces LED<\/li>\n<li>Micr\u00f3fono ajustable de alta definici\u00f3n<\/li>\n<li>Filtro de ferrita<\/li>\n<li>Compatible con PLAY 4 y otras consolas<\/li>\n<\/ul>\n","protected":false},"excerpt":{"rendered":"<p>Diadema gamer 7.1 USB para luz LED y sonido Luz LED aleatoria Retroiluminado Multicolor Efectos luces LED Micr\u00f3fono ajustable de alta definici\u00f3n Filtro de ferrita Compatible con PLAY 4 y otras consolas<\/p>\n","protected":false},"featured_media":5897,"comment_status":"open","ping_status":"closed","template":"","meta":{"om_disable_all_campaigns":false,"_mi_skip_tracking":false,"spay_email":"","jetpack_publicize_message":"","jetpack_is_tweetstorm":false},"product_cat":[346,328],"product_tag":[],"jetpack_publicize_connections":[],"jetpack-related-posts":[{"id":5889,"url":"https:\/\/garrcorpcomputer.com\/index.php\/producto\/diadema-usb-7-1-gamer-tech-gt8d\/","url_meta":{"origin":5896,"position":0},"title":"Diadema USB 7.1 Gamer Tech GT8D","date":"13 de septiembre de 2021","format":false,"excerpt":"Diadema gamer 7.1 USB para luz LED y sonido Luz LED aleatoria Micr\u00f3fono ajustable de alta definici\u00f3n Control de volumen Super bass Dise\u00f1o ergon\u00f3mico Compatible con PLAY 4 y otras consolas","rel":"","context":"Con 3 comentarios","img":{"alt_text":"","src":"https:\/\/i2.wp.com\/garrcorpcomputer.com\/wp-content\/uploads\/2021\/09\/diadema-gamer-1.png?fit=370%2C386&ssl=1&resize=350%2C200","width":350,"height":200},"classes":[]},{"id":5893,"url":"https:\/\/garrcorpcomputer.com\/index.php\/producto\/diadema-usb-7-1-gamer-tech-gt10\/","url_meta":{"origin":5896,"position":1},"title":"Diadema USB 7.1 Gamer Tech GT10","date":"13 de septiembre de 2021","format":false,"excerpt":"Diadema gamer 7.1 USB para luz LED y sonido Luz LED fija Micr\u00f3fono ajustable de\u00a0alta definici\u00f3n Control de volumen Super bass Dise\u00f1o ergon\u00f3mico Compatible con PLAY 4 y otras consolas","rel":"","context":"Con 2 comentarios","img":{"alt_text":"","src":"https:\/\/i1.wp.com\/garrcorpcomputer.com\/wp-content\/uploads\/2021\/09\/diadema-gamer-2.png?fit=392%2C423&ssl=1&resize=350%2C200","width":350,"height":200},"classes":[]},{"id":4185,"url":"https:\/\/garrcorpcomputer.com\/index.php\/producto\/diadema-usb-7-1-gamer-tech-g80\/","url_meta":{"origin":5896,"position":2},"title":"Diadema USB 7.1 Gamer Tech G80","date":"28 de agosto de 2021","format":false,"excerpt":"USB para la luz Led y sonido Luz Led aleatoria Micr\u00f3fono ajustable de alta definici\u00f3n Control de volumen Super Bass Dise\u00f1o ergon\u00f3mico","rel":"","context":"Entrada similar","img":{"alt_text":"","src":"https:\/\/i2.wp.com\/garrcorpcomputer.com\/wp-content\/uploads\/2021\/08\/diadema-2-1.png?fit=399%2C464&ssl=1&resize=350%2C200","width":350,"height":200},"classes":[]},{"id":4189,"url":"https:\/\/garrcorpcomputer.com\/index.php\/producto\/diadema-usb-7-1-gamertech-gt5000d-ref-10908\/","url_meta":{"origin":5896,"position":3},"title":"Diadema USB 7.1 GamerTech GT5000D Ref 10908","date":"28 de agosto de 2021","format":false,"excerpt":"Dise\u00f1o ergon\u00f3mico USB para luz Led y sonido Luz Led fija Micr\u00f3fono ajustable de alta definici\u00f3n Control de volumen Super Bass","rel":"","context":"Entrada similar","img":{"alt_text":"","src":"https:\/\/i0.wp.com\/garrcorpcomputer.com\/wp-content\/uploads\/2021\/08\/diadema-4.png?fit=381%2C634&ssl=1&resize=350%2C200","width":350,"height":200},"classes":[]},{"id":4193,"url":"https:\/\/garrcorpcomputer.com\/index.php\/producto\/diadema-usb-gamer-tech-gt7vd-10914\/","url_meta":{"origin":5896,"position":4},"title":"Diadema USB Gamer Tech GT7VD 10914","date":"28 de agosto de 2021","format":false,"excerpt":"Diadema gamer con vibraci\u00f3n USB para LED y sonido 7.1 Luz LED aleatorio Micr\u00f3fono fijo alta definici\u00f3n Control de volumen Super bass Dise\u00f1o ergon\u00f3mico Compatible con PLAY 4, Xbox one y otras consolas","rel":"","context":"Entrada similar","img":{"alt_text":"","src":"https:\/\/i1.wp.com\/garrcorpcomputer.com\/wp-content\/uploads\/2021\/08\/diadema-5-1.png?fit=392%2C483&ssl=1&resize=350%2C200","width":350,"height":200},"classes":[]},{"id":4187,"url":"https:\/\/garrcorpcomputer.com\/index.php\/producto\/diadema-usb-7-1-gamer-tech-gt600d-10912\/","url_meta":{"origin":5896,"position":5},"title":"Diadema USB 7.1 Gamer Tech GT600D 10912","date":"28 de agosto de 2021","format":false,"excerpt":"Conexi\u00f3n USB Luz Led fija Longitud del cable: 2.08mt Control de volumen en bocina izquierda Micr\u00f3fono incorporado omnidireccional","rel":"","context":"Entrada similar","img":{"alt_text":"","src":"https:\/\/i1.wp.com\/garrcorpcomputer.com\/wp-content\/uploads\/2021\/08\/diadema-3.png?fit=401%2C383&ssl=1&resize=350%2C200","width":350,"height":200},"classes":[]}],"jetpack_sharing_enabled":true,"_links":{"self":[{"href":"https:\/\/garrcorpcomputer.com\/index.php\/wp-json\/wp\/v2\/product\/5896"}],"collection":[{"href":"https:\/\/garrcorpcomputer.com\/index.php\/wp-json\/wp\/v2\/product"}],"about":[{"href":"https:\/\/garrcorpcomputer.com\/index.php\/wp-json\/wp\/v2\/types\/product"}],"replies":[{"embeddable":true,"href":"https:\/\/garrcorpcomputer.com\/index.php\/wp-json\/wp\/v2\/comments?post=5896"}],"version-history":[{"count":1,"href":"https:\/\/garrcorpcomputer.com\/index.php\/wp-json\/wp\/v2\/product\/5896\/revisions"}],"predecessor-version":[{"id":5898,"href":"https:\/\/garrcorpcomputer.com\/index.php\/wp-json\/wp\/v2\/product\/5896\/revisions\/5898"}],"wp:featuredmedia":[{"embeddable":true,"href":"https:\/\/garrcorpcomputer.com\/index.php\/wp-json\/wp\/v2\/media\/5897"}],"wp:attachment":[{"href":"https:\/\/garrcorpcomputer.com\/index.php\/wp-json\/wp\/v2\/media?parent=5896"}],"wp:term":[{"taxonomy":"product_cat","embeddable":true,"href":"https:\/\/garrcorpcomputer.com\/index.php\/wp-json\/wp\/v2\/product_cat?post=5896"},{"taxonomy":"product_tag","embeddable":true,"href":"https:\/\/garrcorpcomputer.com\/index.php\/wp-json\/wp\/v2\/product_tag?post=5896"}],"curies":[{"name":"wp","href":"https:\/\/api.w.org\/{rel}","templated":true}]}}