{"id":5902,"date":"2021-09-13T19:01:34","date_gmt":"2021-09-14T00:01:34","guid":{"rendered":"https:\/\/garrcorpcomputer.com\/?post_type=product&#038;p=5902"},"modified":"2025-11-04T22:04:36","modified_gmt":"2025-11-05T03:04:36","slug":"diadema-usb-gamer-tech-kx15","status":"publish","type":"product","link":"https:\/\/garrcorpcomputer.com\/index.php\/producto\/diadema-usb-gamer-tech-kx15\/","title":{"rendered":"Diadema USB Gamer Tech KX15"},"content":{"rendered":"<ul>\n<li>Diadema gamer para PS4<\/li>\n<li>USB para LED \/ Luz LED fija<\/li>\n<li>1 plug 3.5 mm para ps4<\/li>\n<li>Micr\u00f3fono fijo alta definici\u00f3n<\/li>\n<li>Control de volumen<\/li>\n<li>Super bass<\/li>\n<li>Dise\u00f1o ergon\u00f3mico<\/li>\n<li>Multiplataforma<\/li>\n<\/ul>\n","protected":false},"excerpt":{"rendered":"<p>Diadema gamer para PS4 USB para LED \/ Luz LED fija 1 plug 3.5 mm para ps4 Micr\u00f3fono fijo alta definici\u00f3n Control de volumen Super bass Dise\u00f1o ergon\u00f3mico Multiplataforma<\/p>\n","protected":false},"featured_media":5903,"comment_status":"open","ping_status":"closed","template":"","meta":{"om_disable_all_campaigns":false,"_mi_skip_tracking":false,"spay_email":"","jetpack_publicize_message":"","jetpack_is_tweetstorm":false},"product_cat":[346,328],"product_tag":[],"jetpack_publicize_connections":[],"jetpack-related-posts":[{"id":4213,"url":"https:\/\/garrcorpcomputer.com\/index.php\/producto\/diadema-gamer-tech-rgb-ref-11010\/","url_meta":{"origin":5902,"position":0},"title":"Diadema Gamer Tech Clan RGB Ref 11010","date":"28 de agosto de 2021","format":false,"excerpt":"Iluminaci\u00f3n LED RGB Diadema para PS4, XBOX ONE y PC SUPER BASS Sonido envolvente Ajustable y ergon\u00f3mica Dise\u00f1o GAMER de lujo Material de alta calidad ABS Conexi\u00f3n 3,5 mm para audio USB para luces LED RGB Micr\u00f3fono ajustable de alta definici\u00f3n Control de volumen y silenciar micr\u00f3fono Di\u00e1metro del auricular:\u2026","rel":"","context":"Entrada similar","img":{"alt_text":"","src":"https:\/\/i1.wp.com\/garrcorpcomputer.com\/wp-content\/uploads\/2021\/08\/diadema-12.png?fit=459%2C373&ssl=1&resize=350%2C200","width":350,"height":200},"classes":[]},{"id":4279,"url":"https:\/\/garrcorpcomputer.com\/index.php\/producto\/diadema-c-microfono-gamer-headphones-p4-para-ps4-ref-mariola\/","url_meta":{"origin":5902,"position":1},"title":"Diadema C\/Microfono Gamer Headphones P4 para PS4 Ref Mariola","date":"29 de agosto de 2021","format":false,"excerpt":"Gaming Headset con micr\u00f3fono para PS4 Control de volumen y conmutador de silencio 1.3 mt de cable Micr\u00f3fono flexible con reducci\u00f3n de ruido Conector 3.5 mm","rel":"","context":"Entrada similar","img":{"alt_text":"","src":"https:\/\/i2.wp.com\/garrcorpcomputer.com\/wp-content\/uploads\/2021\/08\/diadema-19.png?fit=306%2C302&ssl=1&resize=350%2C200","width":350,"height":200},"classes":[]},{"id":4193,"url":"https:\/\/garrcorpcomputer.com\/index.php\/producto\/diadema-usb-gamer-tech-gt7vd-10914\/","url_meta":{"origin":5902,"position":2},"title":"Diadema USB Gamer Tech GT7VD 10914","date":"28 de agosto de 2021","format":false,"excerpt":"Diadema gamer con vibraci\u00f3n USB para LED y sonido 7.1 Luz LED aleatorio Micr\u00f3fono fijo alta definici\u00f3n Control de volumen Super bass Dise\u00f1o ergon\u00f3mico Compatible con PLAY 4, Xbox one y otras consolas","rel":"","context":"Entrada similar","img":{"alt_text":"","src":"https:\/\/i1.wp.com\/garrcorpcomputer.com\/wp-content\/uploads\/2021\/08\/diadema-5-1.png?fit=392%2C483&ssl=1&resize=350%2C200","width":350,"height":200},"classes":[]},{"id":5893,"url":"https:\/\/garrcorpcomputer.com\/index.php\/producto\/diadema-usb-7-1-gamer-tech-gt10\/","url_meta":{"origin":5902,"position":3},"title":"Diadema USB 7.1 Gamer Tech GT10","date":"13 de septiembre de 2021","format":false,"excerpt":"Diadema gamer 7.1 USB para luz LED y sonido Luz LED fija Micr\u00f3fono ajustable de\u00a0alta definici\u00f3n Control de volumen Super bass Dise\u00f1o ergon\u00f3mico Compatible con PLAY 4 y otras consolas","rel":"","context":"Con 2 comentarios","img":{"alt_text":"","src":"https:\/\/i1.wp.com\/garrcorpcomputer.com\/wp-content\/uploads\/2021\/09\/diadema-gamer-2.png?fit=392%2C423&ssl=1&resize=350%2C200","width":350,"height":200},"classes":[]},{"id":4189,"url":"https:\/\/garrcorpcomputer.com\/index.php\/producto\/diadema-usb-7-1-gamertech-gt5000d-ref-10908\/","url_meta":{"origin":5902,"position":4},"title":"Diadema USB 7.1 GamerTech GT5000D Ref 10908","date":"28 de agosto de 2021","format":false,"excerpt":"Dise\u00f1o ergon\u00f3mico USB para luz Led y sonido Luz Led fija Micr\u00f3fono ajustable de alta definici\u00f3n Control de volumen Super Bass","rel":"","context":"Entrada similar","img":{"alt_text":"","src":"https:\/\/i0.wp.com\/garrcorpcomputer.com\/wp-content\/uploads\/2021\/08\/diadema-4.png?fit=381%2C634&ssl=1&resize=350%2C200","width":350,"height":200},"classes":[]},{"id":4187,"url":"https:\/\/garrcorpcomputer.com\/index.php\/producto\/diadema-usb-7-1-gamer-tech-gt600d-10912\/","url_meta":{"origin":5902,"position":5},"title":"Diadema USB 7.1 Gamer Tech GT600D 10912","date":"28 de agosto de 2021","format":false,"excerpt":"Conexi\u00f3n USB Luz Led fija Longitud del cable: 2.08mt Control de volumen en bocina izquierda Micr\u00f3fono incorporado omnidireccional","rel":"","context":"Entrada similar","img":{"alt_text":"","src":"https:\/\/i1.wp.com\/garrcorpcomputer.com\/wp-content\/uploads\/2021\/08\/diadema-3.png?fit=401%2C383&ssl=1&resize=350%2C200","width":350,"height":200},"classes":[]}],"jetpack_sharing_enabled":true,"_links":{"self":[{"href":"https:\/\/garrcorpcomputer.com\/index.php\/wp-json\/wp\/v2\/product\/5902"}],"collection":[{"href":"https:\/\/garrcorpcomputer.com\/index.php\/wp-json\/wp\/v2\/product"}],"about":[{"href":"https:\/\/garrcorpcomputer.com\/index.php\/wp-json\/wp\/v2\/types\/product"}],"replies":[{"embeddable":true,"href":"https:\/\/garrcorpcomputer.com\/index.php\/wp-json\/wp\/v2\/comments?post=5902"}],"version-history":[{"count":1,"href":"https:\/\/garrcorpcomputer.com\/index.php\/wp-json\/wp\/v2\/product\/5902\/revisions"}],"predecessor-version":[{"id":5904,"href":"https:\/\/garrcorpcomputer.com\/index.php\/wp-json\/wp\/v2\/product\/5902\/revisions\/5904"}],"wp:featuredmedia":[{"embeddable":true,"href":"https:\/\/garrcorpcomputer.com\/index.php\/wp-json\/wp\/v2\/media\/5903"}],"wp:attachment":[{"href":"https:\/\/garrcorpcomputer.com\/index.php\/wp-json\/wp\/v2\/media?parent=5902"}],"wp:term":[{"taxonomy":"product_cat","embeddable":true,"href":"https:\/\/garrcorpcomputer.com\/index.php\/wp-json\/wp\/v2\/product_cat?post=5902"},{"taxonomy":"product_tag","embeddable":true,"href":"https:\/\/garrcorpcomputer.com\/index.php\/wp-json\/wp\/v2\/product_tag?post=5902"}],"curies":[{"name":"wp","href":"https:\/\/api.w.org\/{rel}","templated":true}]}}