{"id":5950,"date":"2021-09-15T11:23:03","date_gmt":"2021-09-15T16:23:03","guid":{"rendered":"https:\/\/garrcorpcomputer.com\/?post_type=product&#038;p=5950"},"modified":"2025-11-04T23:49:48","modified_gmt":"2025-11-05T04:49:48","slug":"teclado-touch-pad-h20","status":"publish","type":"product","link":"https:\/\/garrcorpcomputer.com\/index.php\/producto\/teclado-touch-pad-h20\/","title":{"rendered":"Teclado Touch pad H20"},"content":{"rendered":"<ul>\n<li>Teclado y touch pad<\/li>\n<li>Retroiluminado, colores ajustables<\/li>\n<li>Recargable<\/li>\n<li>Compatible con Android TV box y PC<\/li>\n<li>Auto rotaci\u00f3n<\/li>\n<li>Barra LED indicadores<\/li>\n<\/ul>\n","protected":false},"excerpt":{"rendered":"<p>Teclado y touch pad Retroiluminado, colores ajustables Recargable Compatible con Android TV box y PC Auto rotaci\u00f3n Barra LED indicadores<\/p>\n","protected":false},"featured_media":5951,"comment_status":"open","ping_status":"closed","template":"","meta":{"om_disable_all_campaigns":false,"_mi_skip_tracking":false,"spay_email":"","jetpack_publicize_message":"","jetpack_is_tweetstorm":false},"product_cat":[70,57],"product_tag":[],"jetpack_publicize_connections":[],"jetpack-related-posts":[{"id":4292,"url":"https:\/\/garrcorpcomputer.com\/index.php\/producto\/combo-gamer-4-en-1-teclado-pad-mouse-mouse-y-altavoces-jrgb-jr-ctmgjr-013\/","url_meta":{"origin":5950,"position":0},"title":"Combo Gamer 4 en 1 (Teclado, Pad Mouse, Mouse y altavoces JRGB J&#038;R CTMGJR-013","date":"29 de agosto de 2021","format":false,"excerpt":"11 TECLAS MULTIMEDIA MOUSE 7D 7BOTONES DPI AJUSTABLE (800 - 4800) MOUSE PAD PROFESIONAL ALTAVOCES USB CON EXCELENTE CALIDAD DE SONIDO E ILUMINACI\u00d3N","rel":"","context":"Entrada similar","img":{"alt_text":"","src":"https:\/\/i1.wp.com\/garrcorpcomputer.com\/wp-content\/uploads\/2021\/08\/combo-gamer-3.png?fit=582%2C393&ssl=1&resize=350%2C200","width":350,"height":200},"classes":[]},{"id":1353,"url":"https:\/\/garrcorpcomputer.com\/index.php\/producto\/teclado-01\/","url_meta":{"origin":5950,"position":1},"title":"Teclado Numerico USB Genius PAD I &#8211; 120","date":"27 de agosto de 2021","format":false,"excerpt":"Teclado num\u00e9rico de dise\u00f1o ergon\u00f3mico de inclinaci\u00f3n, ofrece a la mano gran postura mecanogr\u00e1fica, conexi\u00f3n USB, 4 teclas de acceso r\u00e1pido. Ventanas compatibles 7, 8, 8.1, 10 o posterior Cable teclado 1,5mt Interfaz USB","rel":"","context":"Entrada similar","img":{"alt_text":"","src":"https:\/\/i2.wp.com\/garrcorpcomputer.com\/wp-content\/uploads\/2021\/08\/teclado-1.png?fit=909%2C396&ssl=1&resize=350%2C200","width":350,"height":200},"classes":[]},{"id":4336,"url":"https:\/\/garrcorpcomputer.com\/index.php\/producto\/combo-mouse-pad-gamer-tech-gtx7c-ref-10954\/","url_meta":{"origin":5950,"position":2},"title":"Combo Mouse Pad Gamer TECH GTX7C REF 10954","date":"30 de agosto de 2021","format":false,"excerpt":"Mouse para juegos 7d IC: 601 DPI: 800 \/ 1600 \/ 2000 \/ 2400 DPI, 7 respiraci\u00f3n de deslumbramiento de color Longitud del cable: 1,5 mts Vida \u00fatil: 3 millones de veces Tensi\u00f3n nominal: 5V Corrientes nominal: 100ma Pad mouse Tama\u00f1o: 287x244x2 mm La estructura de telara\u00f1a de alta densidad\u2026","rel":"","context":"Entrada similar","img":{"alt_text":"","src":"https:\/\/i2.wp.com\/garrcorpcomputer.com\/wp-content\/uploads\/2021\/08\/COMBO-GAMER-9-1.png?fit=491%2C532&ssl=1&resize=350%2C200","width":350,"height":200},"classes":[]},{"id":5956,"url":"https:\/\/garrcorpcomputer.com\/index.php\/producto\/teclado-slim-jal200\/","url_meta":{"origin":5950,"position":3},"title":"Teclado Slim JAL200","date":"15 de septiembre de 2021","format":false,"excerpt":"Dise\u00f1o ergon\u00f3mico y delgado Teclas en alto relieve 104 teclas Conexi\u00f3n USB Teclado num\u00e9rico Teclas anti-ruido Longitud del cable 1,5 m","rel":"","context":"Con 3 comentarios","img":{"alt_text":"","src":"","width":0,"height":0},"classes":[]},{"id":5751,"url":"https:\/\/garrcorpcomputer.com\/index.php\/producto\/teclado-usb-gamer-tech-gtx80t\/","url_meta":{"origin":5950,"position":4},"title":"Teclado USB Gamer Tech GTX80T","date":"10 de septiembre de 2021","format":false,"excerpt":"Teclado mec\u00e1nico gamer pro Retroiluminado super RGB Teclas de interruptor mec\u00e1nico de eje azul para juegos Teclas resistentes hasta 50 millones de pulsaciones \u00a0Letras grabadas para evitar desgaste Cambio de patr\u00f3n de luces hasta 10 modos Teclado a prueba de salpicaduras \u00c1ngulo ajustable 12 teclas de acceso directo a multimedia\u2026","rel":"","context":"Entrada similar","img":{"alt_text":"","src":"https:\/\/i0.wp.com\/garrcorpcomputer.com\/wp-content\/uploads\/2021\/09\/teclado-gamer-2.png?fit=432%2C281&ssl=1&resize=350%2C200","width":350,"height":200},"classes":[]},{"id":5953,"url":"https:\/\/garrcorpcomputer.com\/index.php\/producto\/teclado-multimedia-jal-118\/","url_meta":{"origin":5950,"position":5},"title":"Teclado multimedia JAL 118","date":"15 de septiembre de 2021","format":false,"excerpt":"8 teclas multimedia Dise\u00f1o delgado y ergon\u00f3mico 112 teclas Resiste salpicadura Conexi\u00f3n USB Teclado num\u00e9rico Teclas anti-ruido Longitud del cable 1,5 m","rel":"","context":"Con 1 comentario","img":{"alt_text":"","src":"","width":0,"height":0},"classes":[]}],"jetpack_sharing_enabled":true,"_links":{"self":[{"href":"https:\/\/garrcorpcomputer.com\/index.php\/wp-json\/wp\/v2\/product\/5950"}],"collection":[{"href":"https:\/\/garrcorpcomputer.com\/index.php\/wp-json\/wp\/v2\/product"}],"about":[{"href":"https:\/\/garrcorpcomputer.com\/index.php\/wp-json\/wp\/v2\/types\/product"}],"replies":[{"embeddable":true,"href":"https:\/\/garrcorpcomputer.com\/index.php\/wp-json\/wp\/v2\/comments?post=5950"}],"version-history":[{"count":1,"href":"https:\/\/garrcorpcomputer.com\/index.php\/wp-json\/wp\/v2\/product\/5950\/revisions"}],"predecessor-version":[{"id":5952,"href":"https:\/\/garrcorpcomputer.com\/index.php\/wp-json\/wp\/v2\/product\/5950\/revisions\/5952"}],"wp:featuredmedia":[{"embeddable":true,"href":"https:\/\/garrcorpcomputer.com\/index.php\/wp-json\/wp\/v2\/media\/5951"}],"wp:attachment":[{"href":"https:\/\/garrcorpcomputer.com\/index.php\/wp-json\/wp\/v2\/media?parent=5950"}],"wp:term":[{"taxonomy":"product_cat","embeddable":true,"href":"https:\/\/garrcorpcomputer.com\/index.php\/wp-json\/wp\/v2\/product_cat?post=5950"},{"taxonomy":"product_tag","embeddable":true,"href":"https:\/\/garrcorpcomputer.com\/index.php\/wp-json\/wp\/v2\/product_tag?post=5950"}],"curies":[{"name":"wp","href":"https:\/\/api.w.org\/{rel}","templated":true}]}}