{"id":5960,"date":"2021-09-15T12:15:19","date_gmt":"2021-09-15T17:15:19","guid":{"rendered":"https:\/\/garrcorpcomputer.com\/?post_type=product&#038;p=5960"},"modified":"2021-09-15T12:15:19","modified_gmt":"2021-09-15T17:15:19","slug":"teclado-usb-forza","status":"publish","type":"product","link":"https:\/\/garrcorpcomputer.com\/index.php\/producto\/teclado-usb-forza\/","title":{"rendered":"Teclado USB Forza"},"content":{"rendered":"<ul>\n<li>USB 2.0<\/li>\n<li>104 Teclas suaves<\/li>\n<li>Cable 1.23 Mts<\/li>\n<li>Conexi\u00f3n USB sin ferrita<\/li>\n<li>Sistema antiderrame<\/li>\n<li>Teclas silenciosas<\/li>\n<li>Dise\u00f1o ergon\u00f3mico<\/li>\n<li>Empaque Premium<\/li>\n<\/ul>\n","protected":false},"excerpt":{"rendered":"<p>USB 2.0 104 Teclas suaves Cable 1.23 Mts Conexi\u00f3n USB sin ferrita Sistema antiderrame Teclas silenciosas Dise\u00f1o ergon\u00f3mico Empaque Premium<\/p>\n","protected":false},"featured_media":5961,"comment_status":"open","ping_status":"closed","template":"","meta":{"om_disable_all_campaigns":false,"_mi_skip_tracking":false,"spay_email":"","jetpack_publicize_message":"","jetpack_is_tweetstorm":false},"product_cat":[70,57],"product_tag":[],"jetpack_publicize_connections":[],"jetpack-related-posts":[{"id":4346,"url":"https:\/\/garrcorpcomputer.com\/index.php\/producto\/teclado-multimedia-usb-k52\/","url_meta":{"origin":5960,"position":0},"title":"TECLADO MULTIMEDIA USB K52","date":"30 de agosto de 2021","format":false,"excerpt":"TECLADO EN ESPA\u00d1OL 108 TECLAS ALFA NUM\u00c9RICAS 8 TECLAS FUNCI\u00d3N MULTIMEDIA CONEXI\u00d3N USB PLUG AND PLAY","rel":"","context":"Entrada similar","img":{"alt_text":"","src":"https:\/\/i1.wp.com\/garrcorpcomputer.com\/wp-content\/uploads\/2021\/08\/TECLADO-3-2.png?fit=693%2C296&ssl=1&resize=350%2C200","width":350,"height":200},"classes":[]},{"id":5741,"url":"https:\/\/garrcorpcomputer.com\/index.php\/producto\/teclado-usb-gamer-tech-gt816t\/","url_meta":{"origin":5960,"position":1},"title":"Teclado USB Gamer Tech GT816T","date":"10 de septiembre de 2021","format":false,"excerpt":"Teclado gamer eco Cable USB alta calidad 105 tecla Dise\u00f1o ligero \u00a0Teclas azules gamer para mayor durabilidad","rel":"","context":"Entrada similar","img":{"alt_text":"","src":"https:\/\/i2.wp.com\/garrcorpcomputer.com\/wp-content\/uploads\/2021\/09\/teclado-gamer-1.png?fit=392%2C223&ssl=1&resize=350%2C200","width":350,"height":200},"classes":[]},{"id":4356,"url":"https:\/\/garrcorpcomputer.com\/index.php\/producto\/teclado-retroiluminado-usb-k590\/","url_meta":{"origin":5960,"position":2},"title":"TECLADO RETROILUMINADO USB K590","date":"30 de agosto de 2021","format":false,"excerpt":"108 TECLAS CON IMPRESI\u00d3N L\u00c1SER CHASIS CON ILUMINACI\u00d3N RGB TECLADO TIPO MEC\u00c1NICO TECLA ENCENDIDO RGB BLOQ DESPL CONEXI\u00d3N USB PLUG AND PLAY","rel":"","context":"Entrada similar","img":{"alt_text":"","src":"https:\/\/i0.wp.com\/garrcorpcomputer.com\/wp-content\/uploads\/2021\/08\/TECLADO-6-1.png?fit=751%2C253&ssl=1&resize=350%2C200","width":350,"height":200},"classes":[]},{"id":4339,"url":"https:\/\/garrcorpcomputer.com\/index.php\/producto\/teclado-sencillo-usb-consmo-k13\/","url_meta":{"origin":5960,"position":3},"title":"TECLADO SENCILLO USB CONSMO K13","date":"30 de agosto de 2021","format":false,"excerpt":"Teclado en espa\u00f1ol 108 Teclas impresi\u00f3n l\u00e1ser Conexi\u00f3n USB plug and play","rel":"","context":"Entrada similar","img":{"alt_text":"","src":"https:\/\/i1.wp.com\/garrcorpcomputer.com\/wp-content\/uploads\/2021\/08\/TECLADO-1-4.png?fit=703%2C283&ssl=1&resize=350%2C200","width":350,"height":200},"classes":[]},{"id":4343,"url":"https:\/\/garrcorpcomputer.com\/index.php\/producto\/teclado-multimedia-usb-consmo-k518\/","url_meta":{"origin":5960,"position":4},"title":"TECLADO MULTIMEDIA USB CONSMO K518","date":"30 de agosto de 2021","format":false,"excerpt":"108 TECLAS ALFA NUM\u00c9RICAS 10 TECLAS DE FUNCI\u00d3N MULTIMEDIA CON IMPRESI\u00d3N L\u00c1SER TECLADO EN ESPA\u00d1OL DISE\u00d1O TIPO GAMER CONEXI\u00d3N USB PLUG AND PLAY","rel":"","context":"Entrada similar","img":{"alt_text":"","src":"https:\/\/i1.wp.com\/garrcorpcomputer.com\/wp-content\/uploads\/2021\/08\/TECLADO-2-2.png?fit=680%2C290&ssl=1&resize=350%2C200","width":350,"height":200},"classes":[]},{"id":4175,"url":"https:\/\/garrcorpcomputer.com\/index.php\/producto\/teclado-usb-xenex-xcg-gkb20\/","url_meta":{"origin":5960,"position":5},"title":"Teclado USB XENEX XCG-GKB20","date":"28 de agosto de 2021","format":false,"excerpt":"Teclado de 104 teclas en espa\u00f1ol Conexi\u00f3n USB 2.0 Teclado con luz retroiluminado de 3 colores Largo del cable: 1.5 mt F\u00e1cil de instalar plug & play Admite 10 millones de pulsaciones","rel":"","context":"Entrada similar","img":{"alt_text":"","src":"https:\/\/i2.wp.com\/garrcorpcomputer.com\/wp-content\/uploads\/2021\/08\/teclado-6.png?fit=763%2C253&ssl=1&resize=350%2C200","width":350,"height":200},"classes":[]}],"jetpack_sharing_enabled":true,"_links":{"self":[{"href":"https:\/\/garrcorpcomputer.com\/index.php\/wp-json\/wp\/v2\/product\/5960"}],"collection":[{"href":"https:\/\/garrcorpcomputer.com\/index.php\/wp-json\/wp\/v2\/product"}],"about":[{"href":"https:\/\/garrcorpcomputer.com\/index.php\/wp-json\/wp\/v2\/types\/product"}],"replies":[{"embeddable":true,"href":"https:\/\/garrcorpcomputer.com\/index.php\/wp-json\/wp\/v2\/comments?post=5960"}],"version-history":[{"count":1,"href":"https:\/\/garrcorpcomputer.com\/index.php\/wp-json\/wp\/v2\/product\/5960\/revisions"}],"predecessor-version":[{"id":5962,"href":"https:\/\/garrcorpcomputer.com\/index.php\/wp-json\/wp\/v2\/product\/5960\/revisions\/5962"}],"wp:featuredmedia":[{"embeddable":true,"href":"https:\/\/garrcorpcomputer.com\/index.php\/wp-json\/wp\/v2\/media\/5961"}],"wp:attachment":[{"href":"https:\/\/garrcorpcomputer.com\/index.php\/wp-json\/wp\/v2\/media?parent=5960"}],"wp:term":[{"taxonomy":"product_cat","embeddable":true,"href":"https:\/\/garrcorpcomputer.com\/index.php\/wp-json\/wp\/v2\/product_cat?post=5960"},{"taxonomy":"product_tag","embeddable":true,"href":"https:\/\/garrcorpcomputer.com\/index.php\/wp-json\/wp\/v2\/product_tag?post=5960"}],"curies":[{"name":"wp","href":"https:\/\/api.w.org\/{rel}","templated":true}]}}