{"id":5998,"date":"2021-09-15T14:01:21","date_gmt":"2021-09-15T19:01:21","guid":{"rendered":"https:\/\/garrcorpcomputer.com\/?post_type=product&#038;p=5998"},"modified":"2025-11-04T22:21:07","modified_gmt":"2025-11-05T03:21:07","slug":"kit-inteligente-de-seguridad-wifi-ref-mm105nxt09","status":"publish","type":"product","link":"https:\/\/garrcorpcomputer.com\/index.php\/producto\/kit-inteligente-de-seguridad-wifi-ref-mm105nxt09\/","title":{"rendered":"Kit inteligente de seguridad Wifi Ref MM105NXT09"},"content":{"rendered":"<ul>\n<li>Sirena con luz nocturna y capacidad para funcionar con m\u00e1s de 106 sensores<\/li>\n<li>Se enchufa directamente al toma corriente de la pared<\/li>\n<li>Los sensores de movimiento y de contacto permiten monitorear discretamente la actividad en el interior de tu casa u oficina<\/li>\n<li>Protecci\u00f3n las 24 horas del d\u00eda &#8211; recibe alertas al momento en que se abre una puerta o ventana, o se detecta movimiento en el interior<\/li>\n<li>Instalaci\u00f3n f\u00e1cil y r\u00e1pida<\/li>\n<li>Detecci\u00f3n de movimiento efectiva<\/li>\n<li>Control de cada dispositivo en forma independiente<\/li>\n<li>Port\u00e1til\/ removible<\/li>\n<li>Requisitos del sistema: dispositivo m\u00f3vil con plataforma iOS8 o superior, Android\u2122 4.1 o superior, aplicaci\u00f3n Nexxt Home, red WiFi existente, requiere la sirena para operar<\/li>\n<\/ul>\n","protected":false},"excerpt":{"rendered":"<p>Sirena con luz nocturna y capacidad para funcionar con m\u00e1s de 106 sensores Se enchufa directamente al toma corriente de la pared Los sensores de movimiento y de contacto permiten monitorear discretamente la actividad en el interior de tu casa u oficina Protecci\u00f3n las 24 horas del d\u00eda &#8211; recibe alertas al momento en que &hellip;<\/p>\n<p class=\"read-more\"> <a class=\"\" href=\"https:\/\/garrcorpcomputer.com\/index.php\/producto\/kit-inteligente-de-seguridad-wifi-ref-mm105nxt09\/\"> <span class=\"screen-reader-text\">Kit inteligente de seguridad Wifi Ref MM105NXT09<\/span> Leer m\u00e1s &raquo;<\/a><\/p>\n","protected":false},"featured_media":5999,"comment_status":"open","ping_status":"closed","template":"","meta":{"om_disable_all_campaigns":false,"_mi_skip_tracking":false,"spay_email":"","jetpack_publicize_message":"","jetpack_is_tweetstorm":false},"product_cat":[347],"product_tag":[],"jetpack_publicize_connections":[],"jetpack-related-posts":[{"id":5975,"url":"https:\/\/garrcorpcomputer.com\/index.php\/producto\/kit-de-accesorios-inteligentes-ref-mm105nxt10\/","url_meta":{"origin":5998,"position":0},"title":"Kit de accesorios inteligentes Ref MM105NXT10","date":"15 de septiembre de 2021","format":false,"excerpt":"Instalaci\u00f3n f\u00e1cil y r\u00e1pida Detecci\u00f3n de movimiento efectiva de hasta 8 metros Port\u00e1til Bluetooth\u00ae LE 4.0 (versi\u00f3n IoT) Protecci\u00f3n las 24 horas del d\u00eda Recibe alertas al momento en que se abre una puerta o ventana y\/o se detecta\u00a0movimiento en el interior Requisitos del sistema: Dispositivo m\u00f3vil con plataforma iOS8\u2026","rel":"","context":"Con 45 comentarios","img":{"alt_text":"","src":"https:\/\/i1.wp.com\/garrcorpcomputer.com\/wp-content\/uploads\/2021\/09\/domotica.png?fit=409%2C236&ssl=1&resize=350%2C200","width":350,"height":200},"classes":[]},{"id":4089,"url":"https:\/\/garrcorpcomputer.com\/index.php\/producto\/combo-teclado-y-mouse-ref-01\/","url_meta":{"origin":5998,"position":1},"title":"Combo Genius USB KM-160","date":"27 de agosto de 2021","format":false,"excerpt":"Mouse movimiento r\u00e1pido y sensible Teclado silencioso y suave Compatible con Windows y Mac OS Interfaz USB","rel":"","context":"Entrada similar","img":{"alt_text":"","src":"https:\/\/i2.wp.com\/garrcorpcomputer.com\/wp-content\/uploads\/2021\/08\/combo-teclado-mouse-1.png?fit=963%2C377&ssl=1&resize=350%2C200","width":350,"height":200},"classes":[]},{"id":5764,"url":"https:\/\/garrcorpcomputer.com\/index.php\/producto\/bombilla-inteligente-wifi-multicolor-2-pk\/","url_meta":{"origin":5998,"position":2},"title":"Bombilla inteligente wifi multicolor 2 PK","date":"11 de septiembre de 2021","format":false,"excerpt":"2 bombillos inteligentes multicolor con control por voz y APP Emparejamiento f\u00e1cil Aplicaci\u00f3n Nexxt Solutions Home compatible con iOS y Android \u00b7 Programaci\u00f3n de horarios para activar y desactivar la luz, en cualquier momento y desde cualquier lugar Escenas seleccionables conforme a las preferencias de cada usuario Elecci\u00f3n del color\u2026","rel":"","context":"Con 2 comentarios","img":{"alt_text":"","src":"https:\/\/i0.wp.com\/garrcorpcomputer.com\/wp-content\/uploads\/2021\/09\/iluminacion-1.png?fit=308%2C251&ssl=1&resize=350%2C200","width":350,"height":200},"classes":[]},{"id":5768,"url":"https:\/\/garrcorpcomputer.com\/index.php\/producto\/bombillo-inteligente-wifi-multicolor-4pk\/","url_meta":{"origin":5998,"position":3},"title":"Bombillo inteligente wifi multicolor 4PK","date":"11 de septiembre de 2021","format":false,"excerpt":"4 bombillos inteligentes multicolor con control por voz y APP Emparejamiento f\u00e1cil Aplicaci\u00f3n Nexxt Solutions Home compatible con iOS y Android Programaci\u00f3n de horarios para activar y desactivar la luz, en cualquier momento y desde cualquier lugar Escenas seleccionables conforme a las preferencias de cada usuario Elecci\u00f3n del color basado\u2026","rel":"","context":"Con 1 comentario","img":{"alt_text":"","src":"https:\/\/i2.wp.com\/garrcorpcomputer.com\/wp-content\/uploads\/2021\/09\/iluminacion-2.png?fit=293%2C263&ssl=1&resize=350%2C200","width":350,"height":200},"classes":[]},{"id":5979,"url":"https:\/\/garrcorpcomputer.com\/index.php\/producto\/vektor-3600-ac-ref-nw230nxt98\/","url_meta":{"origin":5998,"position":4},"title":"Vektor 3600- AC Ref NW230NXT98","date":"15 de septiembre de 2021","format":false,"excerpt":"Red de comunicaci\u00f3n para toda la casa que respalda hasta 30 dispositivos conectados simult\u00e1neamente Tecnolog\u00eda True Mesh, un enfoque m\u00e1s eficiente en redes inal\u00e1mbricas Velocidades combinadas AC3600.1200Mbps por nodo (300Mbps a 2.4GHz \/ 867Mbps a 5.0GHz) F\u00e1cil configuraci\u00f3n a trav\u00e9s de tu aplicaci\u00f3n m\u00f3vil NEXXT Wireless NEXXT Cloud para estatus\u2026","rel":"","context":"Con 1 comentario","img":{"alt_text":"","src":"https:\/\/i1.wp.com\/garrcorpcomputer.com\/wp-content\/uploads\/2021\/09\/redes.png?fit=381%2C263&ssl=1&resize=350%2C200","width":350,"height":200},"classes":[]},{"id":4450,"url":"https:\/\/garrcorpcomputer.com\/index.php\/producto\/portatil-lenovo-thinkbook-14-core-i3-10110u-4gb-1tera-w10h-licencia-kaspersky-20rv00qulm\/","url_meta":{"origin":5998,"position":5},"title":"Portatil Lenovo Thinkbook 14 Core I3 10110u 4GB 1tera W10h + licencia kaspersky &#8211; 20RV00QULm","date":"31 de agosto de 2021","format":false,"excerpt":"\u00a0 \u00a0","rel":"","context":"Entrada similar","img":{"alt_text":"","src":"https:\/\/i1.wp.com\/garrcorpcomputer.com\/wp-content\/uploads\/2021\/08\/portatil-3.png?fit=371%2C246&ssl=1&resize=350%2C200","width":350,"height":200},"classes":[]}],"jetpack_sharing_enabled":true,"_links":{"self":[{"href":"https:\/\/garrcorpcomputer.com\/index.php\/wp-json\/wp\/v2\/product\/5998"}],"collection":[{"href":"https:\/\/garrcorpcomputer.com\/index.php\/wp-json\/wp\/v2\/product"}],"about":[{"href":"https:\/\/garrcorpcomputer.com\/index.php\/wp-json\/wp\/v2\/types\/product"}],"replies":[{"embeddable":true,"href":"https:\/\/garrcorpcomputer.com\/index.php\/wp-json\/wp\/v2\/comments?post=5998"}],"version-history":[{"count":1,"href":"https:\/\/garrcorpcomputer.com\/index.php\/wp-json\/wp\/v2\/product\/5998\/revisions"}],"predecessor-version":[{"id":6000,"href":"https:\/\/garrcorpcomputer.com\/index.php\/wp-json\/wp\/v2\/product\/5998\/revisions\/6000"}],"wp:featuredmedia":[{"embeddable":true,"href":"https:\/\/garrcorpcomputer.com\/index.php\/wp-json\/wp\/v2\/media\/5999"}],"wp:attachment":[{"href":"https:\/\/garrcorpcomputer.com\/index.php\/wp-json\/wp\/v2\/media?parent=5998"}],"wp:term":[{"taxonomy":"product_cat","embeddable":true,"href":"https:\/\/garrcorpcomputer.com\/index.php\/wp-json\/wp\/v2\/product_cat?post=5998"},{"taxonomy":"product_tag","embeddable":true,"href":"https:\/\/garrcorpcomputer.com\/index.php\/wp-json\/wp\/v2\/product_tag?post=5998"}],"curies":[{"name":"wp","href":"https:\/\/api.w.org\/{rel}","templated":true}]}}