{"id":6001,"date":"2021-09-15T14:15:01","date_gmt":"2021-09-15T19:15:01","guid":{"rendered":"https:\/\/garrcorpcomputer.com\/?post_type=product&#038;p=6001"},"modified":"2025-11-04T23:32:13","modified_gmt":"2025-11-05T04:32:13","slug":"speaker-urban-ref-it-01","status":"publish","type":"product","link":"https:\/\/garrcorpcomputer.com\/index.php\/producto\/speaker-urban-ref-it-01\/","title":{"rendered":"Speaker urban Ref IT-01"},"content":{"rendered":"<ul>\n<li>Potencia 3Wx2<\/li>\n<li>Bater\u00eda 1.200 mAh<\/li>\n<li>Luces RGB<\/li>\n<li>Ranura micro SD<\/li>\n<li>Radio FM<\/li>\n<li>Bluetooth<\/li>\n<li>Conexi\u00f3n TWS<\/li>\n<li>Aux, USB micr\u00f3fono<\/li>\n<li>Tama\u00f1o 170 x 62 x 75mm<\/li>\n<\/ul>\n","protected":false},"excerpt":{"rendered":"<p>Potencia 3Wx2 Bater\u00eda 1.200 mAh Luces RGB Ranura micro SD Radio FM Bluetooth Conexi\u00f3n TWS Aux, USB micr\u00f3fono Tama\u00f1o 170 x 62 x 75mm<\/p>\n","protected":false},"featured_media":6002,"comment_status":"open","ping_status":"closed","template":"","meta":{"om_disable_all_campaigns":false,"_mi_skip_tracking":false,"spay_email":"","jetpack_publicize_message":"","jetpack_is_tweetstorm":false},"product_cat":[21,53],"product_tag":[],"jetpack_publicize_connections":[],"jetpack-related-posts":[{"id":4469,"url":"https:\/\/garrcorpcomputer.com\/index.php\/producto\/portatil-hp-15-da2025la-core3-10110u-4gb-256gb-freedos-2c6y7la\/","url_meta":{"origin":6001,"position":0},"title":"Port\u00e1til Hp 15-da2025la Core\u00a13 10110u 4GB 256GB Freedos &#8211; 2C6Y7LA","date":"31 de agosto de 2021","format":false,"excerpt":"Procesador: Intel Core i3-10110U frecuencia base de 2,1 Ghz Memoria: 4 GB de SDRAM DDR4-2666 (1 x 4 GB) Almacenamiento: SSD de 256 Gb Gr\u00e1ficos: Gr\u00e1ficos Intel\u00ae UHD Pantalla: 15,6 \"en diagonal, HD (1366 x 768), BrightView, 220 nits, 45% NTSC Sistema Operativo: Free DOS (Sin sistema operativo) C\u00e1mara: C\u00e1mara\u2026","rel":"","context":"Entrada similar","img":{"alt_text":"","src":"https:\/\/i2.wp.com\/garrcorpcomputer.com\/wp-content\/uploads\/2021\/08\/portatil-8.png?fit=322%2C214&ssl=1&resize=350%2C200","width":350,"height":200},"classes":[]},{"id":4475,"url":"https:\/\/garrcorpcomputer.com\/index.php\/producto\/portatil-hp-15-dw1057la-core3-10110u-15-4gb-1tb-win-10-h-2a4q5la\/","url_meta":{"origin":6001,"position":1},"title":"Port\u00e1til Hp 15-dw1057la Core\u00a13-10110u 15 4GB 1tb Win 10 h-2A4Q5LA","date":"31 de agosto de 2021","format":false,"excerpt":"Procesador: Intel Core i3-10110u a 2,10 GHz Memoria: 4GB de SDRAM DDR4-2666 (1 x 4 GB) Almacenamiento: 1TB HDD 5400rpm Pantalla: 15,6 \"(1366 x 768) Sistema Operativo: Windows 10 Home Unidad DVD: No Conectividad: Wifi-Bluetooth Color: negro Dimensiones: 35,85 x 24,2 x 1,99 cm Peso: 1,74 kg Aproximadamente Bater\u00eda: Iones\u2026","rel":"","context":"Entrada similar","img":{"alt_text":"","src":"https:\/\/i1.wp.com\/garrcorpcomputer.com\/wp-content\/uploads\/2021\/08\/portatil-10.png?fit=404%2C224&ssl=1&resize=350%2C200","width":350,"height":200},"classes":[]},{"id":4478,"url":"https:\/\/garrcorpcomputer.com\/index.php\/producto\/portatil-hp-15-da2025la-core3-10110u-4gb-256gb-win-10-pro-2c6y7laabm\/","url_meta":{"origin":6001,"position":2},"title":"Port\u00e1til Hp 15-da2025la Core\u00a13 10110u 4GB 256GB Win 10 Pro-2C6Y7LA#ABM","date":"31 de agosto de 2021","format":false,"excerpt":"Procesador: Intel Core i3-10110U frecuencia base de 2,1 Ghz Memoria: 4 GB de SDRAM DDR4-2666 (1 x 4 GB) Almacenamiento: SSD de 256 Gb Gr\u00e1ficos: Gr\u00e1ficos Intel\u00ae UHD Pantalla: 15,6 \"en diagonal, HD (1366 x 768), BrightView, 220 nits, 45% NTSC Sistema Operativo: Windows 10 Pro C\u00e1mara: C\u00e1mara web con\u2026","rel":"","context":"Entrada similar","img":{"alt_text":"","src":"https:\/\/i0.wp.com\/garrcorpcomputer.com\/wp-content\/uploads\/2021\/08\/portatil-11.png?fit=322%2C220&ssl=1&resize=350%2C200","width":350,"height":200},"classes":[]},{"id":4450,"url":"https:\/\/garrcorpcomputer.com\/index.php\/producto\/portatil-lenovo-thinkbook-14-core-i3-10110u-4gb-1tera-w10h-licencia-kaspersky-20rv00qulm\/","url_meta":{"origin":6001,"position":3},"title":"Portatil Lenovo Thinkbook 14 Core I3 10110u 4GB 1tera W10h + licencia kaspersky &#8211; 20RV00QULm","date":"31 de agosto de 2021","format":false,"excerpt":"\u00a0 \u00a0","rel":"","context":"Entrada similar","img":{"alt_text":"","src":"https:\/\/i1.wp.com\/garrcorpcomputer.com\/wp-content\/uploads\/2021\/08\/portatil-3.png?fit=371%2C246&ssl=1&resize=350%2C200","width":350,"height":200},"classes":[]},{"id":4457,"url":"https:\/\/garrcorpcomputer.com\/index.php\/producto\/portatil-hp-15-da2027la-core5-10210u-4gb-256gb-m-2-freedos-2c6z2la\/","url_meta":{"origin":6001,"position":4},"title":"Port\u00e1til Hp 15-da2027la Core\u00a15 10210u 4GB 256GB M.2 Freedos-2C6Z2LA","date":"31 de agosto de 2021","format":false,"excerpt":"Procesador: Intel Core i5 10210U Quad Core 1.60 GHz a 4.20 GHz Memoria: 4 GB de SDRAM DDR4-2666 (1 x 4 GB) Almacenamiento: SSD 256GB DDR4-2666 Conexi\u00f3n M2 Gr\u00e1ficos: Gr\u00e1ficos Intel\u00ae UHD Pantalla: 15,6 \"en diagonal, HD (1366 x 768), BrightView, 220 nits, 45% NTSC Sistema Operativo: Free DOS (Sin\u2026","rel":"","context":"Entrada similar","img":{"alt_text":"","src":"https:\/\/i0.wp.com\/garrcorpcomputer.com\/wp-content\/uploads\/2021\/08\/portatil-5.png?fit=400%2C202&ssl=1&resize=350%2C200","width":350,"height":200},"classes":[]},{"id":4445,"url":"https:\/\/garrcorpcomputer.com\/index.php\/producto\/portatil-asus-x509ua-ej345-core3-7020u-4gb-256gb-ssd-linux-m05910\/","url_meta":{"origin":6001,"position":5},"title":"Port\u00e1til Asus X509ua-ej345 Core!3- 7020u 4GB 256Gb Ssd Linux-M05910","date":"31 de agosto de 2021","format":false,"excerpt":"Procesador: Intel Core i3 7020U 2 N\u00facleos (DualCore) 2.30 GHz \u00a0Gr\u00e1ficos: Integrados Gr\u00e1ficos HD Intel\u00ae 620 Memoria RAM: 4GB OnBoard DDR4 2400 MHz Sistema operativo: Linux Disco Duro: 256GB SSD Conexi\u00f3n M2 PCIe Pantalla: 15.6 Pulgadas Full HD (1920 * 1080) con Bordes Reducidos (Nano Edge) Conectividad: Wi-Fi 5 (802.11\u2026","rel":"","context":"Entrada similar","img":{"alt_text":"","src":"https:\/\/i1.wp.com\/garrcorpcomputer.com\/wp-content\/uploads\/2021\/08\/portatil-1-1.png?fit=391%2C263&ssl=1&resize=350%2C200","width":350,"height":200},"classes":[]}],"jetpack_sharing_enabled":true,"_links":{"self":[{"href":"https:\/\/garrcorpcomputer.com\/index.php\/wp-json\/wp\/v2\/product\/6001"}],"collection":[{"href":"https:\/\/garrcorpcomputer.com\/index.php\/wp-json\/wp\/v2\/product"}],"about":[{"href":"https:\/\/garrcorpcomputer.com\/index.php\/wp-json\/wp\/v2\/types\/product"}],"replies":[{"embeddable":true,"href":"https:\/\/garrcorpcomputer.com\/index.php\/wp-json\/wp\/v2\/comments?post=6001"}],"version-history":[{"count":1,"href":"https:\/\/garrcorpcomputer.com\/index.php\/wp-json\/wp\/v2\/product\/6001\/revisions"}],"predecessor-version":[{"id":6003,"href":"https:\/\/garrcorpcomputer.com\/index.php\/wp-json\/wp\/v2\/product\/6001\/revisions\/6003"}],"wp:featuredmedia":[{"embeddable":true,"href":"https:\/\/garrcorpcomputer.com\/index.php\/wp-json\/wp\/v2\/media\/6002"}],"wp:attachment":[{"href":"https:\/\/garrcorpcomputer.com\/index.php\/wp-json\/wp\/v2\/media?parent=6001"}],"wp:term":[{"taxonomy":"product_cat","embeddable":true,"href":"https:\/\/garrcorpcomputer.com\/index.php\/wp-json\/wp\/v2\/product_cat?post=6001"},{"taxonomy":"product_tag","embeddable":true,"href":"https:\/\/garrcorpcomputer.com\/index.php\/wp-json\/wp\/v2\/product_tag?post=6001"}],"curies":[{"name":"wp","href":"https:\/\/api.w.org\/{rel}","templated":true}]}}