{"id":6008,"date":"2021-09-15T14:27:58","date_gmt":"2021-09-15T19:27:58","guid":{"rendered":"https:\/\/garrcorpcomputer.com\/?post_type=product&#038;p=6008"},"modified":"2025-09-18T04:24:48","modified_gmt":"2025-09-18T09:24:48","slug":"speaker-box-bt-1765-ref-bt-1728","status":"publish","type":"product","link":"https:\/\/garrcorpcomputer.com\/index.php\/producto\/speaker-box-bt-1765-ref-bt-1728\/","title":{"rendered":"Speaker Box BT 1765 Ref BT-1728"},"content":{"rendered":"<ul>\n<li>Bluetooth<\/li>\n<li>FM y lector de memorias<\/li>\n<li>8W<\/li>\n<li>Bater\u00eda recargable 1.200 mAh<\/li>\n<li>Doble entrada de MIC<\/li>\n<li>Cargadera<\/li>\n<li>Subwoofer<\/li>\n<\/ul>\n","protected":false},"excerpt":{"rendered":"<p>Bluetooth FM y lector de memorias 8W Bater\u00eda recargable 1.200 mAh Doble entrada de MIC Cargadera Subwoofer<\/p>\n","protected":false},"featured_media":6009,"comment_status":"open","ping_status":"closed","template":"","meta":{"om_disable_all_campaigns":false,"_mi_skip_tracking":false,"spay_email":"","jetpack_publicize_message":"","jetpack_is_tweetstorm":false},"product_cat":[21,53],"product_tag":[],"jetpack_publicize_connections":[],"jetpack-related-posts":[{"id":6011,"url":"https:\/\/garrcorpcomputer.com\/index.php\/producto\/speaker-bt-soporte-ref-m222\/","url_meta":{"origin":6008,"position":0},"title":"Speaker BT soporte Ref M222","date":"15 de septiembre de 2021","format":false,"excerpt":"Bluetooth 4.2 Soporte para poner el celular FM y lector de memorias 10W Bater\u00eda recargable 1.200 mAh Luz LED","rel":"","context":"Con 1 comentario","img":{"alt_text":"","src":"","width":0,"height":0},"classes":[]},{"id":6014,"url":"https:\/\/garrcorpcomputer.com\/index.php\/producto\/parlante-con-microfono-bluetooth-ref-kms-6685\/","url_meta":{"origin":6008,"position":1},"title":"Parlante con micr\u00f3fono bluetooth Ref KMS-6685","date":"15 de septiembre de 2021","format":false,"excerpt":"Bluetooth 5.0 + EDR FM y lector de memorias 10W Pmpo 1.200W Alto 35 cms Bater\u00eda recargable 1.200 mAh Incluye micr\u00f3fono Luces LED Rango BT 15 mtrs","rel":"","context":"Con 1 comentario","img":{"alt_text":"","src":"https:\/\/i2.wp.com\/garrcorpcomputer.com\/wp-content\/uploads\/2021\/09\/sonido-4.png?fit=252%2C362&ssl=1&resize=350%2C200","width":350,"height":200},"classes":[]},{"id":6001,"url":"https:\/\/garrcorpcomputer.com\/index.php\/producto\/speaker-urban-ref-it-01\/","url_meta":{"origin":6008,"position":2},"title":"Speaker urban Ref IT-01","date":"15 de septiembre de 2021","format":false,"excerpt":"Potencia 3Wx2 Bater\u00eda 1.200 mAh Luces RGB Ranura micro SD Radio FM Bluetooth Conexi\u00f3n TWS Aux, USB micr\u00f3fono Tama\u00f1o 170 x 62 x 75mm","rel":"","context":"Con 1 comentario","img":{"alt_text":"","src":"https:\/\/i2.wp.com\/garrcorpcomputer.com\/wp-content\/uploads\/2021\/09\/sonido-1.png?fit=441%2C234&ssl=1&resize=350%2C200","width":350,"height":200},"classes":[]},{"id":6004,"url":"https:\/\/garrcorpcomputer.com\/index.php\/producto\/speaker-bt-gamer-bar-rgb-ref-bts-169\/","url_meta":{"origin":6008,"position":3},"title":"Speaker BT Gamer bar RGB Ref BTS-169","date":"15 de septiembre de 2021","format":false,"excerpt":"Bluetooth 5.0 Puerto 3.5mm Luces LED RGB RMS 6W 2 bocina 2\u201d 44 cms Control volumen frontal Ideal para espacios gamer","rel":"","context":"Entrada similar","img":{"alt_text":"","src":"https:\/\/i2.wp.com\/garrcorpcomputer.com\/wp-content\/uploads\/2021\/09\/sonido-gamer.png?fit=433%2C331&ssl=1&resize=350%2C200","width":350,"height":200},"classes":[]},{"id":6024,"url":"https:\/\/garrcorpcomputer.com\/index.php\/producto\/barra-de-sonido-jaltech-pro-ref-jl-511\/","url_meta":{"origin":6008,"position":4},"title":"Barra de sonido Jaltech Pro Ref JL-511","date":"15 de septiembre de 2021","format":false,"excerpt":"Bluetooth 5.0 Super bass Material de lujo: madera con malla tejida Pantalla LED Control remoto Luces LED r\u00edtmicas Hasta 7 cambios de luz FM Puerto USB Auxiliar 3,5 mm Auxiliar RCA Ecualizador 30W 6 bocinas Adaptador de energ\u00eda: CA 110V a salida: 18V-1.5A Largo: 93 cm","rel":"","context":"Con 3 comentarios","img":{"alt_text":"","src":"","width":0,"height":0},"classes":[]},{"id":5877,"url":"https:\/\/garrcorpcomputer.com\/index.php\/producto\/diadema-pc-mic-strong-ref-t-590\/","url_meta":{"origin":6008,"position":5},"title":"Diadema PC MIC strong Ref T-590","date":"13 de septiembre de 2021","format":false,"excerpt":"Micr\u00f3fono Conexi\u00f3n 3.5mm audio y MIC cable Indestructible","rel":"","context":"Con 1 comentario","img":{"alt_text":"","src":"https:\/\/i0.wp.com\/garrcorpcomputer.com\/wp-content\/uploads\/2021\/09\/diadema-4.png?fit=342%2C436&ssl=1&resize=350%2C200","width":350,"height":200},"classes":[]}],"jetpack_sharing_enabled":true,"_links":{"self":[{"href":"https:\/\/garrcorpcomputer.com\/index.php\/wp-json\/wp\/v2\/product\/6008"}],"collection":[{"href":"https:\/\/garrcorpcomputer.com\/index.php\/wp-json\/wp\/v2\/product"}],"about":[{"href":"https:\/\/garrcorpcomputer.com\/index.php\/wp-json\/wp\/v2\/types\/product"}],"replies":[{"embeddable":true,"href":"https:\/\/garrcorpcomputer.com\/index.php\/wp-json\/wp\/v2\/comments?post=6008"}],"version-history":[{"count":1,"href":"https:\/\/garrcorpcomputer.com\/index.php\/wp-json\/wp\/v2\/product\/6008\/revisions"}],"predecessor-version":[{"id":6010,"href":"https:\/\/garrcorpcomputer.com\/index.php\/wp-json\/wp\/v2\/product\/6008\/revisions\/6010"}],"wp:featuredmedia":[{"embeddable":true,"href":"https:\/\/garrcorpcomputer.com\/index.php\/wp-json\/wp\/v2\/media\/6009"}],"wp:attachment":[{"href":"https:\/\/garrcorpcomputer.com\/index.php\/wp-json\/wp\/v2\/media?parent=6008"}],"wp:term":[{"taxonomy":"product_cat","embeddable":true,"href":"https:\/\/garrcorpcomputer.com\/index.php\/wp-json\/wp\/v2\/product_cat?post=6008"},{"taxonomy":"product_tag","embeddable":true,"href":"https:\/\/garrcorpcomputer.com\/index.php\/wp-json\/wp\/v2\/product_tag?post=6008"}],"curies":[{"name":"wp","href":"https:\/\/api.w.org\/{rel}","templated":true}]}}