{"id":6011,"date":"2021-09-15T14:32:42","date_gmt":"2021-09-15T19:32:42","guid":{"rendered":"https:\/\/garrcorpcomputer.com\/?post_type=product&#038;p=6011"},"modified":"2026-02-10T10:11:19","modified_gmt":"2026-02-10T15:11:19","slug":"speaker-bt-soporte-ref-m222","status":"publish","type":"product","link":"https:\/\/garrcorpcomputer.com\/index.php\/producto\/speaker-bt-soporte-ref-m222\/","title":{"rendered":"Speaker BT soporte Ref M222"},"content":{"rendered":"<ul>\n<li>Bluetooth 4.2<\/li>\n<li>Soporte para poner el celular<\/li>\n<li>FM y lector de memorias<\/li>\n<li>10W<\/li>\n<li>Bater\u00eda recargable 1.200 mAh<\/li>\n<li>Luz LED<\/li>\n<\/ul>\n","protected":false},"excerpt":{"rendered":"<p>Bluetooth 4.2 Soporte para poner el celular FM y lector de memorias 10W Bater\u00eda recargable 1.200 mAh Luz LED<\/p>\n","protected":false},"featured_media":6012,"comment_status":"open","ping_status":"closed","template":"","meta":{"om_disable_all_campaigns":false,"_mi_skip_tracking":false,"spay_email":"","jetpack_publicize_message":"","jetpack_is_tweetstorm":false},"product_cat":[21,53],"product_tag":[],"jetpack_publicize_connections":[],"jetpack-related-posts":[{"id":6014,"url":"https:\/\/garrcorpcomputer.com\/index.php\/producto\/parlante-con-microfono-bluetooth-ref-kms-6685\/","url_meta":{"origin":6011,"position":0},"title":"Parlante con micr\u00f3fono bluetooth Ref KMS-6685","date":"15 de septiembre de 2021","format":false,"excerpt":"Bluetooth 5.0 + EDR FM y lector de memorias 10W Pmpo 1.200W Alto 35 cms Bater\u00eda recargable 1.200 mAh Incluye micr\u00f3fono Luces LED Rango BT 15 mtrs","rel":"","context":"Con 1 comentario","img":{"alt_text":"","src":"https:\/\/i2.wp.com\/garrcorpcomputer.com\/wp-content\/uploads\/2021\/09\/sonido-4.png?fit=252%2C362&ssl=1&resize=350%2C200","width":350,"height":200},"classes":[]},{"id":6008,"url":"https:\/\/garrcorpcomputer.com\/index.php\/producto\/speaker-box-bt-1765-ref-bt-1728\/","url_meta":{"origin":6011,"position":1},"title":"Speaker Box BT 1765 Ref BT-1728","date":"15 de septiembre de 2021","format":false,"excerpt":"Bluetooth FM y lector de memorias 8W Bater\u00eda recargable 1.200 mAh Doble entrada de MIC Cargadera Subwoofer","rel":"","context":"Con 1 comentario","img":{"alt_text":"","src":"https:\/\/i2.wp.com\/garrcorpcomputer.com\/wp-content\/uploads\/2021\/09\/sonido-2.png?fit=432%2C307&ssl=1&resize=350%2C200","width":350,"height":200},"classes":[]},{"id":6001,"url":"https:\/\/garrcorpcomputer.com\/index.php\/producto\/speaker-urban-ref-it-01\/","url_meta":{"origin":6011,"position":2},"title":"Speaker urban Ref IT-01","date":"15 de septiembre de 2021","format":false,"excerpt":"Potencia 3Wx2 Bater\u00eda 1.200 mAh Luces RGB Ranura micro SD Radio FM Bluetooth Conexi\u00f3n TWS Aux, USB micr\u00f3fono Tama\u00f1o 170 x 62 x 75mm","rel":"","context":"Con 1 comentario","img":{"alt_text":"","src":"https:\/\/i2.wp.com\/garrcorpcomputer.com\/wp-content\/uploads\/2021\/09\/sonido-1.png?fit=441%2C234&ssl=1&resize=350%2C200","width":350,"height":200},"classes":[]},{"id":6004,"url":"https:\/\/garrcorpcomputer.com\/index.php\/producto\/speaker-bt-gamer-bar-rgb-ref-bts-169\/","url_meta":{"origin":6011,"position":3},"title":"Speaker BT Gamer bar RGB Ref BTS-169","date":"15 de septiembre de 2021","format":false,"excerpt":"Bluetooth 5.0 Puerto 3.5mm Luces LED RGB RMS 6W 2 bocina 2\u201d 44 cms Control volumen frontal Ideal para espacios gamer","rel":"","context":"Entrada similar","img":{"alt_text":"","src":"https:\/\/i2.wp.com\/garrcorpcomputer.com\/wp-content\/uploads\/2021\/09\/sonido-gamer.png?fit=433%2C331&ssl=1&resize=350%2C200","width":350,"height":200},"classes":[]},{"id":6024,"url":"https:\/\/garrcorpcomputer.com\/index.php\/producto\/barra-de-sonido-jaltech-pro-ref-jl-511\/","url_meta":{"origin":6011,"position":4},"title":"Barra de sonido Jaltech Pro Ref JL-511","date":"15 de septiembre de 2021","format":false,"excerpt":"Bluetooth 5.0 Super bass Material de lujo: madera con malla tejida Pantalla LED Control remoto Luces LED r\u00edtmicas Hasta 7 cambios de luz FM Puerto USB Auxiliar 3,5 mm Auxiliar RCA Ecualizador 30W 6 bocinas Adaptador de energ\u00eda: CA 110V a salida: 18V-1.5A Largo: 93 cm","rel":"","context":"Con 3 comentarios","img":{"alt_text":"","src":"","width":0,"height":0},"classes":[]},{"id":5510,"url":"https:\/\/garrcorpcomputer.com\/index.php\/producto\/celular-samsung-a02\/","url_meta":{"origin":6011,"position":5},"title":"Celular Samsung A02","date":"7 de septiembre de 2021","format":false,"excerpt":"Consultar disponibilidad","rel":"","context":"Entrada similar","img":{"alt_text":"","src":"","width":0,"height":0},"classes":[]}],"jetpack_sharing_enabled":true,"_links":{"self":[{"href":"https:\/\/garrcorpcomputer.com\/index.php\/wp-json\/wp\/v2\/product\/6011"}],"collection":[{"href":"https:\/\/garrcorpcomputer.com\/index.php\/wp-json\/wp\/v2\/product"}],"about":[{"href":"https:\/\/garrcorpcomputer.com\/index.php\/wp-json\/wp\/v2\/types\/product"}],"replies":[{"embeddable":true,"href":"https:\/\/garrcorpcomputer.com\/index.php\/wp-json\/wp\/v2\/comments?post=6011"}],"version-history":[{"count":1,"href":"https:\/\/garrcorpcomputer.com\/index.php\/wp-json\/wp\/v2\/product\/6011\/revisions"}],"predecessor-version":[{"id":6013,"href":"https:\/\/garrcorpcomputer.com\/index.php\/wp-json\/wp\/v2\/product\/6011\/revisions\/6013"}],"wp:featuredmedia":[{"embeddable":true,"href":"https:\/\/garrcorpcomputer.com\/index.php\/wp-json\/wp\/v2\/media\/6012"}],"wp:attachment":[{"href":"https:\/\/garrcorpcomputer.com\/index.php\/wp-json\/wp\/v2\/media?parent=6011"}],"wp:term":[{"taxonomy":"product_cat","embeddable":true,"href":"https:\/\/garrcorpcomputer.com\/index.php\/wp-json\/wp\/v2\/product_cat?post=6011"},{"taxonomy":"product_tag","embeddable":true,"href":"https:\/\/garrcorpcomputer.com\/index.php\/wp-json\/wp\/v2\/product_tag?post=6011"}],"curies":[{"name":"wp","href":"https:\/\/api.w.org\/{rel}","templated":true}]}}