{"id":6014,"date":"2021-09-15T14:59:30","date_gmt":"2021-09-15T19:59:30","guid":{"rendered":"https:\/\/garrcorpcomputer.com\/?post_type=product&#038;p=6014"},"modified":"2025-09-18T04:17:54","modified_gmt":"2025-09-18T09:17:54","slug":"parlante-con-microfono-bluetooth-ref-kms-6685","status":"publish","type":"product","link":"https:\/\/garrcorpcomputer.com\/index.php\/producto\/parlante-con-microfono-bluetooth-ref-kms-6685\/","title":{"rendered":"Parlante con micr\u00f3fono bluetooth Ref KMS-6685"},"content":{"rendered":"<ul>\n<li>Bluetooth 5.0 + EDR<\/li>\n<li>FM y lector de memorias<\/li>\n<li>10W<\/li>\n<li>Pmpo 1.200W<\/li>\n<li>Alto 35 cms<\/li>\n<li>Bater\u00eda recargable 1.200 mAh<\/li>\n<li>Incluye micr\u00f3fono<\/li>\n<li>Luces LED<\/li>\n<li>Rango BT 15 mtrs<\/li>\n<\/ul>\n","protected":false},"excerpt":{"rendered":"<p>Bluetooth 5.0 + EDR FM y lector de memorias 10W Pmpo 1.200W Alto 35 cms Bater\u00eda recargable 1.200 mAh Incluye micr\u00f3fono Luces LED Rango BT 15 mtrs<\/p>\n","protected":false},"featured_media":6015,"comment_status":"open","ping_status":"closed","template":"","meta":{"om_disable_all_campaigns":false,"_mi_skip_tracking":false,"spay_email":"","jetpack_publicize_message":"","jetpack_is_tweetstorm":false},"product_cat":[21,53],"product_tag":[],"jetpack_publicize_connections":[],"jetpack-related-posts":[{"id":6001,"url":"https:\/\/garrcorpcomputer.com\/index.php\/producto\/speaker-urban-ref-it-01\/","url_meta":{"origin":6014,"position":0},"title":"Speaker urban Ref IT-01","date":"15 de septiembre de 2021","format":false,"excerpt":"Potencia 3Wx2 Bater\u00eda 1.200 mAh Luces RGB Ranura micro SD Radio FM Bluetooth Conexi\u00f3n TWS Aux, USB micr\u00f3fono Tama\u00f1o 170 x 62 x 75mm","rel":"","context":"Con 1 comentario","img":{"alt_text":"","src":"https:\/\/i2.wp.com\/garrcorpcomputer.com\/wp-content\/uploads\/2021\/09\/sonido-1.png?fit=441%2C234&ssl=1&resize=350%2C200","width":350,"height":200},"classes":[]},{"id":4469,"url":"https:\/\/garrcorpcomputer.com\/index.php\/producto\/portatil-hp-15-da2025la-core3-10110u-4gb-256gb-freedos-2c6y7la\/","url_meta":{"origin":6014,"position":1},"title":"Port\u00e1til Hp 15-da2025la Core\u00a13 10110u 4GB 256GB Freedos &#8211; 2C6Y7LA","date":"31 de agosto de 2021","format":false,"excerpt":"Procesador: Intel Core i3-10110U frecuencia base de 2,1 Ghz Memoria: 4 GB de SDRAM DDR4-2666 (1 x 4 GB) Almacenamiento: SSD de 256 Gb Gr\u00e1ficos: Gr\u00e1ficos Intel\u00ae UHD Pantalla: 15,6 \"en diagonal, HD (1366 x 768), BrightView, 220 nits, 45% NTSC Sistema Operativo: Free DOS (Sin sistema operativo) C\u00e1mara: C\u00e1mara\u2026","rel":"","context":"Entrada similar","img":{"alt_text":"","src":"https:\/\/i2.wp.com\/garrcorpcomputer.com\/wp-content\/uploads\/2021\/08\/portatil-8.png?fit=322%2C214&ssl=1&resize=350%2C200","width":350,"height":200},"classes":[]},{"id":4478,"url":"https:\/\/garrcorpcomputer.com\/index.php\/producto\/portatil-hp-15-da2025la-core3-10110u-4gb-256gb-win-10-pro-2c6y7laabm\/","url_meta":{"origin":6014,"position":2},"title":"Port\u00e1til Hp 15-da2025la Core\u00a13 10110u 4GB 256GB Win 10 Pro-2C6Y7LA#ABM","date":"31 de agosto de 2021","format":false,"excerpt":"Procesador: Intel Core i3-10110U frecuencia base de 2,1 Ghz Memoria: 4 GB de SDRAM DDR4-2666 (1 x 4 GB) Almacenamiento: SSD de 256 Gb Gr\u00e1ficos: Gr\u00e1ficos Intel\u00ae UHD Pantalla: 15,6 \"en diagonal, HD (1366 x 768), BrightView, 220 nits, 45% NTSC Sistema Operativo: Windows 10 Pro C\u00e1mara: C\u00e1mara web con\u2026","rel":"","context":"Entrada similar","img":{"alt_text":"","src":"https:\/\/i0.wp.com\/garrcorpcomputer.com\/wp-content\/uploads\/2021\/08\/portatil-11.png?fit=322%2C220&ssl=1&resize=350%2C200","width":350,"height":200},"classes":[]},{"id":4457,"url":"https:\/\/garrcorpcomputer.com\/index.php\/producto\/portatil-hp-15-da2027la-core5-10210u-4gb-256gb-m-2-freedos-2c6z2la\/","url_meta":{"origin":6014,"position":3},"title":"Port\u00e1til Hp 15-da2027la Core\u00a15 10210u 4GB 256GB M.2 Freedos-2C6Z2LA","date":"31 de agosto de 2021","format":false,"excerpt":"Procesador: Intel Core i5 10210U Quad Core 1.60 GHz a 4.20 GHz Memoria: 4 GB de SDRAM DDR4-2666 (1 x 4 GB) Almacenamiento: SSD 256GB DDR4-2666 Conexi\u00f3n M2 Gr\u00e1ficos: Gr\u00e1ficos Intel\u00ae UHD Pantalla: 15,6 \"en diagonal, HD (1366 x 768), BrightView, 220 nits, 45% NTSC Sistema Operativo: Free DOS (Sin\u2026","rel":"","context":"Entrada similar","img":{"alt_text":"","src":"https:\/\/i0.wp.com\/garrcorpcomputer.com\/wp-content\/uploads\/2021\/08\/portatil-5.png?fit=400%2C202&ssl=1&resize=350%2C200","width":350,"height":200},"classes":[]},{"id":4437,"url":"https:\/\/garrcorpcomputer.com\/index.php\/producto\/portatil-hp-240-g7-celeron-n4020-4gb-500-gb-linux-1m9u3lt\/","url_meta":{"origin":6014,"position":4},"title":"Port\u00e1til Hp 240 G7 Celeron N4020 4GB 500 GB Linux-1M9U3LT","date":"31 de agosto de 2021","format":false,"excerpt":"Procesador: Intel Celeron N4020 1.10 GHz Memoria Ram: 4GB DDR4 a 2400 mhz Disco duro: 500 GB Sistema operativo: Linux Fedora Pantalla: 14 \"hd (1366 x 768) Conexi\u00f3n: wifi, bluetooth C\u00e1mara: Si Audio: Altavoces est\u00e9reos Color: gris oscuro Dimensiones: 33,5 x 23,4 x 1,99 cm Peso: 1,52 kg aproximadamente Bater\u00eda:\u2026","rel":"","context":"Entrada similar","img":{"alt_text":"","src":"https:\/\/i2.wp.com\/garrcorpcomputer.com\/wp-content\/uploads\/2021\/08\/portatil-2.png?fit=302%2C231&ssl=1&resize=350%2C200","width":350,"height":200},"classes":[]},{"id":4460,"url":"https:\/\/garrcorpcomputer.com\/index.php\/producto\/portatil-hp-240-g7-celeron-n4020-4gb-500gb-linux-1m9u3lt\/","url_meta":{"origin":6014,"position":5},"title":"Port\u00e1til Hp 240 G7 Celeron N4020 4GB 500GB Linux-1M9U3LT","date":"31 de agosto de 2021","format":false,"excerpt":"Procesador: Intel Celeron N4020 1.10 GHz Memoria Ram: 4GB DDR4 a 2400 mhz Disco duro: 500 GB Sistema operativo: Linux Fedora Pantalla: 14 \"hd (1366 x 768) Conexi\u00f3n: wifi, bluetooth C\u00e1mara: Si Audio: Altavoces est\u00e9reos Color: gris oscuro Dimensiones: 33,5 x 23,4 x 1,99 cm Peso: 1,52 kg Aproximadamente Bater\u00eda:\u2026","rel":"","context":"Entrada similar","img":{"alt_text":"","src":"","width":0,"height":0},"classes":[]}],"jetpack_sharing_enabled":true,"_links":{"self":[{"href":"https:\/\/garrcorpcomputer.com\/index.php\/wp-json\/wp\/v2\/product\/6014"}],"collection":[{"href":"https:\/\/garrcorpcomputer.com\/index.php\/wp-json\/wp\/v2\/product"}],"about":[{"href":"https:\/\/garrcorpcomputer.com\/index.php\/wp-json\/wp\/v2\/types\/product"}],"replies":[{"embeddable":true,"href":"https:\/\/garrcorpcomputer.com\/index.php\/wp-json\/wp\/v2\/comments?post=6014"}],"version-history":[{"count":1,"href":"https:\/\/garrcorpcomputer.com\/index.php\/wp-json\/wp\/v2\/product\/6014\/revisions"}],"predecessor-version":[{"id":6016,"href":"https:\/\/garrcorpcomputer.com\/index.php\/wp-json\/wp\/v2\/product\/6014\/revisions\/6016"}],"wp:featuredmedia":[{"embeddable":true,"href":"https:\/\/garrcorpcomputer.com\/index.php\/wp-json\/wp\/v2\/media\/6015"}],"wp:attachment":[{"href":"https:\/\/garrcorpcomputer.com\/index.php\/wp-json\/wp\/v2\/media?parent=6014"}],"wp:term":[{"taxonomy":"product_cat","embeddable":true,"href":"https:\/\/garrcorpcomputer.com\/index.php\/wp-json\/wp\/v2\/product_cat?post=6014"},{"taxonomy":"product_tag","embeddable":true,"href":"https:\/\/garrcorpcomputer.com\/index.php\/wp-json\/wp\/v2\/product_tag?post=6014"}],"curies":[{"name":"wp","href":"https:\/\/api.w.org\/{rel}","templated":true}]}}