{"id":6024,"date":"2021-09-15T15:21:38","date_gmt":"2021-09-15T20:21:38","guid":{"rendered":"https:\/\/garrcorpcomputer.com\/?post_type=product&#038;p=6024"},"modified":"2025-11-04T19:04:42","modified_gmt":"2025-11-05T00:04:42","slug":"barra-de-sonido-jaltech-pro-ref-jl-511","status":"publish","type":"product","link":"https:\/\/garrcorpcomputer.com\/index.php\/producto\/barra-de-sonido-jaltech-pro-ref-jl-511\/","title":{"rendered":"Barra de sonido Jaltech Pro Ref JL-511"},"content":{"rendered":"<ul>\n<li>Bluetooth 5.0<\/li>\n<li>Super bass<\/li>\n<li>Material de lujo: madera con malla tejida<\/li>\n<li>Pantalla LED<\/li>\n<li>Control remoto<\/li>\n<li>Luces LED r\u00edtmicas<\/li>\n<li>Hasta 7 cambios de luz<\/li>\n<li>FM<\/li>\n<li>Puerto USB<\/li>\n<li>Auxiliar 3,5 mm<\/li>\n<li>Auxiliar RCA<\/li>\n<li>Ecualizador<\/li>\n<li>30W<\/li>\n<li>6 bocinas<\/li>\n<li>Adaptador de energ\u00eda: CA 110V a salida: 18V-1.5A<\/li>\n<li>Largo: 93 cm<\/li>\n<\/ul>\n","protected":false},"excerpt":{"rendered":"<p>Bluetooth 5.0 Super bass Material de lujo: madera con malla tejida Pantalla LED Control remoto Luces LED r\u00edtmicas Hasta 7 cambios de luz FM Puerto USB Auxiliar 3,5 mm Auxiliar RCA Ecualizador 30W 6 bocinas Adaptador de energ\u00eda: CA 110V a salida: 18V-1.5A Largo: 93 cm<\/p>\n","protected":false},"featured_media":6025,"comment_status":"open","ping_status":"closed","template":"","meta":{"om_disable_all_campaigns":false,"_mi_skip_tracking":false,"spay_email":"","jetpack_publicize_message":"","jetpack_is_tweetstorm":false},"product_cat":[21,53],"product_tag":[],"jetpack_publicize_connections":[],"jetpack-related-posts":[{"id":4417,"url":"https:\/\/garrcorpcomputer.com\/index.php\/producto\/diadema-gamer-led-consmo-gh-217\/","url_meta":{"origin":6024,"position":0},"title":"DIADEMA GAMER LED CONSMO GH-217","date":"30 de agosto de 2021","format":false,"excerpt":"Interfaz de 3.5 mm de 2 plug para audio y micr\u00f3fono Interfaz USB para energ\u00eda Iluminaci\u00f3n LED multicolor Micr\u00f3fono y control de volumen en auricular Banda ajustable Cable encauchetado de 2 mt conexi\u00f3n USB plug and play","rel":"","context":"Entrada similar","img":{"alt_text":"","src":"https:\/\/i1.wp.com\/garrcorpcomputer.com\/wp-content\/uploads\/2021\/08\/diadema-27.png?fit=322%2C471&ssl=1&resize=350%2C200","width":350,"height":200},"classes":[]},{"id":5777,"url":"https:\/\/garrcorpcomputer.com\/index.php\/producto\/led-strip-60l-3mtr\/","url_meta":{"origin":6024,"position":1},"title":"LED strip 60L 3MTR","date":"11 de septiembre de 2021","format":false,"excerpt":"Por tiempo limitado","rel":"","context":"Con 3 comentarios","img":{"alt_text":"","src":"https:\/\/i2.wp.com\/garrcorpcomputer.com\/wp-content\/uploads\/2021\/09\/iluminacion-4.png?fit=379%2C366&ssl=1&resize=350%2C200","width":350,"height":200},"classes":[]},{"id":5783,"url":"https:\/\/garrcorpcomputer.com\/index.php\/producto\/led-strip-60l-5mtr\/","url_meta":{"origin":6024,"position":2},"title":"LED strip 60L 5MTR","date":"11 de septiembre de 2021","format":false,"excerpt":"Por tiempo limitado","rel":"","context":"Con 2 comentarios","img":{"alt_text":"","src":"https:\/\/i2.wp.com\/garrcorpcomputer.com\/wp-content\/uploads\/2021\/09\/iluminacion-4.png?fit=379%2C366&ssl=1&resize=350%2C200","width":350,"height":200},"classes":[]},{"id":718,"url":"https:\/\/garrcorpcomputer.com\/index.php\/producto\/mouse-gamer-jx7-version-2-0-led-gamer-7d-mgjr-042\/","url_meta":{"origin":6024,"position":3},"title":"MOUSE GAMER JX7 VERSION 2.0 LED GAMER 7D MGJR-042","date":"12 de agosto de 2021","format":false,"excerpt":"","rel":"","context":"Entrada similar","img":{"alt_text":"","src":"https:\/\/i2.wp.com\/garrcorpcomputer.com\/wp-content\/uploads\/2021\/08\/Mouse-1009.png?fit=533%2C443&ssl=1&resize=350%2C200","width":350,"height":200},"classes":[]},{"id":4183,"url":"https:\/\/garrcorpcomputer.com\/index.php\/producto\/teclado-gamer-retroiluminado-rgb-led-one-hand-jyr-technology\/","url_meta":{"origin":6024,"position":4},"title":"Teclado Gamer Retroiluminado RGB Led one Hand JyR Technology","date":"28 de agosto de 2021","format":false,"excerpt":"5 teclas multimedia Cable de 1.4 mt 35 teclas Soporte para mu\u00f1eca Teclado retroiluminado Compatible con smartphone","rel":"","context":"Entrada similar","img":{"alt_text":"","src":"https:\/\/i2.wp.com\/garrcorpcomputer.com\/wp-content\/uploads\/2021\/08\/teclado-10.png?fit=374%2C503&ssl=1&resize=350%2C200","width":350,"height":200},"classes":[]},{"id":5771,"url":"https:\/\/garrcorpcomputer.com\/index.php\/producto\/led-strip-30l-3mtr\/","url_meta":{"origin":6024,"position":5},"title":"LED strip 30L 3MTR","date":"11 de septiembre de 2021","format":false,"excerpt":"Resistente al agua Por tiempo limitado","rel":"","context":"Con 2 comentarios","img":{"alt_text":"","src":"https:\/\/i1.wp.com\/garrcorpcomputer.com\/wp-content\/uploads\/2021\/09\/iluminacion-3.png?fit=281%2C273&ssl=1&resize=350%2C200","width":350,"height":200},"classes":[]}],"jetpack_sharing_enabled":true,"_links":{"self":[{"href":"https:\/\/garrcorpcomputer.com\/index.php\/wp-json\/wp\/v2\/product\/6024"}],"collection":[{"href":"https:\/\/garrcorpcomputer.com\/index.php\/wp-json\/wp\/v2\/product"}],"about":[{"href":"https:\/\/garrcorpcomputer.com\/index.php\/wp-json\/wp\/v2\/types\/product"}],"replies":[{"embeddable":true,"href":"https:\/\/garrcorpcomputer.com\/index.php\/wp-json\/wp\/v2\/comments?post=6024"}],"version-history":[{"count":2,"href":"https:\/\/garrcorpcomputer.com\/index.php\/wp-json\/wp\/v2\/product\/6024\/revisions"}],"predecessor-version":[{"id":6027,"href":"https:\/\/garrcorpcomputer.com\/index.php\/wp-json\/wp\/v2\/product\/6024\/revisions\/6027"}],"wp:featuredmedia":[{"embeddable":true,"href":"https:\/\/garrcorpcomputer.com\/index.php\/wp-json\/wp\/v2\/media\/6025"}],"wp:attachment":[{"href":"https:\/\/garrcorpcomputer.com\/index.php\/wp-json\/wp\/v2\/media?parent=6024"}],"wp:term":[{"taxonomy":"product_cat","embeddable":true,"href":"https:\/\/garrcorpcomputer.com\/index.php\/wp-json\/wp\/v2\/product_cat?post=6024"},{"taxonomy":"product_tag","embeddable":true,"href":"https:\/\/garrcorpcomputer.com\/index.php\/wp-json\/wp\/v2\/product_tag?post=6024"}],"curies":[{"name":"wp","href":"https:\/\/api.w.org\/{rel}","templated":true}]}}