{"id":6107,"date":"2022-03-07T10:01:44","date_gmt":"2022-03-07T15:01:44","guid":{"rendered":"https:\/\/garrcorpcomputer.com\/?post_type=product&#038;p=6107"},"modified":"2025-11-04T23:18:41","modified_gmt":"2025-11-05T04:18:41","slug":"prueba-pago","status":"publish","type":"product","link":"https:\/\/garrcorpcomputer.com\/index.php\/producto\/prueba-pago\/","title":{"rendered":"prueba pago"},"content":{"rendered":"","protected":false},"excerpt":{"rendered":"<p>prueba epayco<\/p>\n","protected":false},"featured_media":0,"comment_status":"open","ping_status":"closed","template":"","meta":{"om_disable_all_campaigns":false,"_mi_skip_tracking":false,"spay_email":"","jetpack_publicize_message":"","jetpack_is_tweetstorm":false},"product_cat":[75],"product_tag":[],"jetpack_publicize_connections":[],"jetpack-related-posts":[{"id":5751,"url":"https:\/\/garrcorpcomputer.com\/index.php\/producto\/teclado-usb-gamer-tech-gtx80t\/","url_meta":{"origin":6107,"position":0},"title":"Teclado USB Gamer Tech GTX80T","date":"10 de septiembre de 2021","format":false,"excerpt":"Teclado mec\u00e1nico gamer pro Retroiluminado super RGB Teclas de interruptor mec\u00e1nico de eje azul para juegos Teclas resistentes hasta 50 millones de pulsaciones \u00a0Letras grabadas para evitar desgaste Cambio de patr\u00f3n de luces hasta 10 modos Teclado a prueba de salpicaduras \u00c1ngulo ajustable 12 teclas de acceso directo a multimedia\u2026","rel":"","context":"Entrada similar","img":{"alt_text":"","src":"https:\/\/i0.wp.com\/garrcorpcomputer.com\/wp-content\/uploads\/2021\/09\/teclado-gamer-2.png?fit=432%2C281&ssl=1&resize=350%2C200","width":350,"height":200},"classes":[]},{"id":4117,"url":"https:\/\/garrcorpcomputer.com\/index.php\/producto\/impresora-ricoh-mp-301spf-remanufacturada\/","url_meta":{"origin":6107,"position":1},"title":"IMPRESORA RICOH MP 301SPF (REMANUFACTURADA)","date":"27 de agosto de 2021","format":false,"excerpt":"Consumo t\u00edpico de energ\u00eda (TEC) 0,696 kWh \/ semana El valor TEC se mide en base al m\u00e9todo de prueba ENERGY STAR Ver.3.0. Motor \/ Especificaciones generales Configuracion Escritorio Elemento de escaneo Plataforma con elemento de sensor de imagen y conjunto CCD Proceso de impresi\u00f3n Impresi\u00f3n electrofotogr\u00e1fica y escaneo \/\u2026","rel":"","context":"Entrada similar","img":{"alt_text":"","src":"https:\/\/i0.wp.com\/garrcorpcomputer.com\/wp-content\/uploads\/2021\/08\/WhatsApp-Image-2021-08-27-at-4.04.37-PM.jpeg?fit=600%2C1200&ssl=1&resize=350%2C200","width":350,"height":200},"classes":[]}],"jetpack_sharing_enabled":true,"_links":{"self":[{"href":"https:\/\/garrcorpcomputer.com\/index.php\/wp-json\/wp\/v2\/product\/6107"}],"collection":[{"href":"https:\/\/garrcorpcomputer.com\/index.php\/wp-json\/wp\/v2\/product"}],"about":[{"href":"https:\/\/garrcorpcomputer.com\/index.php\/wp-json\/wp\/v2\/types\/product"}],"replies":[{"embeddable":true,"href":"https:\/\/garrcorpcomputer.com\/index.php\/wp-json\/wp\/v2\/comments?post=6107"}],"version-history":[{"count":1,"href":"https:\/\/garrcorpcomputer.com\/index.php\/wp-json\/wp\/v2\/product\/6107\/revisions"}],"predecessor-version":[{"id":6108,"href":"https:\/\/garrcorpcomputer.com\/index.php\/wp-json\/wp\/v2\/product\/6107\/revisions\/6108"}],"wp:attachment":[{"href":"https:\/\/garrcorpcomputer.com\/index.php\/wp-json\/wp\/v2\/media?parent=6107"}],"wp:term":[{"taxonomy":"product_cat","embeddable":true,"href":"https:\/\/garrcorpcomputer.com\/index.php\/wp-json\/wp\/v2\/product_cat?post=6107"},{"taxonomy":"product_tag","embeddable":true,"href":"https:\/\/garrcorpcomputer.com\/index.php\/wp-json\/wp\/v2\/product_tag?post=6107"}],"curies":[{"name":"wp","href":"https:\/\/api.w.org\/{rel}","templated":true}]}}