{"id":6117,"date":"2022-04-29T12:04:42","date_gmt":"2022-04-29T17:04:42","guid":{"rendered":"https:\/\/garrcorpcomputer.com\/?post_type=product&#038;p=6117"},"modified":"2025-11-04T22:09:55","modified_gmt":"2025-11-05T03:09:55","slug":"equipo-power-group-g10380hsm","status":"publish","type":"product","link":"https:\/\/garrcorpcomputer.com\/index.php\/producto\/equipo-power-group-g10380hsm\/","title":{"rendered":"EQUIPO POWER GROUP G10380HSM"},"content":{"rendered":"<p><img loading=\"lazy\" class=\"alignnone size-medium wp-image-6119\" src=\"https:\/\/i2.wp.com\/garrcorpcomputer.com\/wp-content\/uploads\/2022\/04\/V246HQL_A_gallery_02.png?resize=180%2C163&#038;ssl=1\" alt=\"\" width=\"180\" height=\"163\" srcset=\"https:\/\/i2.wp.com\/garrcorpcomputer.com\/wp-content\/uploads\/2022\/04\/V246HQL_A_gallery_02.png?resize=180%2C163&amp;ssl=1 180w, https:\/\/i2.wp.com\/garrcorpcomputer.com\/wp-content\/uploads\/2022\/04\/V246HQL_A_gallery_02.png?resize=300%2C271&amp;ssl=1 300w, https:\/\/i2.wp.com\/garrcorpcomputer.com\/wp-content\/uploads\/2022\/04\/V246HQL_A_gallery_02.png?w=553&amp;ssl=1 553w\" sizes=\"(max-width: 180px) 100vw, 180px\" data-recalc-dims=\"1\" \/> <img loading=\"lazy\" class=\"alignnone size-medium wp-image-6120\" src=\"https:\/\/i2.wp.com\/garrcorpcomputer.com\/wp-content\/uploads\/2022\/04\/V246HQL_A_gallery_03.png?resize=180%2C163&#038;ssl=1\" alt=\"\" width=\"180\" height=\"163\" srcset=\"https:\/\/i2.wp.com\/garrcorpcomputer.com\/wp-content\/uploads\/2022\/04\/V246HQL_A_gallery_03.png?resize=180%2C163&amp;ssl=1 180w, https:\/\/i2.wp.com\/garrcorpcomputer.com\/wp-content\/uploads\/2022\/04\/V246HQL_A_gallery_03.png?resize=300%2C271&amp;ssl=1 300w, https:\/\/i2.wp.com\/garrcorpcomputer.com\/wp-content\/uploads\/2022\/04\/V246HQL_A_gallery_03.png?w=553&amp;ssl=1 553w\" sizes=\"(max-width: 180px) 100vw, 180px\" data-recalc-dims=\"1\" \/> <img loading=\"lazy\" class=\"alignnone size-medium wp-image-6121\" src=\"https:\/\/i1.wp.com\/garrcorpcomputer.com\/wp-content\/uploads\/2022\/04\/V246HQL_A_gallery_04.png?resize=180%2C163&#038;ssl=1\" alt=\"\" width=\"180\" height=\"163\" srcset=\"https:\/\/i1.wp.com\/garrcorpcomputer.com\/wp-content\/uploads\/2022\/04\/V246HQL_A_gallery_04.png?resize=180%2C163&amp;ssl=1 180w, https:\/\/i1.wp.com\/garrcorpcomputer.com\/wp-content\/uploads\/2022\/04\/V246HQL_A_gallery_04.png?resize=300%2C271&amp;ssl=1 300w, https:\/\/i1.wp.com\/garrcorpcomputer.com\/wp-content\/uploads\/2022\/04\/V246HQL_A_gallery_04.png?w=553&amp;ssl=1 553w\" sizes=\"(max-width: 180px) 100vw, 180px\" data-recalc-dims=\"1\" \/> <img loading=\"lazy\" class=\"alignnone size-medium wp-image-6122\" src=\"https:\/\/i1.wp.com\/garrcorpcomputer.com\/wp-content\/uploads\/2022\/04\/V246HQL_A_gallery_05.png?resize=180%2C163&#038;ssl=1\" alt=\"\" width=\"180\" height=\"163\" srcset=\"https:\/\/i1.wp.com\/garrcorpcomputer.com\/wp-content\/uploads\/2022\/04\/V246HQL_A_gallery_05.png?resize=180%2C163&amp;ssl=1 180w, https:\/\/i1.wp.com\/garrcorpcomputer.com\/wp-content\/uploads\/2022\/04\/V246HQL_A_gallery_05.png?resize=300%2C271&amp;ssl=1 300w, https:\/\/i1.wp.com\/garrcorpcomputer.com\/wp-content\/uploads\/2022\/04\/V246HQL_A_gallery_05.png?w=553&amp;ssl=1 553w\" sizes=\"(max-width: 180px) 100vw, 180px\" data-recalc-dims=\"1\" \/> <img loading=\"lazy\" class=\"alignnone size-medium wp-image-6123\" src=\"https:\/\/i1.wp.com\/garrcorpcomputer.com\/wp-content\/uploads\/2022\/04\/V246HQL_A_gallery_06.png?resize=180%2C163&#038;ssl=1\" alt=\"\" width=\"180\" height=\"163\" srcset=\"https:\/\/i1.wp.com\/garrcorpcomputer.com\/wp-content\/uploads\/2022\/04\/V246HQL_A_gallery_06.png?resize=180%2C163&amp;ssl=1 180w, https:\/\/i1.wp.com\/garrcorpcomputer.com\/wp-content\/uploads\/2022\/04\/V246HQL_A_gallery_06.png?resize=300%2C271&amp;ssl=1 300w, https:\/\/i1.wp.com\/garrcorpcomputer.com\/wp-content\/uploads\/2022\/04\/V246HQL_A_gallery_06.png?w=553&amp;ssl=1 553w\" sizes=\"(max-width: 180px) 100vw, 180px\" data-recalc-dims=\"1\" \/> <img loading=\"lazy\" class=\"alignnone size-medium wp-image-6124\" src=\"https:\/\/i1.wp.com\/garrcorpcomputer.com\/wp-content\/uploads\/2022\/04\/x10.png?resize=137%2C180&#038;ssl=1\" alt=\"\" width=\"137\" height=\"180\" srcset=\"https:\/\/i1.wp.com\/garrcorpcomputer.com\/wp-content\/uploads\/2022\/04\/x10.png?resize=137%2C180&amp;ssl=1 137w, https:\/\/i1.wp.com\/garrcorpcomputer.com\/wp-content\/uploads\/2022\/04\/x10.png?resize=300%2C395&amp;ssl=1 300w, https:\/\/i1.wp.com\/garrcorpcomputer.com\/wp-content\/uploads\/2022\/04\/x10.png?w=333&amp;ssl=1 333w\" sizes=\"(max-width: 137px) 100vw, 137px\" data-recalc-dims=\"1\" \/><\/p>\n<p>EQUIPO POWER GROUP<br \/>\nG10380HSM<br \/>\nCaja ATX: X08<br \/>\nProcesador: INTEL CORE I3-10105 3.70GHZ Board: ASUS PRIME H410M-E<br \/>\nMemoria: ADATA XPG GAMMIX D10 8GB DDR4 3000MHZ<br \/>\nAlmacenamiento: SSD HP 250GB M.2 PCIe Combo: Teclado y mouse<br \/>\nOS: LINUX<br \/>\nMonitor: ACER V206HQL 19.5&#8243; HDMI<\/p>\n","protected":false},"excerpt":{"rendered":"<p>EQUIPO POWER GROUP G10380HSM Caja ATX: X08 Procesador: INTEL CORE I3-10105 3.70GHZ Board: ASUS PRIME H410M-E Memoria: ADATA XPG GAMMIX D10 8GB DDR4 3000MHZ Almacenamiento: SSD HP 250GB M.2 PCIe Combo: Teclado y mouse OS: LINUX Monitor: ACER V206HQL 19.5&#8243; HDMI<\/p>\n","protected":false},"featured_media":0,"comment_status":"open","ping_status":"closed","template":"","meta":{"om_disable_all_campaigns":false,"_mi_skip_tracking":false,"spay_email":"","jetpack_publicize_message":"","jetpack_is_tweetstorm":false},"product_cat":[18],"product_tag":[],"jetpack_publicize_connections":[],"jetpack-related-posts":[{"id":4349,"url":"https:\/\/garrcorpcomputer.com\/index.php\/producto\/combo-teclado-y-mouse-usb-g10\/","url_meta":{"origin":6117,"position":0},"title":"COMBO TECLADO Y MOUSE USB G10","date":"30 de agosto de 2021","format":false,"excerpt":"MOUSE 2 BOTONES + SCROLL LECTOR \u00d3PTICO 1000 DPI TECLADO EN ESPA\u00d1OL 108 TECLAS CON IMPRESI\u00d3N L\u00c1SER CONEXI\u00d3N USB PLUG AND PLAY","rel":"","context":"Entrada similar","img":{"alt_text":"","src":"https:\/\/i1.wp.com\/garrcorpcomputer.com\/wp-content\/uploads\/2021\/08\/TECLADO-4-2.png?fit=756%2C282&ssl=1&resize=350%2C200","width":350,"height":200},"classes":[]},{"id":5805,"url":"https:\/\/garrcorpcomputer.com\/index.php\/producto\/base-refrigerante-superslim\/","url_meta":{"origin":6117,"position":1},"title":"Base refrigerante superslim","date":"11 de septiembre de 2021","format":false,"excerpt":"1 Ventilador Ultra delgada Ideal para equipos entre 10\u201d y 14\u201d","rel":"","context":"Con 1 comentario","img":{"alt_text":"","src":"","width":0,"height":0},"classes":[]},{"id":5815,"url":"https:\/\/garrcorpcomputer.com\/index.php\/producto\/base-refrigerante-evolution\/","url_meta":{"origin":6117,"position":2},"title":"Base refrigerante evolution","date":"11 de septiembre de 2021","format":false,"excerpt":"1 ventilador 2 conexiones USB Reclinable Ideal para equipos entre 10\u201d y 16\u201d","rel":"","context":"Con 1 comentario","img":{"alt_text":"","src":"https:\/\/i1.wp.com\/garrcorpcomputer.com\/wp-content\/uploads\/2021\/09\/base-refrigerante-6.png?fit=252%2C231&ssl=1&resize=350%2C200","width":350,"height":200},"classes":[]},{"id":5808,"url":"https:\/\/garrcorpcomputer.com\/index.php\/producto\/base-refrigerante-ergo-black\/","url_meta":{"origin":6117,"position":3},"title":"Base refrigerante ergo black","date":"11 de septiembre de 2021","format":false,"excerpt":"1 ventilador 2 conexiones USB reclinable Ideal para equipos entre 10\u201d y 16\u201d","rel":"","context":"Con 2 comentarios","img":{"alt_text":"","src":"","width":0,"height":0},"classes":[]},{"id":5811,"url":"https:\/\/garrcorpcomputer.com\/index.php\/producto\/base-refrigerante-reclinable-t\/","url_meta":{"origin":6117,"position":4},"title":"Base refrigerante reclinable T","date":"11 de septiembre de 2021","format":false,"excerpt":"1 ventilador 2 conexiones USB Reclinable Ideal para equipos entre 10\u201d y 16\u201d","rel":"","context":"Con 1 comentario","img":{"alt_text":"","src":"https:\/\/i2.wp.com\/garrcorpcomputer.com\/wp-content\/uploads\/2021\/09\/base-refrigerante-5.png?fit=321%2C215&ssl=1&resize=350%2C200","width":350,"height":200},"classes":[]},{"id":4425,"url":"https:\/\/garrcorpcomputer.com\/index.php\/producto\/base-refrigerante-consmo-f528\/","url_meta":{"origin":6117,"position":5},"title":"BASE REFRIGERANTE CONSMO F528","date":"30 de agosto de 2021","format":false,"excerpt":"soporta equipos hasta 14 pulgadas Iluminaci\u00f3n Led Ventilador ultra silencioso Conexi\u00f3n USB plug and play","rel":"","context":"Entrada similar","img":{"alt_text":"","src":"https:\/\/i0.wp.com\/garrcorpcomputer.com\/wp-content\/uploads\/2021\/08\/base-refrigerante-2.png?fit=362%2C307&ssl=1&resize=350%2C200","width":350,"height":200},"classes":[]}],"jetpack_sharing_enabled":true,"_links":{"self":[{"href":"https:\/\/garrcorpcomputer.com\/index.php\/wp-json\/wp\/v2\/product\/6117"}],"collection":[{"href":"https:\/\/garrcorpcomputer.com\/index.php\/wp-json\/wp\/v2\/product"}],"about":[{"href":"https:\/\/garrcorpcomputer.com\/index.php\/wp-json\/wp\/v2\/types\/product"}],"replies":[{"embeddable":true,"href":"https:\/\/garrcorpcomputer.com\/index.php\/wp-json\/wp\/v2\/comments?post=6117"}],"version-history":[{"count":3,"href":"https:\/\/garrcorpcomputer.com\/index.php\/wp-json\/wp\/v2\/product\/6117\/revisions"}],"predecessor-version":[{"id":6126,"href":"https:\/\/garrcorpcomputer.com\/index.php\/wp-json\/wp\/v2\/product\/6117\/revisions\/6126"}],"wp:attachment":[{"href":"https:\/\/garrcorpcomputer.com\/index.php\/wp-json\/wp\/v2\/media?parent=6117"}],"wp:term":[{"taxonomy":"product_cat","embeddable":true,"href":"https:\/\/garrcorpcomputer.com\/index.php\/wp-json\/wp\/v2\/product_cat?post=6117"},{"taxonomy":"product_tag","embeddable":true,"href":"https:\/\/garrcorpcomputer.com\/index.php\/wp-json\/wp\/v2\/product_tag?post=6117"}],"curies":[{"name":"wp","href":"https:\/\/api.w.org\/{rel}","templated":true}]}}