{"id":716,"date":"2021-08-12T18:45:50","date_gmt":"2021-08-12T18:45:50","guid":{"rendered":"https:\/\/garrcorpcomputer.com\/?post_type=product&#038;p=716"},"modified":"2021-09-10T15:20:43","modified_gmt":"2021-09-10T20:20:43","slug":"mouse-gamertech-ace-gt13-ref-11006","status":"publish","type":"product","link":"https:\/\/garrcorpcomputer.com\/index.php\/producto\/mouse-gamertech-ace-gt13-ref-11006\/","title":{"rendered":"MOUSE GAMERTECH ACE GT13 REF 11006"},"content":{"rendered":"<ul>\n<li>Iluminaci\u00f3n LED de colores RGB con software<\/li>\n<li>Retro iluminado con cambio de luces<\/li>\n<li>8 botones programables atreves del software<\/li>\n<li>Dise\u00f1o GAMER de lujo<\/li>\n<li>Mouse USB para juegos personalizado 8D<\/li>\n<li>DPI: 1200\/2400\/4800\/7200<\/li>\n<li>Conexi\u00f3n USB<\/li>\n<li>Voltaje nominal: 5V<\/li>\n<li>Longitud del cable: 1,4 m<\/li>\n<\/ul>\n","protected":false},"excerpt":{"rendered":"<p>Iluminaci\u00f3n LED de colores RGB con software Retro iluminado con cambio de luces 8 botones programables atreves del software Dise\u00f1o GAMER de lujo Mouse USB para juegos personalizado 8D DPI: 1200\/2400\/4800\/7200 Conexi\u00f3n USB Voltaje nominal: 5V Longitud del cable: 1,4 m<\/p>\n","protected":false},"featured_media":717,"comment_status":"closed","ping_status":"closed","template":"","meta":{"om_disable_all_campaigns":false,"_mi_skip_tracking":false,"spay_email":"","jetpack_publicize_message":"","jetpack_is_tweetstorm":false},"product_cat":[328,339],"product_tag":[],"jetpack_publicize_connections":[],"jetpack-related-posts":[{"id":714,"url":"https:\/\/garrcorpcomputer.com\/index.php\/producto\/mouse-gamertech-rusher-gt12\/","url_meta":{"origin":716,"position":0},"title":"MOUSE GAMER TECH RUSHER GT12","date":"12 de agosto de 2021","format":false,"excerpt":"Iluminaci\u00f3n LED de colores RGB\u00a0con software 7 botones programables atreves del software Retro iluminado con cambio de luces Dise\u00f1o GAMER de lujo Mouse USB para juegos personalizado 7D DPI: 1200\/2400\/4800\/7200 Conexi\u00f3n USB Voltaje nominal: 5V Longitud del cable: 1,4 m","rel":"","context":"Entrada similar","img":{"alt_text":"","src":"https:\/\/i2.wp.com\/garrcorpcomputer.com\/wp-content\/uploads\/2021\/08\/Mouse-1068.png?fit=533%2C454&ssl=1&resize=350%2C200","width":350,"height":200},"classes":[]},{"id":4380,"url":"https:\/\/garrcorpcomputer.com\/index.php\/producto\/mouse-usb-consmo-cp87\/","url_meta":{"origin":716,"position":1},"title":"MOUSE USB CONSMO CP87","date":"30 de agosto de 2021","format":false,"excerpt":"Mouse con sensor \u00f3ptico 2 botones + scroll 1200 DPI Cable 1.5 mt Conexi\u00f3n USB plug and play","rel":"","context":"Entrada similar","img":{"alt_text":"","src":"https:\/\/i2.wp.com\/garrcorpcomputer.com\/wp-content\/uploads\/2021\/08\/mouse-10-1.png?fit=422%2C442&ssl=1&resize=350%2C200","width":350,"height":200},"classes":[]},{"id":4377,"url":"https:\/\/garrcorpcomputer.com\/index.php\/producto\/mouse-sencillo-usb-consmo-mt-220\/","url_meta":{"origin":716,"position":2},"title":"MOUSE SENCILLO USB CONSMO MT-220","date":"30 de agosto de 2021","format":false,"excerpt":"Mouse \u00f3ptico 2 botones + scroll 800 DPI Conexi\u00f3n USB plug and play","rel":"","context":"Entrada similar","img":{"alt_text":"","src":"https:\/\/i0.wp.com\/garrcorpcomputer.com\/wp-content\/uploads\/2021\/08\/mouse-9-1.png?fit=398%2C483&ssl=1&resize=350%2C200","width":350,"height":200},"classes":[]},{"id":4349,"url":"https:\/\/garrcorpcomputer.com\/index.php\/producto\/combo-teclado-y-mouse-usb-g10\/","url_meta":{"origin":716,"position":3},"title":"COMBO TECLADO Y MOUSE USB G10","date":"30 de agosto de 2021","format":false,"excerpt":"MOUSE 2 BOTONES + SCROLL LECTOR \u00d3PTICO 1000 DPI TECLADO EN ESPA\u00d1OL 108 TECLAS CON IMPRESI\u00d3N L\u00c1SER CONEXI\u00d3N USB PLUG AND PLAY","rel":"","context":"Entrada similar","img":{"alt_text":"","src":"https:\/\/i1.wp.com\/garrcorpcomputer.com\/wp-content\/uploads\/2021\/08\/TECLADO-4-2.png?fit=756%2C282&ssl=1&resize=350%2C200","width":350,"height":200},"classes":[]},{"id":696,"url":"https:\/\/garrcorpcomputer.com\/index.php\/producto\/mouse-usb-gamer-tech-gt6-10895\/","url_meta":{"origin":716,"position":4},"title":"MOUSE USB GAMER TECH GT6 10895","date":"12 de agosto de 2021","format":false,"excerpt":"3200 DPI 7 botones Led RGB USB","rel":"","context":"Entrada similar","img":{"alt_text":"","src":"https:\/\/i1.wp.com\/garrcorpcomputer.com\/wp-content\/uploads\/2021\/08\/MOUSE-1012.png?fit=535%2C485&ssl=1&resize=350%2C200","width":350,"height":200},"classes":[]},{"id":5755,"url":"https:\/\/garrcorpcomputer.com\/index.php\/producto\/combo-usb-teclado-y-mouse-gamer-t-gt680c\/","url_meta":{"origin":716,"position":5},"title":"Combo USB Teclado y mouse Gamer T GT680c","date":"10 de septiembre de 2021","format":false,"excerpt":"Combo teclado y mouse gamer Cambio de luces ON\/OFF Cable USB alta calidad con filtro Mouse retoiluminado 105 teclas 12 teclas de acceso directo a multimedia Teclado RGB","rel":"","context":"Entrada similar","img":{"alt_text":"","src":"https:\/\/i0.wp.com\/garrcorpcomputer.com\/wp-content\/uploads\/2021\/09\/combo-gamer-12.png?fit=430%2C238&ssl=1&resize=350%2C200","width":350,"height":200},"classes":[]}],"jetpack_sharing_enabled":true,"_links":{"self":[{"href":"https:\/\/garrcorpcomputer.com\/index.php\/wp-json\/wp\/v2\/product\/716"}],"collection":[{"href":"https:\/\/garrcorpcomputer.com\/index.php\/wp-json\/wp\/v2\/product"}],"about":[{"href":"https:\/\/garrcorpcomputer.com\/index.php\/wp-json\/wp\/v2\/types\/product"}],"replies":[{"embeddable":true,"href":"https:\/\/garrcorpcomputer.com\/index.php\/wp-json\/wp\/v2\/comments?post=716"}],"version-history":[{"count":0,"href":"https:\/\/garrcorpcomputer.com\/index.php\/wp-json\/wp\/v2\/product\/716\/revisions"}],"wp:featuredmedia":[{"embeddable":true,"href":"https:\/\/garrcorpcomputer.com\/index.php\/wp-json\/wp\/v2\/media\/717"}],"wp:attachment":[{"href":"https:\/\/garrcorpcomputer.com\/index.php\/wp-json\/wp\/v2\/media?parent=716"}],"wp:term":[{"taxonomy":"product_cat","embeddable":true,"href":"https:\/\/garrcorpcomputer.com\/index.php\/wp-json\/wp\/v2\/product_cat?post=716"},{"taxonomy":"product_tag","embeddable":true,"href":"https:\/\/garrcorpcomputer.com\/index.php\/wp-json\/wp\/v2\/product_tag?post=716"}],"curies":[{"name":"wp","href":"https:\/\/api.w.org\/{rel}","templated":true}]}}