{"id":718,"date":"2021-08-12T18:51:22","date_gmt":"2021-08-12T18:51:22","guid":{"rendered":"https:\/\/garrcorpcomputer.com\/?post_type=product&#038;p=718"},"modified":"2021-09-10T15:22:07","modified_gmt":"2021-09-10T20:22:07","slug":"mouse-gamer-jx7-version-2-0-led-gamer-7d-mgjr-042","status":"publish","type":"product","link":"https:\/\/garrcorpcomputer.com\/index.php\/producto\/mouse-gamer-jx7-version-2-0-led-gamer-7d-mgjr-042\/","title":{"rendered":"MOUSE GAMER JX7 VERSION 2.0 LED GAMER 7D MGJR-042"},"content":{"rendered":"","protected":false},"excerpt":{"rendered":"","protected":false},"featured_media":720,"comment_status":"closed","ping_status":"closed","template":"","meta":{"om_disable_all_campaigns":false,"_mi_skip_tracking":false,"spay_email":"","jetpack_publicize_message":"","jetpack_is_tweetstorm":false},"product_cat":[328,339],"product_tag":[],"jetpack_publicize_connections":[],"jetpack-related-posts":[{"id":714,"url":"https:\/\/garrcorpcomputer.com\/index.php\/producto\/mouse-gamertech-rusher-gt12\/","url_meta":{"origin":718,"position":0},"title":"MOUSE GAMER TECH RUSHER GT12","date":"12 de agosto de 2021","format":false,"excerpt":"Iluminaci\u00f3n LED de colores RGB\u00a0con software 7 botones programables atreves del software Retro iluminado con cambio de luces Dise\u00f1o GAMER de lujo Mouse USB para juegos personalizado 7D DPI: 1200\/2400\/4800\/7200 Conexi\u00f3n USB Voltaje nominal: 5V Longitud del cable: 1,4 m","rel":"","context":"Entrada similar","img":{"alt_text":"","src":"https:\/\/i2.wp.com\/garrcorpcomputer.com\/wp-content\/uploads\/2021\/08\/Mouse-1068.png?fit=533%2C454&ssl=1&resize=350%2C200","width":350,"height":200},"classes":[]},{"id":712,"url":"https:\/\/garrcorpcomputer.com\/index.php\/producto\/mouse-gamertech-sniper-gt11-ref-11004\/","url_meta":{"origin":718,"position":1},"title":"MOUSE GAMERTECH SNIPER GT11 REF 11004","date":"12 de agosto de 2021","format":false,"excerpt":"Iluminaci\u00f3n LED de colores RGB. 7 botones Retro iluminado con cambio de luces Dise\u00f1o GAMER de lujo Mouse USB para juegos\u00a0personalizado 7D DPI: 800 \/ 1600 \/ 2400 \/ 3200 \/ 4800 \/ 6400 Conexi\u00f3n USB Voltaje nominal: 5V Longitud del cable: 1,4 m","rel":"","context":"Entrada similar","img":{"alt_text":"","src":"https:\/\/i2.wp.com\/garrcorpcomputer.com\/wp-content\/uploads\/2021\/08\/Mouse-1020.png?fit=530%2C471&ssl=1&resize=350%2C200","width":350,"height":200},"classes":[]},{"id":4292,"url":"https:\/\/garrcorpcomputer.com\/index.php\/producto\/combo-gamer-4-en-1-teclado-pad-mouse-mouse-y-altavoces-jrgb-jr-ctmgjr-013\/","url_meta":{"origin":718,"position":2},"title":"Combo Gamer 4 en 1 (Teclado, Pad Mouse, Mouse y altavoces JRGB J&#038;R CTMGJR-013","date":"29 de agosto de 2021","format":false,"excerpt":"11 TECLAS MULTIMEDIA MOUSE 7D 7BOTONES DPI AJUSTABLE (800 - 4800) MOUSE PAD PROFESIONAL ALTAVOCES USB CON EXCELENTE CALIDAD DE SONIDO E ILUMINACI\u00d3N","rel":"","context":"Entrada similar","img":{"alt_text":"","src":"https:\/\/i1.wp.com\/garrcorpcomputer.com\/wp-content\/uploads\/2021\/08\/combo-gamer-3.png?fit=582%2C393&ssl=1&resize=350%2C200","width":350,"height":200},"classes":[]},{"id":4336,"url":"https:\/\/garrcorpcomputer.com\/index.php\/producto\/combo-mouse-pad-gamer-tech-gtx7c-ref-10954\/","url_meta":{"origin":718,"position":3},"title":"Combo Mouse Pad Gamer TECH GTX7C REF 10954","date":"30 de agosto de 2021","format":false,"excerpt":"Mouse para juegos 7d IC: 601 DPI: 800 \/ 1600 \/ 2000 \/ 2400 DPI, 7 respiraci\u00f3n de deslumbramiento de color Longitud del cable: 1,5 mts Vida \u00fatil: 3 millones de veces Tensi\u00f3n nominal: 5V Corrientes nominal: 100ma Pad mouse Tama\u00f1o: 287x244x2 mm La estructura de telara\u00f1a de alta densidad\u2026","rel":"","context":"Entrada similar","img":{"alt_text":"","src":"https:\/\/i2.wp.com\/garrcorpcomputer.com\/wp-content\/uploads\/2021\/08\/COMBO-GAMER-9-1.png?fit=491%2C532&ssl=1&resize=350%2C200","width":350,"height":200},"classes":[]},{"id":721,"url":"https:\/\/garrcorpcomputer.com\/index.php\/producto\/mouse-gamer-n3-ref-0113196\/","url_meta":{"origin":718,"position":4},"title":"MOUSE GAMER N3 REF 0113196","date":"12 de agosto de 2021","format":false,"excerpt":"Al\u00e1mbrico Retroiluminaci\u00f3n Led","rel":"","context":"Entrada similar","img":{"alt_text":"","src":"https:\/\/i0.wp.com\/garrcorpcomputer.com\/wp-content\/uploads\/2021\/08\/Mouse-1014.png?fit=531%2C524&ssl=1&resize=350%2C200","width":350,"height":200},"classes":[]},{"id":696,"url":"https:\/\/garrcorpcomputer.com\/index.php\/producto\/mouse-usb-gamer-tech-gt6-10895\/","url_meta":{"origin":718,"position":5},"title":"MOUSE USB GAMER TECH GT6 10895","date":"12 de agosto de 2021","format":false,"excerpt":"3200 DPI 7 botones Led RGB USB","rel":"","context":"Entrada similar","img":{"alt_text":"","src":"https:\/\/i1.wp.com\/garrcorpcomputer.com\/wp-content\/uploads\/2021\/08\/MOUSE-1012.png?fit=535%2C485&ssl=1&resize=350%2C200","width":350,"height":200},"classes":[]}],"jetpack_sharing_enabled":true,"_links":{"self":[{"href":"https:\/\/garrcorpcomputer.com\/index.php\/wp-json\/wp\/v2\/product\/718"}],"collection":[{"href":"https:\/\/garrcorpcomputer.com\/index.php\/wp-json\/wp\/v2\/product"}],"about":[{"href":"https:\/\/garrcorpcomputer.com\/index.php\/wp-json\/wp\/v2\/types\/product"}],"replies":[{"embeddable":true,"href":"https:\/\/garrcorpcomputer.com\/index.php\/wp-json\/wp\/v2\/comments?post=718"}],"version-history":[{"count":0,"href":"https:\/\/garrcorpcomputer.com\/index.php\/wp-json\/wp\/v2\/product\/718\/revisions"}],"wp:featuredmedia":[{"embeddable":true,"href":"https:\/\/garrcorpcomputer.com\/index.php\/wp-json\/wp\/v2\/media\/720"}],"wp:attachment":[{"href":"https:\/\/garrcorpcomputer.com\/index.php\/wp-json\/wp\/v2\/media?parent=718"}],"wp:term":[{"taxonomy":"product_cat","embeddable":true,"href":"https:\/\/garrcorpcomputer.com\/index.php\/wp-json\/wp\/v2\/product_cat?post=718"},{"taxonomy":"product_tag","embeddable":true,"href":"https:\/\/garrcorpcomputer.com\/index.php\/wp-json\/wp\/v2\/product_tag?post=718"}],"curies":[{"name":"wp","href":"https:\/\/api.w.org\/{rel}","templated":true}]}}