{"id":724,"date":"2021-08-12T19:01:03","date_gmt":"2021-08-12T19:01:03","guid":{"rendered":"https:\/\/garrcorpcomputer.com\/?post_type=product&#038;p=724"},"modified":"2021-09-10T15:27:23","modified_gmt":"2021-09-10T20:27:23","slug":"mouse-gamer-havit-hv-hv-ms1018-ref-0113207","status":"publish","type":"product","link":"https:\/\/garrcorpcomputer.com\/index.php\/producto\/mouse-gamer-havit-hv-hv-ms1018-ref-0113207\/","title":{"rendered":"MOUSE GAMER HAVIT HV HV-MS1018 REF 0113207"},"content":{"rendered":"<ul>\n<li>6 botones<\/li>\n<li>3200 DPI<\/li>\n<\/ul>\n","protected":false},"excerpt":{"rendered":"<p>6 botones 3200 DPI<\/p>\n","protected":false},"featured_media":725,"comment_status":"closed","ping_status":"closed","template":"","meta":{"om_disable_all_campaigns":false,"_mi_skip_tracking":false,"spay_email":"","jetpack_publicize_message":"","jetpack_is_tweetstorm":false},"product_cat":[328,339],"product_tag":[],"jetpack_publicize_connections":[],"jetpack-related-posts":[{"id":4215,"url":"https:\/\/garrcorpcomputer.com\/index.php\/producto\/diadema-gamer-havit-hv-h2232d-ref-0108230\/","url_meta":{"origin":724,"position":0},"title":"Diadema Gamer Havit HV-H2232D Ref 0108230","date":"28 de agosto de 2021","format":false,"excerpt":"2 Jack 35mm + USB Iluminacion RGB Aislamiento de sonido Micr\u00f3fono escualizable Control de volumen en auricular","rel":"","context":"Entrada similar","img":{"alt_text":"","src":"https:\/\/i2.wp.com\/garrcorpcomputer.com\/wp-content\/uploads\/2021\/08\/diadema-13.png?fit=312%2C431&ssl=1&resize=350%2C200","width":350,"height":200},"classes":[]},{"id":4247,"url":"https:\/\/garrcorpcomputer.com\/index.php\/producto\/diadema-gamer-havit-hv-h2032d-ref-0108313\/","url_meta":{"origin":724,"position":1},"title":"Diadema Gamer Havit HV-H2032D Ref 0108313","date":"28 de agosto de 2021","format":false,"excerpt":"Tipo de conexi\u00f3n: Al\u00e1mbrico Jack 3.5mm X2 1 Jack para audio 1 jack para micr\u00f3fono USB para luces Led Plug and play Dimensiones cable: 2.0m Cable encauchetado","rel":"","context":"Entrada similar","img":{"alt_text":"","src":"https:\/\/i2.wp.com\/garrcorpcomputer.com\/wp-content\/uploads\/2021\/08\/diadema-16.png?fit=367%2C483&ssl=1&resize=350%2C200","width":350,"height":200},"classes":[]},{"id":689,"url":"https:\/\/garrcorpcomputer.com\/index.php\/producto\/mouse-usb-gamer-tech-gt3-ref-10892\/","url_meta":{"origin":724,"position":2},"title":"MOUSE USB GAMER TECH GT3 Ref 10892","date":"12 de agosto de 2021","format":false,"excerpt":"3200 DPI 6 botones Led RGB","rel":"","context":"Entrada similar","img":{"alt_text":"","src":"https:\/\/i0.wp.com\/garrcorpcomputer.com\/wp-content\/uploads\/2021\/08\/mouse-1059.png?fit=559%2C534&ssl=1&resize=350%2C200","width":350,"height":200},"classes":[]},{"id":4332,"url":"https:\/\/garrcorpcomputer.com\/index.php\/producto\/combo-mouse-n3-gamer-mouse-a30-retroiluminado-ref-2020067\/","url_meta":{"origin":724,"position":3},"title":"COMBO MOUSE N3 GAMER + MOUSE A30 RETROILUMINADO REF 2020067","date":"30 de agosto de 2021","format":false,"excerpt":"A30 LUCES MULTICOLOR CONEXI\u00d3N USB 3 BOTONES INCLUIDO SCROLL","rel":"","context":"Entrada similar","img":{"alt_text":"","src":"https:\/\/i2.wp.com\/garrcorpcomputer.com\/wp-content\/uploads\/2021\/08\/COMBO-GAMER-8-1.png?fit=382%2C443&ssl=1&resize=350%2C200","width":350,"height":200},"classes":[]},{"id":694,"url":"https:\/\/garrcorpcomputer.com\/index.php\/producto\/mouse-usb-gamer-tech-gt4-gt4-ref-10893\/","url_meta":{"origin":724,"position":4},"title":"MOUSE USBGAMER TECH GT4 REF 10893","date":"12 de agosto de 2021","format":false,"excerpt":"6 botones Mouse gamer Empaque de lujo DPI 800 \/ 1200 \/ 1600 \/ 2400 \/ 3200 Interfaz USB Retroiluminado Multicolor Efectos luces LED Filtro de ferrita","rel":"","context":"Entrada similar","img":{"alt_text":"","src":"https:\/\/i2.wp.com\/garrcorpcomputer.com\/wp-content\/uploads\/2021\/08\/mouse-1080.png?fit=800%2C600&ssl=1&resize=350%2C200","width":350,"height":200},"classes":[]},{"id":4197,"url":"https:\/\/garrcorpcomputer.com\/index.php\/producto\/diadema-gamer-metalica-rgb-havit-hv-h2018u\/","url_meta":{"origin":724,"position":5},"title":"Diadema Gamer Metalica RGB HAVIT HV-H2018U","date":"28 de agosto de 2021","format":false,"excerpt":"Cable acordonado de 2.2mt Enchufe USB 7.1 Micr\u00f3fono Control de volumen en cable","rel":"","context":"Entrada similar","img":{"alt_text":"","src":"https:\/\/i2.wp.com\/garrcorpcomputer.com\/wp-content\/uploads\/2021\/08\/diadema-6.png?fit=282%2C332&ssl=1&resize=350%2C200","width":350,"height":200},"classes":[]}],"jetpack_sharing_enabled":true,"_links":{"self":[{"href":"https:\/\/garrcorpcomputer.com\/index.php\/wp-json\/wp\/v2\/product\/724"}],"collection":[{"href":"https:\/\/garrcorpcomputer.com\/index.php\/wp-json\/wp\/v2\/product"}],"about":[{"href":"https:\/\/garrcorpcomputer.com\/index.php\/wp-json\/wp\/v2\/types\/product"}],"replies":[{"embeddable":true,"href":"https:\/\/garrcorpcomputer.com\/index.php\/wp-json\/wp\/v2\/comments?post=724"}],"version-history":[{"count":0,"href":"https:\/\/garrcorpcomputer.com\/index.php\/wp-json\/wp\/v2\/product\/724\/revisions"}],"wp:featuredmedia":[{"embeddable":true,"href":"https:\/\/garrcorpcomputer.com\/index.php\/wp-json\/wp\/v2\/media\/725"}],"wp:attachment":[{"href":"https:\/\/garrcorpcomputer.com\/index.php\/wp-json\/wp\/v2\/media?parent=724"}],"wp:term":[{"taxonomy":"product_cat","embeddable":true,"href":"https:\/\/garrcorpcomputer.com\/index.php\/wp-json\/wp\/v2\/product_cat?post=724"},{"taxonomy":"product_tag","embeddable":true,"href":"https:\/\/garrcorpcomputer.com\/index.php\/wp-json\/wp\/v2\/product_tag?post=724"}],"curies":[{"name":"wp","href":"https:\/\/api.w.org\/{rel}","templated":true}]}}